{"id":178,"date":"2016-02-09T13:38:34","date_gmt":"2016-02-09T11:38:34","guid":{"rendered":"http:\/\/moschatostravel.com\/?page_id=178"},"modified":"2016-02-20T12:05:38","modified_gmt":"2016-02-20T10:05:38","slug":"mariages","status":"publish","type":"page","link":"https:\/\/moschatostravel.com\/fr\/mariages\/","title":{"rendered":"Marriage"},"content":{"rendered":"<p>&nbsp;<\/p>\n<p><strong><a href=\"https:\/\/i0.wp.com\/moschatostravel.com\/fr\/wp-content\/uploads\/2016\/02\/Flowers.jpg?ssl=1\" rel=\"attachment wp-att-359\"><img data-recalc-dims=\"1\" loading=\"lazy\" decoding=\"async\" data-attachment-id=\"359\" data-permalink=\"https:\/\/moschatostravel.com\/fr\/mariages\/flowers\/\" data-orig-file=\"https:\/\/i0.wp.com\/moschatostravel.com\/fr\/wp-content\/uploads\/2016\/02\/Flowers.jpg?fit=800%2C532&amp;ssl=1\" data-orig-size=\"800,532\" data-comments-opened=\"0\" data-image-meta=\"{&quot;aperture&quot;:&quot;0&quot;,&quot;credit&quot;:&quot;&quot;,&quot;camera&quot;:&quot;&quot;,&quot;caption&quot;:&quot;&quot;,&quot;created_timestamp&quot;:&quot;0&quot;,&quot;copyright&quot;:&quot;&quot;,&quot;focal_length&quot;:&quot;0&quot;,&quot;iso&quot;:&quot;0&quot;,&quot;shutter_speed&quot;:&quot;0&quot;,&quot;title&quot;:&quot;&quot;,&quot;orientation&quot;:&quot;0&quot;}\" data-image-title=\"Wedding, Rhodes Island, Greece\" data-image-description=\"&lt;p&gt;Wedding, Rhodes Island, Greece&lt;\/p&gt;\n\" data-image-caption=\"&lt;p&gt;Wedding, Rhodes Island, Greece&lt;\/p&gt;\n\" data-large-file=\"https:\/\/i0.wp.com\/moschatostravel.com\/fr\/wp-content\/uploads\/2016\/02\/Flowers.jpg?fit=800%2C532&amp;ssl=1\" class=\"size-medium wp-image-359 alignleft\" src=\"https:\/\/i0.wp.com\/moschatostravel.com\/fr\/wp-content\/uploads\/2016\/02\/Flowers.jpg?resize=300%2C200&#038;ssl=1\" alt=\"Flowers\" width=\"300\" height=\"200\" srcset=\"https:\/\/i0.wp.com\/moschatostravel.com\/fr\/wp-content\/uploads\/2016\/02\/Flowers.jpg?resize=300%2C200&amp;ssl=1 300w, https:\/\/i0.wp.com\/moschatostravel.com\/fr\/wp-content\/uploads\/2016\/02\/Flowers.jpg?resize=768%2C511&amp;ssl=1 768w, https:\/\/i0.wp.com\/moschatostravel.com\/fr\/wp-content\/uploads\/2016\/02\/Flowers.jpg?resize=24%2C16&amp;ssl=1 24w, https:\/\/i0.wp.com\/moschatostravel.com\/fr\/wp-content\/uploads\/2016\/02\/Flowers.jpg?resize=36%2C24&amp;ssl=1 36w, https:\/\/i0.wp.com\/moschatostravel.com\/fr\/wp-content\/uploads\/2016\/02\/Flowers.jpg?resize=48%2C32&amp;ssl=1 48w, https:\/\/i0.wp.com\/moschatostravel.com\/fr\/wp-content\/uploads\/2016\/02\/Flowers.jpg?resize=272%2C182&amp;ssl=1 272w, https:\/\/i0.wp.com\/moschatostravel.com\/fr\/wp-content\/uploads\/2016\/02\/Flowers.jpg?w=800&amp;ssl=1 800w\" sizes=\"auto, (max-width: 300px) 100vw, 300px\" \/><\/a>Forfait de Base<\/strong><\/p>\n<p>La r\u00e9servation du lieu pour la c\u00e9r\u00e9monie<br \/>\nLa r\u00e9servation de la date et de l&#8217;heure de la c\u00e9r\u00e9monie de mariage<br \/>\nDes informations concernant tous les documents officiels<br \/>\nLa traduction de vos documents en grec (max. 3 \/ un suppl\u00e9ment est factur\u00e9 pour chaque page additionnelle)<br \/>\nUne rencontre avec votre organisateur de mariage apr\u00e8s votre arriv\u00e9e \u00e0 Rhodes<br \/>\nUne visite aux lieux de c\u00e9r\u00e9monie et\/ou de r\u00e9ception avec votre organisateur de mariage<br \/>\nTous les frais qui sont factur\u00e9s pour la c\u00e9r\u00e9monie et l&#8217;\u00e9mission du certificat de mariage<br \/>\nLa pr\u00e9sence de votre organisateur de mariage lors de la c\u00e9r\u00e9monie<br \/>\nLa fourniture de t\u00e9moins, si n\u00e9cessaire<br \/>\nLe bouquet de la mari\u00e9e et la boutonni\u00e8re du mari\u00e9<br \/>\nLa c\u00e9l\u00e9bration de la c\u00e9r\u00e9monie par un repr\u00e9sentant de la mairie (ou un pope ou un cur\u00e9\/pasteur s&#8217;il s&#8217;agit d&#8217;un mariage religieux)<br \/>\nUne bouteille de champagne grec (avec 2 verres)<br \/>\nLa traduction de votre certificat de mariage grec dans la langue de votre pays<\/p>\n<p><img data-recalc-dims=\"1\" loading=\"lazy\" decoding=\"async\" data-attachment-id=\"356\" data-permalink=\"https:\/\/moschatostravel.com\/fr\/mariages\/bed\/\" data-orig-file=\"https:\/\/i0.wp.com\/moschatostravel.com\/fr\/wp-content\/uploads\/2016\/02\/Bed.jpg?fit=800%2C405&amp;ssl=1\" data-orig-size=\"800,405\" data-comments-opened=\"0\" data-image-meta=\"{&quot;aperture&quot;:&quot;0&quot;,&quot;credit&quot;:&quot;&quot;,&quot;camera&quot;:&quot;&quot;,&quot;caption&quot;:&quot;&quot;,&quot;created_timestamp&quot;:&quot;0&quot;,&quot;copyright&quot;:&quot;&quot;,&quot;focal_length&quot;:&quot;0&quot;,&quot;iso&quot;:&quot;0&quot;,&quot;shutter_speed&quot;:&quot;0&quot;,&quot;title&quot;:&quot;&quot;,&quot;orientation&quot;:&quot;0&quot;}\" data-image-title=\"Wedding, Rhodes Island, Greece\" data-image-description=\"&lt;p&gt;Wedding, Rhodes Island, Greece&lt;\/p&gt;\n\" data-image-caption=\"&lt;p&gt;Wedding, Rhodes Island, Greece&lt;\/p&gt;\n\" data-large-file=\"https:\/\/i0.wp.com\/moschatostravel.com\/fr\/wp-content\/uploads\/2016\/02\/Bed.jpg?fit=800%2C405&amp;ssl=1\" class=\"wp-image-356 size-medium alignright\" src=\"https:\/\/i0.wp.com\/moschatostravel.com\/fr\/wp-content\/uploads\/2016\/02\/Bed.jpg?resize=300%2C152&#038;ssl=1\" alt=\"Bed\" width=\"300\" height=\"152\" srcset=\"https:\/\/i0.wp.com\/moschatostravel.com\/fr\/wp-content\/uploads\/2016\/02\/Bed.jpg?resize=300%2C152&amp;ssl=1 300w, https:\/\/i0.wp.com\/moschatostravel.com\/fr\/wp-content\/uploads\/2016\/02\/Bed.jpg?resize=768%2C389&amp;ssl=1 768w, https:\/\/i0.wp.com\/moschatostravel.com\/fr\/wp-content\/uploads\/2016\/02\/Bed.jpg?resize=24%2C12&amp;ssl=1 24w, https:\/\/i0.wp.com\/moschatostravel.com\/fr\/wp-content\/uploads\/2016\/02\/Bed.jpg?resize=36%2C18&amp;ssl=1 36w, https:\/\/i0.wp.com\/moschatostravel.com\/fr\/wp-content\/uploads\/2016\/02\/Bed.jpg?resize=48%2C24&amp;ssl=1 48w, https:\/\/i0.wp.com\/moschatostravel.com\/fr\/wp-content\/uploads\/2016\/02\/Bed.jpg?w=800&amp;ssl=1 800w\" sizes=\"auto, (max-width: 300px) 100vw, 300px\" \/>C\u00e9l\u00e9brez votre mariage sur l\u2019\u00eele ensoleill\u00e9e de Rhodes et laissez vos r\u00eaves devenir r\u00e9alit\u00e9 !<br \/>\nLa plupart des h\u00f4tels \u00e0 Rhodes offrent un traitement particulier pour les couples de jeunes mari\u00e9s. C\u2019est pourquoi vous devriez nous informer lors de votre r\u00e9servation du fait que vos vacances \u00e0 Rhodes seront votre voyage de noces.<\/p>\n<p>Mais si vous d\u00e9sirez c\u00e9l\u00e9brer<br \/>\nle &#8220;plus jour le plus important de votre vie&#8221;<br \/>\n\u00e0 Rhodes et vous marier ici, nous serons heureux<br \/>\nde tout pouvoir organiser pour vous.<\/p>\n<p>Jetez un coup d\u2019\u0153il \u00e0 notre forfait de base pour les mariages et n\u2019h\u00e9sitez pas \u00e0 nous contacter concernant tout ce dont vous pourriez encore avoir besoin pour r\u00e9aliser vos r\u00eaves (transports, fleurs, restaurant\/r\u00e9ception, maquillage,<br \/>\nphotographe, coiffeur\u2026).<\/p>\n<p>Si vous d\u00e9cidez de vous marier \u00e0 Rhodes en profitant de notre grande exp\u00e9rience, vous serez inform\u00e9s plusieurs semaines avant votre arriv\u00e9e au sujet des documents que vous devrez nous envoyer. Le jour de votre arriv\u00e9e sur l\u2019\u00eele ou le lendemain, votre organisateur de mariage vous rencontrera afin de d\u00e9cider d\u2019un rendez-vous pendant lequel seront discut\u00e9s tous les d\u00e9tails de la c\u00e9r\u00e9monie et\/ou de la r\u00e9ception.<br \/>\nLa c\u00e9r\u00e9monie est en g\u00e9n\u00e9ral c\u00e9l\u00e9br\u00e9e en anglais, \u00e0 part les serments, qui sont d\u2019abord lus en grec puis en anglais.<\/p>\n<p>Un mariage civil peut avoir lieu dans la cour de plusieurs \u00e9glises orthodoxes, \u00e0 la mairie ou dans divers autres endroits. Veuillez jeter un coup d\u2019\u0153il \u00e0 nos photos qui vous les montrent.<\/p>\n<p>La c\u00e9r\u00e9monie peut \u00eatre c\u00e9l\u00e9br\u00e9e \u00e0 l\u2019int\u00e9rieur d\u2019une \u00e9glise grecque si au moins l\u2019un des deux futurs mari\u00e9s est orthodoxe. Mais, au cas o\u00f9 vous seriez protestant ou catholique et d\u00e9siriez un mariage religieux, nous pouvons bien s\u00fbr \u00e9galement organiser un mariage dans une \u00e9glise appartenant \u00e0 votre religion.<\/p>\n<p>Les mariages c\u00e9l\u00e9br\u00e9s en Gr\u00e8ce sont soumis aux m\u00eames r\u00e8glements l\u00e9gaux que ceux des autres pays de l\u2019Union Europ\u00e9enne.<\/p>\n<p>Il est permis aux citoyens de tous les pays europ\u00e9ens de se marier en Gr\u00e8ce.<br \/>\nVoici une liste de toutes les nationalit\u00e9s pour lesquelles ceci est possible :<\/p>\n<p>Argentina \/\u00a0Australia \/\u00a0Austria \/\u00a0Belarus \/\u00a0Belgium \/\u00a0Bosnia &amp; Herzegovina \/\u00a0Brazil \/\u00a0Bulgaria \/\u00a0Canada \/\u00a0Chile \/\u00a0China \/\u00a0Croatia \/\u00a0Cyprus \/\u00a0Czech Republic \/\u00a0Denmark \/\u00a0Ecuador \/\u00a0Egypt \/\u00a0Estonia \/\u00a0Finland \/\u00a0France \/\u00a0Georgia \/\u00a0Germany \/\u00a0Greece \/\u00a0Hungary \/\u00a0Iceland \/\u00a0Ireland \/\u00a0Israel \/\u00a0Italy \/\u00a0Japan \/\u00a0Jordan \/\u00a0Korea \/\u00a0Latvia \/\u00a0Lithuania \/\u00a0 \/\u00a0Luxembourg \/\u00a0Malaysia\u00a0\/\u00a0Malta\u00a0\/\u00a0Mexico\u00a0\/\u00a0Monaco\u00a0\/\u00a0Montenegro\u00a0\/\u00a0Morocco\u00a0\/\u00a0Netherlands\u00a0\/\u00a0New Zealand\u00a0\/\u00a0Norway\u00a0\/\u00a0Panama\u00a0\/\u00a0Paraguay\u00a0\/\u00a0Peru\u00a0\/\u00a0Poland\u00a0\/\u00a0Portugal\u00a0\/\u00a0Romania\u00a0\/\u00a0Russia\u00a0\/\u00a0Serbia\u00a0\/\u00a0Slovakia\u00a0\/\u00a0Slovenia\u00a0\/\u00a0South Africa\u00a0\/\u00a0Spain\u00a0\/\u00a0Sri Lanka\u00a0\/\u00a0Suriname\u00a0\/\u00a0Sweden\u00a0\/\u00a0Switzerland\u00a0\/\u00a0Turkey\u00a0\/\u00a0Ukraine\u00a0\/\u00a0United Kingdom\u00a0\/\u00a0United States of America\u00a0\/\u00a0Uruguay\u00a0\/\u00a0Venezuela<\/p>\n","protected":false},"excerpt":{"rendered":"<p>&nbsp; Forfait de Base La r\u00e9servation du lieu pour la c\u00e9r\u00e9monie La r\u00e9servation de la date et de l&#8217;heure de la c\u00e9r\u00e9monie de mariage Des informations concernant tous les documents officiels La traduction de vos documents en grec (max. 3 \/ un suppl\u00e9ment est factur\u00e9 pour chaque page additionnelle) Une rencontre avec votre organisateur de<br \/><a class=\"moretag\" href=\"https:\/\/moschatostravel.com\/fr\/mariages\/\">+ Read More<\/a><\/p>\n","protected":false},"author":1,"featured_media":0,"parent":0,"menu_order":0,"comment_status":"closed","ping_status":"closed","template":"","meta":{"jetpack_post_was_ever_published":false,"footnotes":""},"class_list":["post-178","page","type-page","status-publish","hentry"],"jetpack_sharing_enabled":true,"jetpack_shortlink":"https:\/\/wp.me\/P7gp69-2S","jetpack-related-posts":[],"_links":{"self":[{"href":"https:\/\/moschatostravel.com\/fr\/wp-json\/wp\/v2\/pages\/178","targetHints":{"allow":["GET"]}}],"collection":[{"href":"https:\/\/moschatostravel.com\/fr\/wp-json\/wp\/v2\/pages"}],"about":[{"href":"https:\/\/moschatostravel.com\/fr\/wp-json\/wp\/v2\/types\/page"}],"author":[{"embeddable":true,"href":"https:\/\/moschatostravel.com\/fr\/wp-json\/wp\/v2\/users\/1"}],"replies":[{"embeddable":true,"href":"https:\/\/moschatostravel.com\/fr\/wp-json\/wp\/v2\/comments?post=178"}],"version-history":[{"count":10,"href":"https:\/\/moschatostravel.com\/fr\/wp-json\/wp\/v2\/pages\/178\/revisions"}],"predecessor-version":[{"id":480,"href":"https:\/\/moschatostravel.com\/fr\/wp-json\/wp\/v2\/pages\/178\/revisions\/480"}],"wp:attachment":[{"href":"https:\/\/moschatostravel.com\/fr\/wp-json\/wp\/v2\/media?parent=178"}],"curies":[{"name":"wp","href":"https:\/\/api.w.org\/{rel}","templated":true}]}}