{"id":166,"date":"2016-02-09T13:12:23","date_gmt":"2016-02-09T11:12:23","guid":{"rendered":"http:\/\/moschatostravel.com\/?page_id=166"},"modified":"2016-02-20T12:05:43","modified_gmt":"2016-02-20T10:05:43","slug":"poseidon","status":"publish","type":"page","link":"https:\/\/moschatostravel.com\/fr\/poseidon\/","title":{"rendered":"Poseidon"},"content":{"rendered":"<p><strong>1er jour<br \/>\nArriv\u00e9e \u00e0 Rhodes. Transfert \u00e0 l\u2019h\u00f4tel.<\/strong><\/p>\n<p><strong><img data-recalc-dims=\"1\" loading=\"lazy\" decoding=\"async\" data-attachment-id=\"307\" data-permalink=\"https:\/\/moschatostravel.com\/fr\/apollon\/attachment\/88\/\" data-orig-file=\"https:\/\/i0.wp.com\/moschatostravel.com\/fr\/wp-content\/uploads\/2016\/02\/88.jpg?fit=225%2C150&amp;ssl=1\" data-orig-size=\"225,150\" data-comments-opened=\"0\" data-image-meta=\"{&quot;aperture&quot;:&quot;0&quot;,&quot;credit&quot;:&quot;&quot;,&quot;camera&quot;:&quot;&quot;,&quot;caption&quot;:&quot;&quot;,&quot;created_timestamp&quot;:&quot;0&quot;,&quot;copyright&quot;:&quot;&quot;,&quot;focal_length&quot;:&quot;0&quot;,&quot;iso&quot;:&quot;0&quot;,&quot;shutter_speed&quot;:&quot;0&quot;,&quot;title&quot;:&quot;&quot;,&quot;orientation&quot;:&quot;0&quot;}\" data-image-title=\"Rhodes Island, Greece\" data-image-description=\"&lt;p&gt;Rhodes Island, Greece&lt;\/p&gt;\n\" data-image-caption=\"&lt;p&gt;Rhodes Island, Greece&lt;\/p&gt;\n\" data-large-file=\"https:\/\/i0.wp.com\/moschatostravel.com\/fr\/wp-content\/uploads\/2016\/02\/88.jpg?fit=225%2C150&amp;ssl=1\" class=\"alignleft size-full wp-image-307\" src=\"https:\/\/i0.wp.com\/moschatostravel.com\/fr\/wp-content\/uploads\/2016\/02\/88.jpg?resize=225%2C150&#038;ssl=1\" alt=\"88\" width=\"225\" height=\"150\" srcset=\"https:\/\/i0.wp.com\/moschatostravel.com\/fr\/wp-content\/uploads\/2016\/02\/88.jpg?w=225&amp;ssl=1 225w, https:\/\/i0.wp.com\/moschatostravel.com\/fr\/wp-content\/uploads\/2016\/02\/88.jpg?resize=24%2C16&amp;ssl=1 24w, https:\/\/i0.wp.com\/moschatostravel.com\/fr\/wp-content\/uploads\/2016\/02\/88.jpg?resize=36%2C24&amp;ssl=1 36w, https:\/\/i0.wp.com\/moschatostravel.com\/fr\/wp-content\/uploads\/2016\/02\/88.jpg?resize=48%2C32&amp;ssl=1 48w\" sizes=\"auto, (max-width: 225px) 100vw, 225px\" \/>2e jour &#8211;\u00a0Tour de la ville de Rhodes, demi-journ\u00e9e (09.00 &#8211; 13.00 heures)<\/strong><br \/>\nProfitez d\u2019un tour panoramique en car dans la ville moderne et admirez la fantastique vue que l\u2019on a du plus haut point de la ville, la colline du Monte Smith, o\u00f9 vous pourrez d\u00e9couvrir \u00e9galement les vestiges de l\u2019Acropole de la ville antique, du Temple d\u2019Apollon et du Stade.<\/p>\n<p>Vous longerez ensuite les remparts de la vieille ville et pourrez jouir de superbes vues sur le port, les fortifications et l\u2019amalgame d\u2019\u00e9glises et de mosqu\u00e9es. Vous d\u00e9couvrirez \u00e0 pied la ville m\u00e9di\u00e9vale, qui a \u00e9t\u00e9 d\u00e9clar\u00e9e Membre de l\u2019H\u00e9ritage Mondial de l\u2019UNESCO, et vous aurez l\u2019impression d\u2019\u00eatre transport\u00e9s au moyen-\u00e2ge. Vous b\u00e9n\u00e9ficierez ensuite d\u2019une visite guid\u00e9e dans le Palais des Grands-Ma\u00eetres et pourrez admirer les Auberges des Chevaliers dans la c\u00e9l\u00e8bre Rue des Chevaliers, qui datent du 12e si\u00e8cle. Ces impressionnants exemples d\u2019architecture m\u00e9di\u00e9vale vous donneront la sensation de pouvoir \u00e0 tout instant faire la rencontre d\u2019un Chevalier sur son cheval\u2026Vous serez tr\u00e8s certainement charm\u00e9s par Rhodes-Ville!<\/p>\n<p><strong><img data-recalc-dims=\"1\" loading=\"lazy\" decoding=\"async\" data-attachment-id=\"303\" data-permalink=\"https:\/\/moschatostravel.com\/fr\/apollon\/attachment\/44\/\" data-orig-file=\"https:\/\/i0.wp.com\/moschatostravel.com\/fr\/wp-content\/uploads\/2016\/02\/44.jpg?fit=225%2C150&amp;ssl=1\" data-orig-size=\"225,150\" data-comments-opened=\"0\" data-image-meta=\"{&quot;aperture&quot;:&quot;0&quot;,&quot;credit&quot;:&quot;&quot;,&quot;camera&quot;:&quot;&quot;,&quot;caption&quot;:&quot;&quot;,&quot;created_timestamp&quot;:&quot;0&quot;,&quot;copyright&quot;:&quot;&quot;,&quot;focal_length&quot;:&quot;0&quot;,&quot;iso&quot;:&quot;0&quot;,&quot;shutter_speed&quot;:&quot;0&quot;,&quot;title&quot;:&quot;&quot;,&quot;orientation&quot;:&quot;0&quot;}\" data-image-title=\"Symi, Dodecansese, Greece\" data-image-description=\"&lt;p&gt;Symi, Dodecansese, Greece&lt;\/p&gt;\n\" data-image-caption=\"&lt;p&gt;Symi, Dodecansese, Greece&lt;\/p&gt;\n\" data-large-file=\"https:\/\/i0.wp.com\/moschatostravel.com\/fr\/wp-content\/uploads\/2016\/02\/44.jpg?fit=225%2C150&amp;ssl=1\" class=\"alignleft size-full wp-image-303\" src=\"https:\/\/i0.wp.com\/moschatostravel.com\/fr\/wp-content\/uploads\/2016\/02\/44.jpg?resize=225%2C150&#038;ssl=1\" alt=\"44\" width=\"225\" height=\"150\" srcset=\"https:\/\/i0.wp.com\/moschatostravel.com\/fr\/wp-content\/uploads\/2016\/02\/44.jpg?w=225&amp;ssl=1 225w, https:\/\/i0.wp.com\/moschatostravel.com\/fr\/wp-content\/uploads\/2016\/02\/44.jpg?resize=24%2C16&amp;ssl=1 24w, https:\/\/i0.wp.com\/moschatostravel.com\/fr\/wp-content\/uploads\/2016\/02\/44.jpg?resize=36%2C24&amp;ssl=1 36w, https:\/\/i0.wp.com\/moschatostravel.com\/fr\/wp-content\/uploads\/2016\/02\/44.jpg?resize=48%2C32&amp;ssl=1 48w\" sizes=\"auto, (max-width: 225px) 100vw, 225px\" \/>3e jour &#8211;\u00a0Excursion en bateau jusqu\u2019\u00e0 Symi et Panormitis (08.00 &#8211; 18.00 heures)<\/strong><br \/>\nLa petite \u00eele de Symi se situe au nord de Rhodes et est particuli\u00e8rement pittoresque. Apr\u00e8s un trajet de deux heures le long de la c\u00f4te turque, vous ferez votre premi\u00e8re rencontre avec Symi dans le superbe port d\u2019Ialos. Une petite promenade dans les \u00e9troites ruelles du village vous permettra de d\u00e9couvrir les petites maisons, toutes peintes de diverses couleurs. Symi a longtemps \u00e9t\u00e9 une \u00eele de p\u00eacheurs d\u2019\u00e9ponges. Vous aurez l\u2019occasion d\u2019acqu\u00e9rir une \u00e9ponge naturelle pour votre salle de bains.<\/p>\n<p>Le bateau vous emm\u00e8nera ensuite apr\u00e8s un trajet d\u2019environ une heure de l\u2019autre c\u00f4t\u00e9 de l\u2019\u00eele o\u00f9 se dresse le monast\u00e8re Panormitis au-dessus d\u2019une belle baie. Il est d\u00e9di\u00e9 \u00e0 l\u2019archange Michael et est un important lieu de p\u00e8lerinage pour les Grecs. Symi vous charmera et vous laissera des souvenirs inoubliables !<\/p>\n<p><strong><img data-recalc-dims=\"1\" loading=\"lazy\" decoding=\"async\" data-attachment-id=\"301\" data-permalink=\"https:\/\/moschatostravel.com\/fr\/apollon\/attachment\/22\/\" data-orig-file=\"https:\/\/i0.wp.com\/moschatostravel.com\/fr\/wp-content\/uploads\/2016\/02\/22.jpg?fit=250%2C150&amp;ssl=1\" data-orig-size=\"250,150\" data-comments-opened=\"0\" data-image-meta=\"{&quot;aperture&quot;:&quot;0&quot;,&quot;credit&quot;:&quot;&quot;,&quot;camera&quot;:&quot;&quot;,&quot;caption&quot;:&quot;&quot;,&quot;created_timestamp&quot;:&quot;0&quot;,&quot;copyright&quot;:&quot;&quot;,&quot;focal_length&quot;:&quot;0&quot;,&quot;iso&quot;:&quot;0&quot;,&quot;shutter_speed&quot;:&quot;0&quot;,&quot;title&quot;:&quot;&quot;,&quot;orientation&quot;:&quot;0&quot;}\" data-image-title=\"Lindos, Rhodes Island, Greece\" data-image-description=\"&lt;p&gt;Lindos, Rhodes Island, Greece&lt;\/p&gt;\n\" data-image-caption=\"&lt;p&gt;Lindos, Rhodes Island, Greece&lt;\/p&gt;\n\" data-large-file=\"https:\/\/i0.wp.com\/moschatostravel.com\/fr\/wp-content\/uploads\/2016\/02\/22.jpg?fit=250%2C150&amp;ssl=1\" class=\"alignleft size-full wp-image-301\" src=\"https:\/\/i0.wp.com\/moschatostravel.com\/fr\/wp-content\/uploads\/2016\/02\/22.jpg?resize=250%2C150&#038;ssl=1\" alt=\"22\" width=\"250\" height=\"150\" srcset=\"https:\/\/i0.wp.com\/moschatostravel.com\/fr\/wp-content\/uploads\/2016\/02\/22.jpg?w=250&amp;ssl=1 250w, https:\/\/i0.wp.com\/moschatostravel.com\/fr\/wp-content\/uploads\/2016\/02\/22.jpg?resize=24%2C14&amp;ssl=1 24w, https:\/\/i0.wp.com\/moschatostravel.com\/fr\/wp-content\/uploads\/2016\/02\/22.jpg?resize=36%2C22&amp;ssl=1 36w, https:\/\/i0.wp.com\/moschatostravel.com\/fr\/wp-content\/uploads\/2016\/02\/22.jpg?resize=48%2C29&amp;ssl=1 48w\" sizes=\"auto, (max-width: 250px) 100vw, 250px\" \/>4e jour &#8211;\u00a0Kallithea &#8211; Archangelos &#8211; Lindos (09.00 &#8211; 17.00 heures)<\/strong><br \/>\nCette excursion est sans aucun doute une des plus belles. Votre premier arr\u00eat se fera aux superbes bains thermaux de Kallithea qui furent construits et utilis\u00e9s par les Italiens. Le tour vous m\u00e8nera ensuite \u00e0 travers les plantations d\u2019orangers jusqu\u2019au village d\u2019Archangelos qui est rest\u00e9 tr\u00e8s traditionnel malgr\u00e9 le grand nombre de visiteurs.<\/p>\n<p>Mais votre but principal sera Lindos, o\u00f9 vous d\u00e9couvrirez les ruines de l\u2019acropole et du temple d\u2019Ath\u00e9na Lindia. La vue qui s\u2019offre de l\u00e0-haut est impressionnante. Vous verrez le petit port de St-Paul et le village blanc avec ses \u00e9troites petites ruelles en contrebas. En redescendant de l\u2019acropole, vous aurez l\u2019occasion de visiter l\u2019\u00e9glise du 13e si\u00e8cle. L\u2019int\u00e9rieur a \u00e9t\u00e9 d\u00e9cor\u00e9 de belles fresques murales. Dans l\u2019apr\u00e8s-midi, vous aurez le temps de vous promener dans le village ou de nager dans les eaux claires de la baie de Lindos.<\/p>\n<p><strong><img data-recalc-dims=\"1\" loading=\"lazy\" decoding=\"async\" data-attachment-id=\"308\" data-permalink=\"https:\/\/moschatostravel.com\/fr\/apollon\/attachment\/99\/\" data-orig-file=\"https:\/\/i0.wp.com\/moschatostravel.com\/fr\/wp-content\/uploads\/2016\/02\/99.jpg?fit=229%2C150&amp;ssl=1\" data-orig-size=\"229,150\" data-comments-opened=\"0\" data-image-meta=\"{&quot;aperture&quot;:&quot;0&quot;,&quot;credit&quot;:&quot;&quot;,&quot;camera&quot;:&quot;&quot;,&quot;caption&quot;:&quot;&quot;,&quot;created_timestamp&quot;:&quot;0&quot;,&quot;copyright&quot;:&quot;&quot;,&quot;focal_length&quot;:&quot;0&quot;,&quot;iso&quot;:&quot;0&quot;,&quot;shutter_speed&quot;:&quot;0&quot;,&quot;title&quot;:&quot;&quot;,&quot;orientation&quot;:&quot;0&quot;}\" data-image-title=\"Chalki, Dodecanese, Greece\" data-image-description=\"&lt;p&gt;Chalki, Dodecanese, Greece&lt;\/p&gt;\n\" data-image-caption=\"&lt;p&gt;Chalki, Dodecanese, Greece&lt;\/p&gt;\n\" data-large-file=\"https:\/\/i0.wp.com\/moschatostravel.com\/fr\/wp-content\/uploads\/2016\/02\/99.jpg?fit=229%2C150&amp;ssl=1\" class=\"alignleft size-full wp-image-308\" src=\"https:\/\/i0.wp.com\/moschatostravel.com\/fr\/wp-content\/uploads\/2016\/02\/99.jpg?resize=229%2C150&#038;ssl=1\" alt=\"99\" width=\"229\" height=\"150\" srcset=\"https:\/\/i0.wp.com\/moschatostravel.com\/fr\/wp-content\/uploads\/2016\/02\/99.jpg?w=229&amp;ssl=1 229w, https:\/\/i0.wp.com\/moschatostravel.com\/fr\/wp-content\/uploads\/2016\/02\/99.jpg?resize=24%2C16&amp;ssl=1 24w, https:\/\/i0.wp.com\/moschatostravel.com\/fr\/wp-content\/uploads\/2016\/02\/99.jpg?resize=36%2C24&amp;ssl=1 36w, https:\/\/i0.wp.com\/moschatostravel.com\/fr\/wp-content\/uploads\/2016\/02\/99.jpg?resize=48%2C31&amp;ssl=1 48w\" sizes=\"auto, (max-width: 229px) 100vw, 229px\" \/>5e jour &#8211;\u00a0Excursion en bateau \u00e0 l\u2019\u00eele de Chalki (08.00 &#8211; 18.00 heures)<\/strong><br \/>\nChalki se situe \u00e0 environ 35 miles de Rhodes et n\u2019est heureusement pas encore envahie par les touristes. Les quelques inhabitants de l\u2019\u00eele vivent encore de la p\u00eache et de la p\u00eache aux \u00e9ponges. Vous trouverez dans le village principal appel\u00e9 Nimborio et qui grimpe la colline l\u2019\u00e9glise Agios Nicolaos et son beau campanile.<\/p>\n<p>\u00c0 Chalki, plus pr\u00e9cis\u00e9ment dans le village de Chorio, qui se trouve \u00e0 environ une demi-heure \u00e0 pied du port, se dressent aussi les ruines d\u2019une forteresse m\u00e9di\u00e9vale et un monast\u00e8re. Le jour de c\u00e9l\u00e9bration du monast\u00e8re (&#8220;Monast\u00e8re de la Croix&#8221;) est tous les ans le 14 septembre. Chalki \u00e9tait d\u00e9j\u00e0 r\u00e9put\u00e9e dans l\u2019Antiquit\u00e9 car elle frappait sa propre monnaie. En 1983, elle fut officiellement d\u00e9clar\u00e9e &#8220;Ile de la Paix et de l\u2019Amiti\u00e9 entre les jeunes du monde entier&#8221;.<\/p>\n<p><strong><img data-recalc-dims=\"1\" loading=\"lazy\" decoding=\"async\" data-attachment-id=\"300\" data-permalink=\"https:\/\/moschatostravel.com\/fr\/apollon\/attachment\/11\/\" data-orig-file=\"https:\/\/i0.wp.com\/moschatostravel.com\/fr\/wp-content\/uploads\/2016\/02\/11.jpg?fit=236%2C150&amp;ssl=1\" data-orig-size=\"236,150\" data-comments-opened=\"0\" data-image-meta=\"{&quot;aperture&quot;:&quot;0&quot;,&quot;credit&quot;:&quot;&quot;,&quot;camera&quot;:&quot;&quot;,&quot;caption&quot;:&quot;&quot;,&quot;created_timestamp&quot;:&quot;0&quot;,&quot;copyright&quot;:&quot;&quot;,&quot;focal_length&quot;:&quot;0&quot;,&quot;iso&quot;:&quot;0&quot;,&quot;shutter_speed&quot;:&quot;0&quot;,&quot;title&quot;:&quot;&quot;,&quot;orientation&quot;:&quot;0&quot;}\" data-image-title=\"Butterfly Valley, Rhodes, Greece\" data-image-description=\"&lt;p&gt;Butterfly Valley, Rhodes, Greece&lt;\/p&gt;\n\" data-image-caption=\"&lt;p&gt;Butterfly Valley, Rhodes, Greece&lt;\/p&gt;\n\" data-large-file=\"https:\/\/i0.wp.com\/moschatostravel.com\/fr\/wp-content\/uploads\/2016\/02\/11.jpg?fit=236%2C150&amp;ssl=1\" class=\"alignleft size-full wp-image-300\" src=\"https:\/\/i0.wp.com\/moschatostravel.com\/fr\/wp-content\/uploads\/2016\/02\/11.jpg?resize=236%2C150&#038;ssl=1\" alt=\"11\" width=\"236\" height=\"150\" srcset=\"https:\/\/i0.wp.com\/moschatostravel.com\/fr\/wp-content\/uploads\/2016\/02\/11.jpg?w=236&amp;ssl=1 236w, https:\/\/i0.wp.com\/moschatostravel.com\/fr\/wp-content\/uploads\/2016\/02\/11.jpg?resize=24%2C15&amp;ssl=1 24w, https:\/\/i0.wp.com\/moschatostravel.com\/fr\/wp-content\/uploads\/2016\/02\/11.jpg?resize=36%2C23&amp;ssl=1 36w, https:\/\/i0.wp.com\/moschatostravel.com\/fr\/wp-content\/uploads\/2016\/02\/11.jpg?resize=48%2C31&amp;ssl=1 48w\" sizes=\"auto, (max-width: 236px) 100vw, 236px\" \/>6e jour &#8211;\u00a0Filerimos &#8211; Kamiros \u2013 Vall\u00e9e des Papillons, demi-journ\u00e9e (09.00 &#8211; 13.00 heures)<\/strong><br \/>\nApr\u00e8s un trajet le long de la c\u00f4te ouest, vous arriverez finalement au village d\u2019Ialyssos (Trianta) et sur la colline de Filerimos, o\u00f9 vous d\u00e9couvrirez les ruines de l\u2019antique acropole d\u2019Ialyssos et le monast\u00e8re. Vous devriez suivre le &#8220;Chemin de Croix&#8221; \u00e0 l\u2019ombre des hauts arbres jusqu\u2019\u00e0 la grande croix blanche de l\u2019autre c\u00f4t\u00e9 de la colline, d\u2019o\u00f9 vous pourrez admirer la superbe vue sur la plaine de Trianta et l\u2019a\u00e9roport.<\/p>\n<p>Vous serez ensuite impressionn\u00e9s par la Vall\u00e9e des Papillons, une belle et verte vall\u00e9e au milieu de la for\u00eat, qui est travers\u00e9e par des ruisseaux et des ponts de bois. De juillet \u00e0 septembre, elle est peupl\u00e9e de milliers de papillons. Mais toute l\u2019ann\u00e9e ce site naturel est envelopp\u00e9 d\u2019une atmosph\u00e8re magique.<\/p>\n<p>L\u2019antique cit\u00e9 de Kamiros est un important site arch\u00e9ologique de la Gr\u00e8ce, o\u00f9 vous trouverez des ruines de b\u00e2timents et monuments de la p\u00e9riode hell\u00e9nistique.<\/p>\n<p><img data-recalc-dims=\"1\" loading=\"lazy\" decoding=\"async\" data-attachment-id=\"309\" data-permalink=\"https:\/\/moschatostravel.com\/fr\/apollon\/kos-01\/\" data-orig-file=\"https:\/\/i0.wp.com\/moschatostravel.com\/fr\/wp-content\/uploads\/2016\/02\/Kos-01.jpg?fit=400%2C267&amp;ssl=1\" data-orig-size=\"400,267\" data-comments-opened=\"0\" data-image-meta=\"{&quot;aperture&quot;:&quot;0&quot;,&quot;credit&quot;:&quot;&quot;,&quot;camera&quot;:&quot;&quot;,&quot;caption&quot;:&quot;&quot;,&quot;created_timestamp&quot;:&quot;0&quot;,&quot;copyright&quot;:&quot;&quot;,&quot;focal_length&quot;:&quot;0&quot;,&quot;iso&quot;:&quot;0&quot;,&quot;shutter_speed&quot;:&quot;0&quot;,&quot;title&quot;:&quot;&quot;,&quot;orientation&quot;:&quot;0&quot;}\" data-image-title=\"Kos, Dodecanese, Greece\" data-image-description=\"&lt;p&gt;Kos, Dodecanese, Greece&lt;\/p&gt;\n\" data-image-caption=\"&lt;p&gt;Kos, Dodecanese, Greece&lt;\/p&gt;\n\" data-large-file=\"https:\/\/i0.wp.com\/moschatostravel.com\/fr\/wp-content\/uploads\/2016\/02\/Kos-01.jpg?fit=400%2C267&amp;ssl=1\" class=\"alignleft wp-image-309\" src=\"https:\/\/i0.wp.com\/moschatostravel.com\/fr\/wp-content\/uploads\/2016\/02\/Kos-01.jpg?resize=229%2C153&#038;ssl=1\" alt=\"Kos-01\" width=\"229\" height=\"153\" srcset=\"https:\/\/i0.wp.com\/moschatostravel.com\/fr\/wp-content\/uploads\/2016\/02\/Kos-01.jpg?w=400&amp;ssl=1 400w, https:\/\/i0.wp.com\/moschatostravel.com\/fr\/wp-content\/uploads\/2016\/02\/Kos-01.jpg?resize=300%2C200&amp;ssl=1 300w, https:\/\/i0.wp.com\/moschatostravel.com\/fr\/wp-content\/uploads\/2016\/02\/Kos-01.jpg?resize=24%2C16&amp;ssl=1 24w, https:\/\/i0.wp.com\/moschatostravel.com\/fr\/wp-content\/uploads\/2016\/02\/Kos-01.jpg?resize=36%2C24&amp;ssl=1 36w, https:\/\/i0.wp.com\/moschatostravel.com\/fr\/wp-content\/uploads\/2016\/02\/Kos-01.jpg?resize=48%2C32&amp;ssl=1 48w, https:\/\/i0.wp.com\/moschatostravel.com\/fr\/wp-content\/uploads\/2016\/02\/Kos-01.jpg?resize=272%2C182&amp;ssl=1 272w\" sizes=\"auto, (max-width: 229px) 100vw, 229px\" \/><strong>7e jour &#8211;\u00a0Cos (07.30 &#8211; 18.00 heures)<\/strong><br \/>\nCos est une tr\u00e8s belle \u00eele o\u00f9 l\u2019on trouve de nombreux vestiges de la p\u00e9riode antique et du moyen-\u00e2ge.<br \/>\nL\u2019excursion vous permettra principalement de d\u00e9couvrir la ville de Cos. Ne manquez pas le c\u00e9l\u00e8bre platane d\u2019Hippocrate au port et la forteresse des Chevaliers de Saint-Jean et profitez d\u2019une promenade dans la vieille ville.<\/p>\n<p>L\u2019\u00eele \u00e9tait la patrie d\u2019Hippocrate. Le m\u00e9decin et fondateur de la science m\u00e9dicale moderne v\u00e9n\u00e9rait Ascl\u00e9pios, le dieu de la m\u00e9decine. De nos jours, l\u2019antique centre th\u00e9rapeutique d\u2019Ascl\u00e9pio peut toujours \u00eatre visit\u00e9 et vous impressionnera.<\/p>\n<p><strong>8e jour<\/strong><br \/>\nVol de retour. Transfert de l\u2019h\u00f4tel \u00e0 l\u2019a\u00e9roport.[:gr]<\/p>\n<p style=\"text-align: justify;\">\n","protected":false},"excerpt":{"rendered":"<p>1er jour Arriv\u00e9e \u00e0 Rhodes. Transfert \u00e0 l\u2019h\u00f4tel. 2e jour &#8211;\u00a0Tour de la ville de Rhodes, demi-journ\u00e9e (09.00 &#8211; 13.00 heures) Profitez d\u2019un tour panoramique en car dans la ville moderne et admirez la fantastique vue que l\u2019on a du plus haut point de la ville, la colline du Monte Smith, o\u00f9 vous pourrez d\u00e9couvrir<br \/><a class=\"moretag\" href=\"https:\/\/moschatostravel.com\/fr\/poseidon\/\">+ Read More<\/a><\/p>\n","protected":false},"author":1,"featured_media":277,"parent":0,"menu_order":0,"comment_status":"closed","ping_status":"closed","template":"","meta":{"jetpack_post_was_ever_published":false,"footnotes":""},"class_list":["post-166","page","type-page","status-publish","has-post-thumbnail","hentry"],"jetpack_sharing_enabled":true,"jetpack_shortlink":"https:\/\/wp.me\/P7gp69-2G","jetpack-related-posts":[],"_links":{"self":[{"href":"https:\/\/moschatostravel.com\/fr\/wp-json\/wp\/v2\/pages\/166","targetHints":{"allow":["GET"]}}],"collection":[{"href":"https:\/\/moschatostravel.com\/fr\/wp-json\/wp\/v2\/pages"}],"about":[{"href":"https:\/\/moschatostravel.com\/fr\/wp-json\/wp\/v2\/types\/page"}],"author":[{"embeddable":true,"href":"https:\/\/moschatostravel.com\/fr\/wp-json\/wp\/v2\/users\/1"}],"replies":[{"embeddable":true,"href":"https:\/\/moschatostravel.com\/fr\/wp-json\/wp\/v2\/comments?post=166"}],"version-history":[{"count":12,"href":"https:\/\/moschatostravel.com\/fr\/wp-json\/wp\/v2\/pages\/166\/revisions"}],"predecessor-version":[{"id":481,"href":"https:\/\/moschatostravel.com\/fr\/wp-json\/wp\/v2\/pages\/166\/revisions\/481"}],"wp:featuredmedia":[{"embeddable":true,"href":"https:\/\/moschatostravel.com\/fr\/wp-json\/wp\/v2\/media\/277"}],"wp:attachment":[{"href":"https:\/\/moschatostravel.com\/fr\/wp-json\/wp\/v2\/media?parent=166"}],"curies":[{"name":"wp","href":"https:\/\/api.w.org\/{rel}","templated":true}]}}