{"id":164,"date":"2016-02-09T12:59:44","date_gmt":"2016-02-09T10:59:44","guid":{"rendered":"http:\/\/moschatostravel.com\/?page_id=164"},"modified":"2016-02-20T12:05:53","modified_gmt":"2016-02-20T10:05:53","slug":"zeus","status":"publish","type":"page","link":"https:\/\/moschatostravel.com\/fr\/zeus\/","title":{"rendered":"Zeus"},"content":{"rendered":"<p>&nbsp;<\/p>\n<p style=\"text-align: justify;\"><strong>1er jour\u00a0Arriv\u00e9e \u00e0 Rhodes.<br \/>\n<\/strong>Transfert \u00e0 l\u2019h\u00f4tel.<\/p>\n<p style=\"text-align: justify;\"><strong><img data-recalc-dims=\"1\" loading=\"lazy\" decoding=\"async\" data-attachment-id=\"307\" data-permalink=\"https:\/\/moschatostravel.com\/fr\/apollon\/attachment\/88\/\" data-orig-file=\"https:\/\/i0.wp.com\/moschatostravel.com\/fr\/wp-content\/uploads\/2016\/02\/88.jpg?fit=225%2C150&amp;ssl=1\" data-orig-size=\"225,150\" data-comments-opened=\"0\" data-image-meta=\"{&quot;aperture&quot;:&quot;0&quot;,&quot;credit&quot;:&quot;&quot;,&quot;camera&quot;:&quot;&quot;,&quot;caption&quot;:&quot;&quot;,&quot;created_timestamp&quot;:&quot;0&quot;,&quot;copyright&quot;:&quot;&quot;,&quot;focal_length&quot;:&quot;0&quot;,&quot;iso&quot;:&quot;0&quot;,&quot;shutter_speed&quot;:&quot;0&quot;,&quot;title&quot;:&quot;&quot;,&quot;orientation&quot;:&quot;0&quot;}\" data-image-title=\"Rhodes Island, Greece\" data-image-description=\"&lt;p&gt;Rhodes Island, Greece&lt;\/p&gt;\n\" data-image-caption=\"&lt;p&gt;Rhodes Island, Greece&lt;\/p&gt;\n\" data-large-file=\"https:\/\/i0.wp.com\/moschatostravel.com\/fr\/wp-content\/uploads\/2016\/02\/88.jpg?fit=225%2C150&amp;ssl=1\" class=\"alignleft size-full wp-image-307\" src=\"https:\/\/i0.wp.com\/moschatostravel.com\/fr\/wp-content\/uploads\/2016\/02\/88.jpg?resize=225%2C150&#038;ssl=1\" alt=\"88\" width=\"225\" height=\"150\" srcset=\"https:\/\/i0.wp.com\/moschatostravel.com\/fr\/wp-content\/uploads\/2016\/02\/88.jpg?w=225&amp;ssl=1 225w, https:\/\/i0.wp.com\/moschatostravel.com\/fr\/wp-content\/uploads\/2016\/02\/88.jpg?resize=24%2C16&amp;ssl=1 24w, https:\/\/i0.wp.com\/moschatostravel.com\/fr\/wp-content\/uploads\/2016\/02\/88.jpg?resize=36%2C24&amp;ssl=1 36w, https:\/\/i0.wp.com\/moschatostravel.com\/fr\/wp-content\/uploads\/2016\/02\/88.jpg?resize=48%2C32&amp;ssl=1 48w\" sizes=\"auto, (max-width: 225px) 100vw, 225px\" \/>2e jour\u00a0<\/strong><strong>Tour de la ville de Rhodes, demi-journ\u00e9e (09.00 &#8211; 13.00 heures)<\/strong><br \/>\nProfitez d\u2019un tour panoramique en car dans la ville moderne et admirez la fantastique vue que l\u2019on a du plus haut point de la ville, la colline du Monte Smith, o\u00f9 vous pourrez d\u00e9couvrir \u00e9galement les vestiges de l\u2019Acropole de la ville antique, du Temple d\u2019Apollon et du Stade.<\/p>\n<p style=\"text-align: justify;\">Vous longerez ensuite les remparts de la vieille ville et pourrez jouir de superbes vues sur le port, les fortifications et l\u2019amalgame d\u2019\u00e9glises et de mosqu\u00e9es. Vous d\u00e9couvrirez \u00e0 pied la ville m\u00e9di\u00e9vale, qui a \u00e9t\u00e9 d\u00e9clar\u00e9e Membre de l\u2019H\u00e9ritage Mondial de l\u2019UNESCO, et vous aurez l\u2019impression d\u2019\u00eatre transport\u00e9s au moyen-\u00e2ge. Vous b\u00e9n\u00e9ficierez ensuite d\u2019une visite guid\u00e9e dans le Palais des Grands-Ma\u00eetres et pourrez admirer les Auberges des Chevaliers dans la c\u00e9l\u00e8bre Rue des Chevaliers, qui datent du 12e si\u00e8cle. Ces impressionnants exemples d\u2019architecture m\u00e9di\u00e9vale vous donneront la sensation de pouvoir \u00e0 tout instant faire la rencontre d\u2019un Chevalier sur son cheval\u2026 Vous serez tr\u00e8s certainement charm\u00e9s par Rhodes-Ville!<\/p>\n<div><strong>3e jour \u00a0&#8211;\u00a0JOURNEE LIBRE\u00a0<\/strong><\/div>\n<p style=\"text-align: justify;\"><strong><img data-recalc-dims=\"1\" loading=\"lazy\" decoding=\"async\" data-attachment-id=\"301\" data-permalink=\"https:\/\/moschatostravel.com\/fr\/apollon\/attachment\/22\/\" data-orig-file=\"https:\/\/i0.wp.com\/moschatostravel.com\/fr\/wp-content\/uploads\/2016\/02\/22.jpg?fit=250%2C150&amp;ssl=1\" data-orig-size=\"250,150\" data-comments-opened=\"0\" data-image-meta=\"{&quot;aperture&quot;:&quot;0&quot;,&quot;credit&quot;:&quot;&quot;,&quot;camera&quot;:&quot;&quot;,&quot;caption&quot;:&quot;&quot;,&quot;created_timestamp&quot;:&quot;0&quot;,&quot;copyright&quot;:&quot;&quot;,&quot;focal_length&quot;:&quot;0&quot;,&quot;iso&quot;:&quot;0&quot;,&quot;shutter_speed&quot;:&quot;0&quot;,&quot;title&quot;:&quot;&quot;,&quot;orientation&quot;:&quot;0&quot;}\" data-image-title=\"Lindos, Rhodes Island, Greece\" data-image-description=\"&lt;p&gt;Lindos, Rhodes Island, Greece&lt;\/p&gt;\n\" data-image-caption=\"&lt;p&gt;Lindos, Rhodes Island, Greece&lt;\/p&gt;\n\" data-large-file=\"https:\/\/i0.wp.com\/moschatostravel.com\/fr\/wp-content\/uploads\/2016\/02\/22.jpg?fit=250%2C150&amp;ssl=1\" class=\"alignleft size-full wp-image-301\" src=\"https:\/\/i0.wp.com\/moschatostravel.com\/fr\/wp-content\/uploads\/2016\/02\/22.jpg?resize=250%2C150&#038;ssl=1\" alt=\"22\" width=\"250\" height=\"150\" srcset=\"https:\/\/i0.wp.com\/moschatostravel.com\/fr\/wp-content\/uploads\/2016\/02\/22.jpg?w=250&amp;ssl=1 250w, https:\/\/i0.wp.com\/moschatostravel.com\/fr\/wp-content\/uploads\/2016\/02\/22.jpg?resize=24%2C14&amp;ssl=1 24w, https:\/\/i0.wp.com\/moschatostravel.com\/fr\/wp-content\/uploads\/2016\/02\/22.jpg?resize=36%2C22&amp;ssl=1 36w, https:\/\/i0.wp.com\/moschatostravel.com\/fr\/wp-content\/uploads\/2016\/02\/22.jpg?resize=48%2C29&amp;ssl=1 48w\" sizes=\"auto, (max-width: 250px) 100vw, 250px\" \/>4e jour\u00a0Archangelos &#8211; Lindos (09.00 &#8211; 17.00 heures)<\/strong><br \/>\nLe tour d\u2019aujourd\u2019hui vous m\u00e8nera le long de la c\u00f4te orientale et est sans aucun doute un point culminant dans un programme d\u2019excursions. Vous traverserez des plantations d\u2019orangers jusqu\u2019au village d\u2019Archangelos, qui est rest\u00e9 tr\u00e8s traditionnel malgr\u00e9 son grand nombre de visiteurs.<\/p>\n<p style=\"text-align: justify;\">Mais votre but principal sera Lindos, o\u00f9 vous d\u00e9couvrirez les ruines de l\u2019acropole et du temple d\u2019Ath\u00e9na Lindia. La vue qui s\u2019offre de l\u00e0-haut est impressionnante. Vous verrez le petit port de St-Paul et le village blanc avec ses \u00e9troites petites ruelles en contrebas. En redescendant de l\u2019acropole, vous aurez l\u2019occasion de visiter l\u2019\u00e9glise du 13e si\u00e8cle. L\u2019int\u00e9rieur a \u00e9t\u00e9 d\u00e9cor\u00e9 de belles fresques murales. Dans l\u2019apr\u00e8s-midi, vous aurez le temps de vous promener dans le village ou de nager dans les eaux claires de la baie de Lindos.<\/p>\n<p style=\"text-align: justify;\"><strong>5e jour \u00a0&#8211;\u00a0JOURNEE LIBRE\u00a0<\/strong><\/p>\n<p style=\"text-align: justify;\"><strong><img data-recalc-dims=\"1\" loading=\"lazy\" decoding=\"async\" data-attachment-id=\"300\" data-permalink=\"https:\/\/moschatostravel.com\/fr\/apollon\/attachment\/11\/\" data-orig-file=\"https:\/\/i0.wp.com\/moschatostravel.com\/fr\/wp-content\/uploads\/2016\/02\/11.jpg?fit=236%2C150&amp;ssl=1\" data-orig-size=\"236,150\" data-comments-opened=\"0\" data-image-meta=\"{&quot;aperture&quot;:&quot;0&quot;,&quot;credit&quot;:&quot;&quot;,&quot;camera&quot;:&quot;&quot;,&quot;caption&quot;:&quot;&quot;,&quot;created_timestamp&quot;:&quot;0&quot;,&quot;copyright&quot;:&quot;&quot;,&quot;focal_length&quot;:&quot;0&quot;,&quot;iso&quot;:&quot;0&quot;,&quot;shutter_speed&quot;:&quot;0&quot;,&quot;title&quot;:&quot;&quot;,&quot;orientation&quot;:&quot;0&quot;}\" data-image-title=\"Butterfly Valley, Rhodes, Greece\" data-image-description=\"&lt;p&gt;Butterfly Valley, Rhodes, Greece&lt;\/p&gt;\n\" data-image-caption=\"&lt;p&gt;Butterfly Valley, Rhodes, Greece&lt;\/p&gt;\n\" data-large-file=\"https:\/\/i0.wp.com\/moschatostravel.com\/fr\/wp-content\/uploads\/2016\/02\/11.jpg?fit=236%2C150&amp;ssl=1\" class=\"alignleft size-full wp-image-300\" src=\"https:\/\/i0.wp.com\/moschatostravel.com\/fr\/wp-content\/uploads\/2016\/02\/11.jpg?resize=236%2C150&#038;ssl=1\" alt=\"11\" width=\"236\" height=\"150\" srcset=\"https:\/\/i0.wp.com\/moschatostravel.com\/fr\/wp-content\/uploads\/2016\/02\/11.jpg?w=236&amp;ssl=1 236w, https:\/\/i0.wp.com\/moschatostravel.com\/fr\/wp-content\/uploads\/2016\/02\/11.jpg?resize=24%2C15&amp;ssl=1 24w, https:\/\/i0.wp.com\/moschatostravel.com\/fr\/wp-content\/uploads\/2016\/02\/11.jpg?resize=36%2C23&amp;ssl=1 36w, https:\/\/i0.wp.com\/moschatostravel.com\/fr\/wp-content\/uploads\/2016\/02\/11.jpg?resize=48%2C31&amp;ssl=1 48w\" sizes=\"auto, (max-width: 236px) 100vw, 236px\" \/>6e jour\u00a0Filerimos &#8211; Kamiros \u2013 Vall\u00e9e des Papillons, demi-journ\u00e9e (09.00 &#8211; 13.00 heures)<\/strong><br \/>\nApr\u00e8s un trajet le long de la c\u00f4te ouest, vous arriverez finalement au village d\u2019Ialyssos (Trianta) et sur la colline de Filerimos, o\u00f9 vous d\u00e9couvrirez les ruines de l\u2019antique acropole d\u2019Ialyssos et le monast\u00e8re. Vous devriez suivre le &#8220;Chemin de Croix&#8221; \u00e0 l\u2019ombre des hauts arbres jusqu\u2019\u00e0 la grande croix blanche de l\u2019autre c\u00f4t\u00e9 de la colline, d\u2019o\u00f9 vous pourrez admirer la superbe vue sur la plaine de Trianta et l\u2019a\u00e9roport.<\/p>\n<p style=\"text-align: justify;\">Vous serez ensuite impressionn\u00e9s par la Vall\u00e9e des Papillons, une belle et verte vall\u00e9e au milieu de la for\u00eat, qui est travers\u00e9e par des ruisseaux et des ponts de bois. De juillet \u00e0 septembre, elle est peupl\u00e9e de milliers de papillons. Mais toute l\u2019ann\u00e9e ce site naturel est envelopp\u00e9 d\u2019une atmosph\u00e8re magique. L\u2019antique cit\u00e9 de Kamiros est un important site arch\u00e9ologique de la Gr\u00e8ce, o\u00f9 vous trouverez des ruines de b\u00e2timents et monuments de la p\u00e9riode hell\u00e9nistique.<\/p>\n<p style=\"text-align: justify;\"><strong><img data-recalc-dims=\"1\" loading=\"lazy\" decoding=\"async\" data-attachment-id=\"302\" data-permalink=\"https:\/\/moschatostravel.com\/fr\/apollon\/attachment\/33\/\" data-orig-file=\"https:\/\/i0.wp.com\/moschatostravel.com\/fr\/wp-content\/uploads\/2016\/02\/33.jpg?fit=224%2C150&amp;ssl=1\" data-orig-size=\"224,150\" data-comments-opened=\"0\" data-image-meta=\"{&quot;aperture&quot;:&quot;0&quot;,&quot;credit&quot;:&quot;&quot;,&quot;camera&quot;:&quot;&quot;,&quot;caption&quot;:&quot;&quot;,&quot;created_timestamp&quot;:&quot;0&quot;,&quot;copyright&quot;:&quot;(c) 2007, Peter MarshALL&quot;,&quot;focal_length&quot;:&quot;0&quot;,&quot;iso&quot;:&quot;0&quot;,&quot;shutter_speed&quot;:&quot;0&quot;,&quot;title&quot;:&quot;&quot;,&quot;orientation&quot;:&quot;0&quot;}\" data-image-title=\"Greek Dancers, Rhodes Island, Greece\" data-image-description=\"&lt;p&gt;Greek Dancers, Rhodes Island, Greece&lt;\/p&gt;\n\" data-image-caption=\"&lt;p&gt;Greek Dancers, Rhodes Island, Greece&lt;\/p&gt;\n\" data-large-file=\"https:\/\/i0.wp.com\/moschatostravel.com\/fr\/wp-content\/uploads\/2016\/02\/33.jpg?fit=224%2C150&amp;ssl=1\" class=\"alignleft size-full wp-image-302\" src=\"https:\/\/i0.wp.com\/moschatostravel.com\/fr\/wp-content\/uploads\/2016\/02\/33.jpg?resize=224%2C150&#038;ssl=1\" alt=\"33\" width=\"224\" height=\"150\" srcset=\"https:\/\/i0.wp.com\/moschatostravel.com\/fr\/wp-content\/uploads\/2016\/02\/33.jpg?w=224&amp;ssl=1 224w, https:\/\/i0.wp.com\/moschatostravel.com\/fr\/wp-content\/uploads\/2016\/02\/33.jpg?resize=24%2C16&amp;ssl=1 24w, https:\/\/i0.wp.com\/moschatostravel.com\/fr\/wp-content\/uploads\/2016\/02\/33.jpg?resize=36%2C24&amp;ssl=1 36w, https:\/\/i0.wp.com\/moschatostravel.com\/fr\/wp-content\/uploads\/2016\/02\/33.jpg?resize=48%2C32&amp;ssl=1 48w\" sizes=\"auto, (max-width: 224px) 100vw, 224px\" \/>7e jour<\/strong><br \/>\nMatin et apr\u00e8s-midi libres.<br \/>\nLe soir, excursion \u00e0 Pastida ou Afantou (18.00 &#8211; 22.30 heures)<br \/>\nL\u2019excursion commence \u00e0 environ 18.00 heures et vous emm\u00e8ne dans le village de Pastida ou Afantou, o\u00f9 vous aurez l\u2019occasion de jeter un coup d\u2019\u0153il aux maisons grecques traditionnelles et \u00e0 l\u2019\u00e9glise.<br \/>\nProfitez ensuite d\u2019un bon d\u00eener grec avec une quantit\u00e9 illimit\u00e9e de vin local (rouge ou blanc). Pendant le repas, un groupe folklorique vous pr\u00e9sentera quelques danses traditionnelles et vous invitera \u00e0 participer \u00e0 la danse nomm\u00e9e &#8220;sirtaki&#8221;. Vous appr\u00e9cierez ce divertissement \u00e0 la grecque !<\/p>\n<p style=\"text-align: justify;\"><strong>8e jour\u00a0Vol de retour.<\/strong><br \/>\nTransfert de l\u2019h\u00f4tel \u00e0 l\u2019a\u00e9roport.<\/p>\n<p>&nbsp;<\/p>\n","protected":false},"excerpt":{"rendered":"<p>&nbsp; 1er jour\u00a0Arriv\u00e9e \u00e0 Rhodes. Transfert \u00e0 l\u2019h\u00f4tel. 2e jour\u00a0Tour de la ville de Rhodes, demi-journ\u00e9e (09.00 &#8211; 13.00 heures) Profitez d\u2019un tour panoramique en car dans la ville moderne et admirez la fantastique vue que l\u2019on a du plus haut point de la ville, la colline du Monte Smith, o\u00f9 vous pourrez d\u00e9couvrir \u00e9galement<br \/><a class=\"moretag\" href=\"https:\/\/moschatostravel.com\/fr\/zeus\/\">+ Read More<\/a><\/p>\n","protected":false},"author":1,"featured_media":183,"parent":0,"menu_order":0,"comment_status":"closed","ping_status":"closed","template":"","meta":{"jetpack_post_was_ever_published":false,"footnotes":""},"class_list":["post-164","page","type-page","status-publish","has-post-thumbnail","hentry"],"jetpack_sharing_enabled":true,"jetpack_shortlink":"https:\/\/wp.me\/P7gp69-2E","jetpack-related-posts":[],"_links":{"self":[{"href":"https:\/\/moschatostravel.com\/fr\/wp-json\/wp\/v2\/pages\/164","targetHints":{"allow":["GET"]}}],"collection":[{"href":"https:\/\/moschatostravel.com\/fr\/wp-json\/wp\/v2\/pages"}],"about":[{"href":"https:\/\/moschatostravel.com\/fr\/wp-json\/wp\/v2\/types\/page"}],"author":[{"embeddable":true,"href":"https:\/\/moschatostravel.com\/fr\/wp-json\/wp\/v2\/users\/1"}],"replies":[{"embeddable":true,"href":"https:\/\/moschatostravel.com\/fr\/wp-json\/wp\/v2\/comments?post=164"}],"version-history":[{"count":11,"href":"https:\/\/moschatostravel.com\/fr\/wp-json\/wp\/v2\/pages\/164\/revisions"}],"predecessor-version":[{"id":483,"href":"https:\/\/moschatostravel.com\/fr\/wp-json\/wp\/v2\/pages\/164\/revisions\/483"}],"wp:featuredmedia":[{"embeddable":true,"href":"https:\/\/moschatostravel.com\/fr\/wp-json\/wp\/v2\/media\/183"}],"wp:attachment":[{"href":"https:\/\/moschatostravel.com\/fr\/wp-json\/wp\/v2\/media?parent=164"}],"curies":[{"name":"wp","href":"https:\/\/api.w.org\/{rel}","templated":true}]}}