{"id":162,"date":"2016-02-09T12:39:22","date_gmt":"2016-02-09T10:39:22","guid":{"rendered":"http:\/\/moschatostravel.com\/?page_id=162"},"modified":"2016-02-20T12:05:27","modified_gmt":"2016-02-20T10:05:27","slug":"apollon","status":"publish","type":"page","link":"https:\/\/moschatostravel.com\/fr\/apollon\/","title":{"rendered":"Apollon"},"content":{"rendered":"<p><strong>1er jour\u00a0Arriv\u00e9e \u00e0 Rhodes.<br \/>\n<\/strong>Transfert \u00e0 l\u2019h\u00f4tel.<\/p>\n<p style=\"text-align: justify;\"><strong><img data-recalc-dims=\"1\" loading=\"lazy\" decoding=\"async\" data-attachment-id=\"307\" data-permalink=\"https:\/\/moschatostravel.com\/fr\/apollon\/attachment\/88\/\" data-orig-file=\"https:\/\/i0.wp.com\/moschatostravel.com\/fr\/wp-content\/uploads\/2016\/02\/88.jpg?fit=225%2C150&amp;ssl=1\" data-orig-size=\"225,150\" data-comments-opened=\"0\" data-image-meta=\"{&quot;aperture&quot;:&quot;0&quot;,&quot;credit&quot;:&quot;&quot;,&quot;camera&quot;:&quot;&quot;,&quot;caption&quot;:&quot;&quot;,&quot;created_timestamp&quot;:&quot;0&quot;,&quot;copyright&quot;:&quot;&quot;,&quot;focal_length&quot;:&quot;0&quot;,&quot;iso&quot;:&quot;0&quot;,&quot;shutter_speed&quot;:&quot;0&quot;,&quot;title&quot;:&quot;&quot;,&quot;orientation&quot;:&quot;0&quot;}\" data-image-title=\"Rhodes Island, Greece\" data-image-description=\"&lt;p&gt;Rhodes Island, Greece&lt;\/p&gt;\n\" data-image-caption=\"&lt;p&gt;Rhodes Island, Greece&lt;\/p&gt;\n\" data-large-file=\"https:\/\/i0.wp.com\/moschatostravel.com\/fr\/wp-content\/uploads\/2016\/02\/88.jpg?fit=225%2C150&amp;ssl=1\" class=\"alignleft size-full wp-image-307\" src=\"https:\/\/i0.wp.com\/moschatostravel.com\/fr\/wp-content\/uploads\/2016\/02\/88.jpg?resize=225%2C150&#038;ssl=1\" alt=\"88\" width=\"225\" height=\"150\" srcset=\"https:\/\/i0.wp.com\/moschatostravel.com\/fr\/wp-content\/uploads\/2016\/02\/88.jpg?w=225&amp;ssl=1 225w, https:\/\/i0.wp.com\/moschatostravel.com\/fr\/wp-content\/uploads\/2016\/02\/88.jpg?resize=24%2C16&amp;ssl=1 24w, https:\/\/i0.wp.com\/moschatostravel.com\/fr\/wp-content\/uploads\/2016\/02\/88.jpg?resize=36%2C24&amp;ssl=1 36w, https:\/\/i0.wp.com\/moschatostravel.com\/fr\/wp-content\/uploads\/2016\/02\/88.jpg?resize=48%2C32&amp;ssl=1 48w\" sizes=\"auto, (max-width: 225px) 100vw, 225px\" \/>2e jour\u00a0<\/strong><strong>Tour de la ville de Rhodes, demi-journ\u00e9e (09.00 &#8211; 13.00 heures)<\/strong><br \/>\nProfitez d\u2019un tour panoramique en car dans la ville moderne et admirez la fantastique vue que l\u2019on a du plus haut point de la ville, la colline du Monte Smith, o\u00f9 vous pourrez d\u00e9couvrir \u00e9galement les vestiges de l\u2019Acropole de la ville antique, du Temple d\u2019Apollon et du Stade.<\/p>\n<p style=\"text-align: justify;\">Vous longerez ensuite les remparts de la vieille ville et pourrez jouir de superbes vues sur le port, les fortifications et l\u2019amalgame d\u2019\u00e9glises et de mosqu\u00e9es. Vous d\u00e9couvrirez \u00e0 pied la ville m\u00e9di\u00e9vale, qui a \u00e9t\u00e9 d\u00e9clar\u00e9e Membre de l\u2019H\u00e9ritage Mondial de l\u2019UNESCO, et vous aurez l\u2019impression d\u2019\u00eatre transport\u00e9s au moyen-\u00e2ge. Vous b\u00e9n\u00e9ficierez ensuite d\u2019une visite guid\u00e9e dans le Palais des Grands-Ma\u00eetres et pourrez admirer les Auberges des Chevaliers dans la c\u00e9l\u00e8bre Rue des Chevaliers, qui datent du 12e si\u00e8cle. Ces impressionnants exemples d\u2019architecture m\u00e9di\u00e9vale vous donneront la sensation de pouvoir \u00e0 tout instant faire la rencontre d\u2019un Chevalier sur son cheval\u2026 Vous serez tr\u00e8s certainement charm\u00e9s par Rhodes-Ville!<\/p>\n<p style=\"text-align: justify;\"><strong><img data-recalc-dims=\"1\" loading=\"lazy\" decoding=\"async\" data-attachment-id=\"301\" data-permalink=\"https:\/\/moschatostravel.com\/fr\/apollon\/attachment\/22\/\" data-orig-file=\"https:\/\/i0.wp.com\/moschatostravel.com\/fr\/wp-content\/uploads\/2016\/02\/22.jpg?fit=250%2C150&amp;ssl=1\" data-orig-size=\"250,150\" data-comments-opened=\"0\" data-image-meta=\"{&quot;aperture&quot;:&quot;0&quot;,&quot;credit&quot;:&quot;&quot;,&quot;camera&quot;:&quot;&quot;,&quot;caption&quot;:&quot;&quot;,&quot;created_timestamp&quot;:&quot;0&quot;,&quot;copyright&quot;:&quot;&quot;,&quot;focal_length&quot;:&quot;0&quot;,&quot;iso&quot;:&quot;0&quot;,&quot;shutter_speed&quot;:&quot;0&quot;,&quot;title&quot;:&quot;&quot;,&quot;orientation&quot;:&quot;0&quot;}\" data-image-title=\"Lindos, Rhodes Island, Greece\" data-image-description=\"&lt;p&gt;Lindos, Rhodes Island, Greece&lt;\/p&gt;\n\" data-image-caption=\"&lt;p&gt;Lindos, Rhodes Island, Greece&lt;\/p&gt;\n\" data-large-file=\"https:\/\/i0.wp.com\/moschatostravel.com\/fr\/wp-content\/uploads\/2016\/02\/22.jpg?fit=250%2C150&amp;ssl=1\" class=\"alignleft size-full wp-image-301\" src=\"https:\/\/i0.wp.com\/moschatostravel.com\/fr\/wp-content\/uploads\/2016\/02\/22.jpg?resize=250%2C150&#038;ssl=1\" alt=\"22\" width=\"250\" height=\"150\" srcset=\"https:\/\/i0.wp.com\/moschatostravel.com\/fr\/wp-content\/uploads\/2016\/02\/22.jpg?w=250&amp;ssl=1 250w, https:\/\/i0.wp.com\/moschatostravel.com\/fr\/wp-content\/uploads\/2016\/02\/22.jpg?resize=24%2C14&amp;ssl=1 24w, https:\/\/i0.wp.com\/moschatostravel.com\/fr\/wp-content\/uploads\/2016\/02\/22.jpg?resize=36%2C22&amp;ssl=1 36w, https:\/\/i0.wp.com\/moschatostravel.com\/fr\/wp-content\/uploads\/2016\/02\/22.jpg?resize=48%2C29&amp;ssl=1 48w\" sizes=\"auto, (max-width: 250px) 100vw, 250px\" \/>3e jour\u00a0Archangelos &#8211; Lindos (09.00 &#8211; 17.00 heures)<\/strong><br \/>\nLe tour d\u2019aujourd\u2019hui vous m\u00e8nera le long de la c\u00f4te orientale et est sans aucun doute un point culminant dans un programme d\u2019excursions. Vous traverserez des plantations d\u2019orangers jusqu\u2019au village d\u2019Archangelos, qui est rest\u00e9 tr\u00e8s traditionnel malgr\u00e9 son grand nombre de visiteurs.<\/p>\n<p style=\"text-align: justify;\">Mais votre but principal sera Lindos, o\u00f9 vous d\u00e9couvrirez les ruines de l\u2019acropole et du temple d\u2019Ath\u00e9na Lindia. La vue qui s\u2019offre de l\u00e0-haut est impressionnante. Vous verrez le petit port de St-Paul et le village blanc avec ses \u00e9troites petites ruelles en contrebas. En redescendant de l\u2019acropole, vous aurez l\u2019occasion de visiter l\u2019\u00e9glise du 13e si\u00e8cle. L\u2019int\u00e9rieur a \u00e9t\u00e9 d\u00e9cor\u00e9 de belles fresques murales. Dans l\u2019apr\u00e8s-midi, vous aurez le temps de vous promener dans le village ou de nager dans les eaux claires de la baie de Lindos.<\/p>\n<p style=\"text-align: justify;\"><strong><img data-recalc-dims=\"1\" loading=\"lazy\" decoding=\"async\" data-attachment-id=\"300\" data-permalink=\"https:\/\/moschatostravel.com\/fr\/apollon\/attachment\/11\/\" data-orig-file=\"https:\/\/i0.wp.com\/moschatostravel.com\/fr\/wp-content\/uploads\/2016\/02\/11.jpg?fit=236%2C150&amp;ssl=1\" data-orig-size=\"236,150\" data-comments-opened=\"0\" data-image-meta=\"{&quot;aperture&quot;:&quot;0&quot;,&quot;credit&quot;:&quot;&quot;,&quot;camera&quot;:&quot;&quot;,&quot;caption&quot;:&quot;&quot;,&quot;created_timestamp&quot;:&quot;0&quot;,&quot;copyright&quot;:&quot;&quot;,&quot;focal_length&quot;:&quot;0&quot;,&quot;iso&quot;:&quot;0&quot;,&quot;shutter_speed&quot;:&quot;0&quot;,&quot;title&quot;:&quot;&quot;,&quot;orientation&quot;:&quot;0&quot;}\" data-image-title=\"Butterfly Valley, Rhodes, Greece\" data-image-description=\"&lt;p&gt;Butterfly Valley, Rhodes, Greece&lt;\/p&gt;\n\" data-image-caption=\"&lt;p&gt;Butterfly Valley, Rhodes, Greece&lt;\/p&gt;\n\" data-large-file=\"https:\/\/i0.wp.com\/moschatostravel.com\/fr\/wp-content\/uploads\/2016\/02\/11.jpg?fit=236%2C150&amp;ssl=1\" class=\"alignleft size-full wp-image-300\" src=\"https:\/\/i0.wp.com\/moschatostravel.com\/fr\/wp-content\/uploads\/2016\/02\/11.jpg?resize=236%2C150&#038;ssl=1\" alt=\"11\" width=\"236\" height=\"150\" srcset=\"https:\/\/i0.wp.com\/moschatostravel.com\/fr\/wp-content\/uploads\/2016\/02\/11.jpg?w=236&amp;ssl=1 236w, https:\/\/i0.wp.com\/moschatostravel.com\/fr\/wp-content\/uploads\/2016\/02\/11.jpg?resize=24%2C15&amp;ssl=1 24w, https:\/\/i0.wp.com\/moschatostravel.com\/fr\/wp-content\/uploads\/2016\/02\/11.jpg?resize=36%2C23&amp;ssl=1 36w, https:\/\/i0.wp.com\/moschatostravel.com\/fr\/wp-content\/uploads\/2016\/02\/11.jpg?resize=48%2C31&amp;ssl=1 48w\" sizes=\"auto, (max-width: 236px) 100vw, 236px\" \/>4e jour\u00a0Filerimos &#8211; Kamiros \u2013 Vall\u00e9e des Papillons, demi-journ\u00e9e (09.00 &#8211; 13.00 heures)<\/strong><br \/>\nApr\u00e8s un trajet le long de la c\u00f4te ouest, vous arriverez finalement au village d\u2019Ialyssos (Trianta) et sur la colline de Filerimos, o\u00f9 vous d\u00e9couvrirez les ruines de l\u2019antique acropole d\u2019Ialyssos et le monast\u00e8re. Vous devriez suivre le &#8220;Chemin de Croix&#8221; \u00e0 l\u2019ombre des hauts arbres jusqu\u2019\u00e0 la grande croix blanche de l\u2019autre c\u00f4t\u00e9 de la colline, d\u2019o\u00f9 vous pourrez admirer la superbe vue sur la plaine de Trianta et l\u2019a\u00e9roport.<\/p>\n<p style=\"text-align: justify;\">Vous serez ensuite impressionn\u00e9s par la Vall\u00e9e des Papillons, une belle et verte vall\u00e9e au milieu de la for\u00eat, qui est travers\u00e9e par des ruisseaux et des ponts de bois. De juillet \u00e0 septembre, elle est peupl\u00e9e de milliers de papillons. Mais toute l\u2019ann\u00e9e ce site naturel est envelopp\u00e9 d\u2019une atmosph\u00e8re magique. L\u2019antique cit\u00e9 de Kamiros est un important site arch\u00e9ologique de la Gr\u00e8ce, o\u00f9 vous trouverez des ruines de b\u00e2timents et monuments de la p\u00e9riode hell\u00e9nistique.<\/p>\n<p style=\"text-align: justify;\"><strong><img data-recalc-dims=\"1\" loading=\"lazy\" decoding=\"async\" data-attachment-id=\"303\" data-permalink=\"https:\/\/moschatostravel.com\/fr\/apollon\/attachment\/44\/\" data-orig-file=\"https:\/\/i0.wp.com\/moschatostravel.com\/fr\/wp-content\/uploads\/2016\/02\/44.jpg?fit=225%2C150&amp;ssl=1\" data-orig-size=\"225,150\" data-comments-opened=\"0\" data-image-meta=\"{&quot;aperture&quot;:&quot;0&quot;,&quot;credit&quot;:&quot;&quot;,&quot;camera&quot;:&quot;&quot;,&quot;caption&quot;:&quot;&quot;,&quot;created_timestamp&quot;:&quot;0&quot;,&quot;copyright&quot;:&quot;&quot;,&quot;focal_length&quot;:&quot;0&quot;,&quot;iso&quot;:&quot;0&quot;,&quot;shutter_speed&quot;:&quot;0&quot;,&quot;title&quot;:&quot;&quot;,&quot;orientation&quot;:&quot;0&quot;}\" data-image-title=\"Symi, Dodecansese, Greece\" data-image-description=\"&lt;p&gt;Symi, Dodecansese, Greece&lt;\/p&gt;\n\" data-image-caption=\"&lt;p&gt;Symi, Dodecansese, Greece&lt;\/p&gt;\n\" data-large-file=\"https:\/\/i0.wp.com\/moschatostravel.com\/fr\/wp-content\/uploads\/2016\/02\/44.jpg?fit=225%2C150&amp;ssl=1\" class=\"alignleft size-full wp-image-303\" src=\"https:\/\/i0.wp.com\/moschatostravel.com\/fr\/wp-content\/uploads\/2016\/02\/44.jpg?resize=225%2C150&#038;ssl=1\" alt=\"44\" width=\"225\" height=\"150\" srcset=\"https:\/\/i0.wp.com\/moschatostravel.com\/fr\/wp-content\/uploads\/2016\/02\/44.jpg?w=225&amp;ssl=1 225w, https:\/\/i0.wp.com\/moschatostravel.com\/fr\/wp-content\/uploads\/2016\/02\/44.jpg?resize=24%2C16&amp;ssl=1 24w, https:\/\/i0.wp.com\/moschatostravel.com\/fr\/wp-content\/uploads\/2016\/02\/44.jpg?resize=36%2C24&amp;ssl=1 36w, https:\/\/i0.wp.com\/moschatostravel.com\/fr\/wp-content\/uploads\/2016\/02\/44.jpg?resize=48%2C32&amp;ssl=1 48w\" sizes=\"auto, (max-width: 225px) 100vw, 225px\" \/>5e jour<\/strong><br \/>\nExcursion en bateau jusqu\u2019\u00e0 Symi et Panormitis (08.00 &#8211; 18.00 heures)<br \/>\nLa petite \u00eele de Symi se situe au nord de Rhodes et est particuli\u00e8rement pittoresque. Apr\u00e8s un trajet de deux heures le long de la c\u00f4te turque, vous ferez votre premi\u00e8re rencontre avec Symi dans le superbe port d\u2019Ialos. Une petite promenade dans les \u00e9troites ruelles du village vous permettra de d\u00e9couvrir les petites maisons, toutes peintes de diverses couleurs. Symi a longtemps \u00e9t\u00e9 une \u00eele de p\u00eacheurs d\u2019\u00e9ponges.<\/p>\n<p style=\"text-align: justify;\">Vous aurez l\u2019occasion d\u2019acqu\u00e9rir une \u00e9ponge naturelle pour votre salle de bains. Le bateau vous emm\u00e8nera ensuite apr\u00e8s un trajet d\u2019environ une heure de l\u2019autre c\u00f4t\u00e9 de l\u2019\u00eele o\u00f9 se dresse le monast\u00e8re Panormitis au-dessus d\u2019une belle baie. Il est d\u00e9di\u00e9 \u00e0 l\u2019archange Michael et est un important lieu de p\u00e8lerinage pour les Grecs.<br \/>\nSymi vous charmera et vous laissera des souvenirs inoubliables !<\/p>\n<p style=\"text-align: justify;\"><strong><img data-recalc-dims=\"1\" loading=\"lazy\" decoding=\"async\" data-attachment-id=\"304\" data-permalink=\"https:\/\/moschatostravel.com\/fr\/apollon\/attachment\/55\/\" data-orig-file=\"https:\/\/i0.wp.com\/moschatostravel.com\/fr\/wp-content\/uploads\/2016\/02\/55.jpg?fit=225%2C150&amp;ssl=1\" data-orig-size=\"225,150\" data-comments-opened=\"0\" data-image-meta=\"{&quot;aperture&quot;:&quot;0&quot;,&quot;credit&quot;:&quot;&quot;,&quot;camera&quot;:&quot;&quot;,&quot;caption&quot;:&quot;&quot;,&quot;created_timestamp&quot;:&quot;0&quot;,&quot;copyright&quot;:&quot;&quot;,&quot;focal_length&quot;:&quot;0&quot;,&quot;iso&quot;:&quot;0&quot;,&quot;shutter_speed&quot;:&quot;0&quot;,&quot;title&quot;:&quot;&quot;,&quot;orientation&quot;:&quot;0&quot;}\" data-image-title=\"Monolithos, Rhodes Island, Greece\" data-image-description=\"&lt;p&gt;Monolithos, Rhodes Island, Greece&lt;\/p&gt;\n\" data-image-caption=\"&lt;p&gt;Monolithos, Rhodes Island, Greece&lt;\/p&gt;\n\" data-large-file=\"https:\/\/i0.wp.com\/moschatostravel.com\/fr\/wp-content\/uploads\/2016\/02\/55.jpg?fit=225%2C150&amp;ssl=1\" class=\"alignleft size-full wp-image-304\" src=\"https:\/\/i0.wp.com\/moschatostravel.com\/fr\/wp-content\/uploads\/2016\/02\/55.jpg?resize=225%2C150&#038;ssl=1\" alt=\"55\" width=\"225\" height=\"150\" srcset=\"https:\/\/i0.wp.com\/moschatostravel.com\/fr\/wp-content\/uploads\/2016\/02\/55.jpg?w=225&amp;ssl=1 225w, https:\/\/i0.wp.com\/moschatostravel.com\/fr\/wp-content\/uploads\/2016\/02\/55.jpg?resize=24%2C16&amp;ssl=1 24w, https:\/\/i0.wp.com\/moschatostravel.com\/fr\/wp-content\/uploads\/2016\/02\/55.jpg?resize=36%2C24&amp;ssl=1 36w, https:\/\/i0.wp.com\/moschatostravel.com\/fr\/wp-content\/uploads\/2016\/02\/55.jpg?resize=48%2C32&amp;ssl=1 48w\" sizes=\"auto, (max-width: 225px) 100vw, 225px\" \/>6e jour\u00a0Tour de l\u2019\u00eele avec Monolithos (09.00 &#8211; 17.00 heures)<\/strong><br \/>\nL\u2019excursion d\u2019aujourd\u2019hui vous emm\u00e8nera dans la calme partie sud et sud-ouest de l\u2019\u00eele. Le trajet le long de la c\u00f4te ouest r\u00e9v\u00e9lera le c\u00f4t\u00e9 vert de l\u2019\u00eele et ses plages sauvages. Mais Rhodes a aussi des paysages montagneux \u00e0 offrir. Sur la troisi\u00e8me plus haute montagne, le Profitis Ilias, vous respirerez l\u2019air de la for\u00eat.<\/p>\n<p style=\"text-align: justify;\">Le plus grand des deux h\u00f4tels, qui se dressent au milieu de la for\u00eat et ont \u00e9t\u00e9 construits durant l\u2019occupation italienne, a \u00e9t\u00e9 r\u00e9nov\u00e9 et fonctionne aujourd\u2019hui \u00e0 nouveau en tant qu\u2019h\u00f4tel, restaurant et caf\u00e9. De l\u00e0, la route m\u00e8ne pr\u00e8s de la plus haute montagne, l\u2019Ataviros, en passant par le village de Siana, jusqu\u2019\u00e0 Monolithos, et d\u00e9voile d\u2019incroyables vues panoramiques. Non moins impressionnante est la vue que l\u2019on a de la vieille forteresse de Monolithos (construite par les Chevaliers) sur les \u00eeles qui se situent en face.<br \/>\nSur le chemin du retour, il vaut la peine de faire un arr\u00eat \u00e0 la petite \u00e9glise byzantine d\u2019Agios Nikolaos Fountoukli qui poss\u00e8de d\u2019int\u00e9ressantes fresques m\u00e9di\u00e9vales.<\/p>\n<p style=\"text-align: justify;\"><strong><img data-recalc-dims=\"1\" loading=\"lazy\" decoding=\"async\" data-attachment-id=\"302\" data-permalink=\"https:\/\/moschatostravel.com\/fr\/apollon\/attachment\/33\/\" data-orig-file=\"https:\/\/i0.wp.com\/moschatostravel.com\/fr\/wp-content\/uploads\/2016\/02\/33.jpg?fit=224%2C150&amp;ssl=1\" data-orig-size=\"224,150\" data-comments-opened=\"0\" data-image-meta=\"{&quot;aperture&quot;:&quot;0&quot;,&quot;credit&quot;:&quot;&quot;,&quot;camera&quot;:&quot;&quot;,&quot;caption&quot;:&quot;&quot;,&quot;created_timestamp&quot;:&quot;0&quot;,&quot;copyright&quot;:&quot;(c) 2007, Peter MarshALL&quot;,&quot;focal_length&quot;:&quot;0&quot;,&quot;iso&quot;:&quot;0&quot;,&quot;shutter_speed&quot;:&quot;0&quot;,&quot;title&quot;:&quot;&quot;,&quot;orientation&quot;:&quot;0&quot;}\" data-image-title=\"Greek Dancers, Rhodes Island, Greece\" data-image-description=\"&lt;p&gt;Greek Dancers, Rhodes Island, Greece&lt;\/p&gt;\n\" data-image-caption=\"&lt;p&gt;Greek Dancers, Rhodes Island, Greece&lt;\/p&gt;\n\" data-large-file=\"https:\/\/i0.wp.com\/moschatostravel.com\/fr\/wp-content\/uploads\/2016\/02\/33.jpg?fit=224%2C150&amp;ssl=1\" class=\"alignleft size-full wp-image-302\" src=\"https:\/\/i0.wp.com\/moschatostravel.com\/fr\/wp-content\/uploads\/2016\/02\/33.jpg?resize=224%2C150&#038;ssl=1\" alt=\"33\" width=\"224\" height=\"150\" srcset=\"https:\/\/i0.wp.com\/moschatostravel.com\/fr\/wp-content\/uploads\/2016\/02\/33.jpg?w=224&amp;ssl=1 224w, https:\/\/i0.wp.com\/moschatostravel.com\/fr\/wp-content\/uploads\/2016\/02\/33.jpg?resize=24%2C16&amp;ssl=1 24w, https:\/\/i0.wp.com\/moschatostravel.com\/fr\/wp-content\/uploads\/2016\/02\/33.jpg?resize=36%2C24&amp;ssl=1 36w, https:\/\/i0.wp.com\/moschatostravel.com\/fr\/wp-content\/uploads\/2016\/02\/33.jpg?resize=48%2C32&amp;ssl=1 48w\" sizes=\"auto, (max-width: 224px) 100vw, 224px\" \/>7e jour<\/strong><br \/>\nMatin et apr\u00e8s-midi libres.<br \/>\nLe soir, excursion \u00e0 Pastida ou Afantou (18.00 &#8211; 22.30 heures)<br \/>\nL\u2019excursion commence \u00e0 environ 18.00 heures et vous emm\u00e8ne dans le village de Pastida ou Afantou, o\u00f9 vous aurez l\u2019occasion de jeter un coup d\u2019\u0153il aux maisons grecques traditionnelles et \u00e0 l\u2019\u00e9glise.<br \/>\nProfitez ensuite d\u2019un bon d\u00eener grec avec une quantit\u00e9 illimit\u00e9e de vin local (rouge ou blanc). Pendant le repas, un groupe folklorique vous pr\u00e9sentera quelques danses traditionnelles et vous invitera \u00e0 participer \u00e0 la danse nomm\u00e9e &#8220;sirtaki&#8221;. Vous appr\u00e9cierez ce divertissement \u00e0 la grecque !<\/p>\n<p style=\"text-align: justify;\"><strong>8e jour\u00a0Vol de retour.<\/strong><br \/>\nTransfert de l\u2019h\u00f4tel \u00e0 l\u2019a\u00e9roport.<\/p>\n","protected":false},"excerpt":{"rendered":"<p>1er jour\u00a0Arriv\u00e9e \u00e0 Rhodes. Transfert \u00e0 l\u2019h\u00f4tel. 2e jour\u00a0Tour de la ville de Rhodes, demi-journ\u00e9e (09.00 &#8211; 13.00 heures) Profitez d\u2019un tour panoramique en car dans la ville moderne et admirez la fantastique vue que l\u2019on a du plus haut point de la ville, la colline du Monte Smith, o\u00f9 vous pourrez d\u00e9couvrir \u00e9galement les<br \/><a class=\"moretag\" href=\"https:\/\/moschatostravel.com\/fr\/apollon\/\">+ Read More<\/a><\/p>\n","protected":false},"author":1,"featured_media":269,"parent":0,"menu_order":0,"comment_status":"closed","ping_status":"closed","template":"","meta":{"jetpack_post_was_ever_published":false,"footnotes":""},"class_list":["post-162","page","type-page","status-publish","has-post-thumbnail","hentry"],"jetpack_sharing_enabled":true,"jetpack_shortlink":"https:\/\/wp.me\/P7gp69-2C","jetpack-related-posts":[],"_links":{"self":[{"href":"https:\/\/moschatostravel.com\/fr\/wp-json\/wp\/v2\/pages\/162","targetHints":{"allow":["GET"]}}],"collection":[{"href":"https:\/\/moschatostravel.com\/fr\/wp-json\/wp\/v2\/pages"}],"about":[{"href":"https:\/\/moschatostravel.com\/fr\/wp-json\/wp\/v2\/types\/page"}],"author":[{"embeddable":true,"href":"https:\/\/moschatostravel.com\/fr\/wp-json\/wp\/v2\/users\/1"}],"replies":[{"embeddable":true,"href":"https:\/\/moschatostravel.com\/fr\/wp-json\/wp\/v2\/comments?post=162"}],"version-history":[{"count":23,"href":"https:\/\/moschatostravel.com\/fr\/wp-json\/wp\/v2\/pages\/162\/revisions"}],"predecessor-version":[{"id":477,"href":"https:\/\/moschatostravel.com\/fr\/wp-json\/wp\/v2\/pages\/162\/revisions\/477"}],"wp:featuredmedia":[{"embeddable":true,"href":"https:\/\/moschatostravel.com\/fr\/wp-json\/wp\/v2\/media\/269"}],"wp:attachment":[{"href":"https:\/\/moschatostravel.com\/fr\/wp-json\/wp\/v2\/media?parent=162"}],"curies":[{"name":"wp","href":"https:\/\/api.w.org\/{rel}","templated":true}]}}