{"id":158,"date":"2016-02-08T13:54:24","date_gmt":"2016-02-08T11:54:24","guid":{"rendered":"http:\/\/moschatostravel.com\/?page_id=158"},"modified":"2016-11-30T09:55:56","modified_gmt":"2016-11-30T07:55:56","slug":"tours-en-bateau","status":"publish","type":"page","link":"https:\/\/moschatostravel.com\/fr\/tours-en-bateau\/","title":{"rendered":"Tours en Bateau"},"content":{"rendered":"<p><a name=\"symi\"><\/a><strong><img data-recalc-dims=\"1\" loading=\"lazy\" decoding=\"async\" data-attachment-id=\"277\" data-permalink=\"https:\/\/moschatostravel.com\/fr\/tours-en-bateau\/symi\/\" data-orig-file=\"https:\/\/i0.wp.com\/moschatostravel.com\/fr\/wp-content\/uploads\/2016\/02\/Symi.jpg?fit=550%2C365&amp;ssl=1\" data-orig-size=\"550,365\" data-comments-opened=\"0\" data-image-meta=\"{&quot;aperture&quot;:&quot;0&quot;,&quot;credit&quot;:&quot;&quot;,&quot;camera&quot;:&quot;&quot;,&quot;caption&quot;:&quot;&quot;,&quot;created_timestamp&quot;:&quot;0&quot;,&quot;copyright&quot;:&quot;&quot;,&quot;focal_length&quot;:&quot;0&quot;,&quot;iso&quot;:&quot;0&quot;,&quot;shutter_speed&quot;:&quot;0&quot;,&quot;title&quot;:&quot;&quot;,&quot;orientation&quot;:&quot;0&quot;}\" data-image-title=\"Symi, Dodecanese, Greece\" data-image-description=\"&lt;p&gt;Symi, Dodecanese, Greece&lt;\/p&gt;\n\" data-image-caption=\"&lt;p&gt;Symi, Dodecanese, Greece&lt;\/p&gt;\n\" data-medium-file=\"https:\/\/i0.wp.com\/moschatostravel.com\/fr\/wp-content\/uploads\/2016\/02\/Symi.jpg?fit=300%2C199&amp;ssl=1\" data-large-file=\"https:\/\/i0.wp.com\/moschatostravel.com\/fr\/wp-content\/uploads\/2016\/02\/Symi.jpg?fit=550%2C365&amp;ssl=1\" class=\"alignright size-full wp-image-277\" src=\"https:\/\/i0.wp.com\/moschatostravel.com\/fr\/wp-content\/uploads\/2016\/02\/Symi.jpg?resize=550%2C365&#038;ssl=1\" alt=\"\" width=\"550\" height=\"365\" srcset=\"https:\/\/i0.wp.com\/moschatostravel.com\/fr\/wp-content\/uploads\/2016\/02\/Symi.jpg?w=550&amp;ssl=1 550w, https:\/\/i0.wp.com\/moschatostravel.com\/fr\/wp-content\/uploads\/2016\/02\/Symi.jpg?resize=300%2C199&amp;ssl=1 300w, https:\/\/i0.wp.com\/moschatostravel.com\/fr\/wp-content\/uploads\/2016\/02\/Symi.jpg?resize=24%2C16&amp;ssl=1 24w, https:\/\/i0.wp.com\/moschatostravel.com\/fr\/wp-content\/uploads\/2016\/02\/Symi.jpg?resize=36%2C24&amp;ssl=1 36w, https:\/\/i0.wp.com\/moschatostravel.com\/fr\/wp-content\/uploads\/2016\/02\/Symi.jpg?resize=48%2C32&amp;ssl=1 48w, https:\/\/i0.wp.com\/moschatostravel.com\/fr\/wp-content\/uploads\/2016\/02\/Symi.jpg?resize=272%2C182&amp;ssl=1 272w\" sizes=\"auto, (max-width: 550px) 100vw, 550px\" \/>Symi et Panormitis<\/strong><br \/>\nLa petite \u00eele de Symi se situe au nord de Rhodes et est la plus pittoresque des \u00eeles du Dod\u00e9can\u00e8se. Apr\u00e8s un trajet d\u2019environ deux heures le long de la c\u00f4te turque, vous premi\u00e8re rencontre avec Symi sera quelque chose d\u2019extraordinaire : vous d\u00e9couvrirez une \u00eele sublime, qui a \u00e9t\u00e9 mise sous la protection de l\u2019Unesco et dont les maisons ont toutes \u00e9t\u00e9 construites et restaur\u00e9es dans le m\u00eame style architectural et peintes de diverses couleurs. Les ruelles \u00e9troites du village invitent \u00e0 se promener et vous fascineront.<\/p>\n<p>Symi est aussi une \u00eele de p\u00eacheurs d\u2019\u00e9ponges naturelles. Vous pourrez acqu\u00e9rir une de ces \u00e9ponges pour votre salle de bains et apprendre combien il \u00e9tait autrefois difficile de les atteindre dans les profondeurs de la mer.<\/p>\n<p>Dans l\u2019apr\u00e8s-midi, le bateau vous m\u00e8nera de l\u2019autre c\u00f4t\u00e9 de l\u2019\u00eele o\u00f9 le grand monast\u00e8re Panormitis surplombe la baie. Il est d\u00e9di\u00e9 \u00e0 l\u2019archange Michael et est un important lieu de p\u00e8lerinage pour les Grecs.<\/p>\n<p>D\u00e9p. 08.00 heures &#8211; Retour 18.00 heures<\/p>\n<p>&nbsp;<\/p>\n<hr \/>\n<p>&nbsp;<\/p>\n<p><a name=\"journee\"><\/a><strong><img data-recalc-dims=\"1\" loading=\"lazy\" decoding=\"async\" data-attachment-id=\"276\" data-permalink=\"https:\/\/moschatostravel.com\/fr\/tours-en-bateau\/rhodes-east-coast-day-cruise-with-faliraki-spa-trip-in-rhodes-160341\/\" data-orig-file=\"https:\/\/i0.wp.com\/moschatostravel.com\/fr\/wp-content\/uploads\/2016\/02\/rhodes-east-coast-day-cruise-with-faliraki-spa-trip-in-rhodes-160341.jpg?fit=550%2C364&amp;ssl=1\" data-orig-size=\"550,364\" data-comments-opened=\"0\" data-image-meta=\"{&quot;aperture&quot;:&quot;0&quot;,&quot;credit&quot;:&quot;&quot;,&quot;camera&quot;:&quot;&quot;,&quot;caption&quot;:&quot;&quot;,&quot;created_timestamp&quot;:&quot;0&quot;,&quot;copyright&quot;:&quot;&quot;,&quot;focal_length&quot;:&quot;0&quot;,&quot;iso&quot;:&quot;0&quot;,&quot;shutter_speed&quot;:&quot;0&quot;,&quot;title&quot;:&quot;&quot;,&quot;orientation&quot;:&quot;0&quot;}\" data-image-title=\"Rhodes Island, Greece\" data-image-description=\"&lt;p&gt;Rhodes Island, Greece&lt;\/p&gt;\n\" data-image-caption=\"&lt;p&gt;Rhodes Island, Greece&lt;\/p&gt;\n\" data-medium-file=\"https:\/\/i0.wp.com\/moschatostravel.com\/fr\/wp-content\/uploads\/2016\/02\/rhodes-east-coast-day-cruise-with-faliraki-spa-trip-in-rhodes-160341.jpg?fit=300%2C199&amp;ssl=1\" data-large-file=\"https:\/\/i0.wp.com\/moschatostravel.com\/fr\/wp-content\/uploads\/2016\/02\/rhodes-east-coast-day-cruise-with-faliraki-spa-trip-in-rhodes-160341.jpg?fit=550%2C364&amp;ssl=1\" class=\"alignright size-full wp-image-276\" src=\"https:\/\/i0.wp.com\/moschatostravel.com\/fr\/wp-content\/uploads\/2016\/02\/rhodes-east-coast-day-cruise-with-faliraki-spa-trip-in-rhodes-160341.jpg?resize=550%2C364&#038;ssl=1\" alt=\"\" width=\"550\" height=\"364\" srcset=\"https:\/\/i0.wp.com\/moschatostravel.com\/fr\/wp-content\/uploads\/2016\/02\/rhodes-east-coast-day-cruise-with-faliraki-spa-trip-in-rhodes-160341.jpg?w=550&amp;ssl=1 550w, https:\/\/i0.wp.com\/moschatostravel.com\/fr\/wp-content\/uploads\/2016\/02\/rhodes-east-coast-day-cruise-with-faliraki-spa-trip-in-rhodes-160341.jpg?resize=300%2C199&amp;ssl=1 300w, https:\/\/i0.wp.com\/moschatostravel.com\/fr\/wp-content\/uploads\/2016\/02\/rhodes-east-coast-day-cruise-with-faliraki-spa-trip-in-rhodes-160341.jpg?resize=24%2C16&amp;ssl=1 24w, https:\/\/i0.wp.com\/moschatostravel.com\/fr\/wp-content\/uploads\/2016\/02\/rhodes-east-coast-day-cruise-with-faliraki-spa-trip-in-rhodes-160341.jpg?resize=36%2C24&amp;ssl=1 36w, https:\/\/i0.wp.com\/moschatostravel.com\/fr\/wp-content\/uploads\/2016\/02\/rhodes-east-coast-day-cruise-with-faliraki-spa-trip-in-rhodes-160341.jpg?resize=48%2C32&amp;ssl=1 48w\" sizes=\"auto, (max-width: 550px) 100vw, 550px\" \/>Journ\u00e9e En Bateau \u00e0 Voile<\/strong><br \/>\n<strong> Tour en bateau le long de la c\u00f4te est<\/strong><\/p>\n<p>Ne manquez pas l\u2019occasion de pouvoir passer une journ\u00e9e de d\u00e9tente en bateau \u00e0 voiles le long de la c\u00f4te est de l\u2019\u00eele, au d\u00e9part du port de Mandraki. Les plages de Kalithea, Faliraki et Ladiko invitent \u00e0 nager et \u00e0 go\u00fbter un ouzo.<\/p>\n<p>Kolymbia et surtout la fascinante plage de sable deTsambika vous s\u00e9duiront.<br \/>\nIl s\u2019agit d\u2019une journ\u00e9e pour nager, prendre des bains de soleil et se d\u00e9tendre sous les voiles blanches. Le bleu de la mer et la lumi\u00e8re du soleil vous \u00e9blouiront\u2026<\/p>\n<p>D\u00e9p. 09.00 heures &#8211; Retour 17.00 heures<\/p>\n<p>&nbsp;<\/p>\n<hr \/>\n<p>&nbsp;<\/p>\n<p><a name=\"cos\"><\/a><\/p>\n<p><strong><img data-recalc-dims=\"1\" loading=\"lazy\" decoding=\"async\" data-attachment-id=\"278\" data-permalink=\"https:\/\/moschatostravel.com\/fr\/tours-en-bateau\/kos-1\/\" data-orig-file=\"https:\/\/i0.wp.com\/moschatostravel.com\/fr\/wp-content\/uploads\/2016\/02\/Kos-1.jpg?fit=550%2C368&amp;ssl=1\" data-orig-size=\"550,368\" data-comments-opened=\"0\" data-image-meta=\"{&quot;aperture&quot;:&quot;0&quot;,&quot;credit&quot;:&quot;&quot;,&quot;camera&quot;:&quot;&quot;,&quot;caption&quot;:&quot;&quot;,&quot;created_timestamp&quot;:&quot;1185270649&quot;,&quot;copyright&quot;:&quot;&quot;,&quot;focal_length&quot;:&quot;0&quot;,&quot;iso&quot;:&quot;0&quot;,&quot;shutter_speed&quot;:&quot;0&quot;,&quot;title&quot;:&quot;&quot;,&quot;orientation&quot;:&quot;0&quot;}\" data-image-title=\"Kos, Dodecanese, Greece\" data-image-description=\"&lt;p&gt;Kos, Dodecanese, Greece&lt;\/p&gt;\n\" data-image-caption=\"&lt;p&gt;Kos, Dodecanese, Greece&lt;\/p&gt;\n\" data-medium-file=\"https:\/\/i0.wp.com\/moschatostravel.com\/fr\/wp-content\/uploads\/2016\/02\/Kos-1.jpg?fit=300%2C201&amp;ssl=1\" data-large-file=\"https:\/\/i0.wp.com\/moschatostravel.com\/fr\/wp-content\/uploads\/2016\/02\/Kos-1.jpg?fit=550%2C368&amp;ssl=1\" class=\"size-full wp-image-278 alignright\" src=\"https:\/\/i0.wp.com\/moschatostravel.com\/fr\/wp-content\/uploads\/2016\/02\/Kos-1.jpg?resize=550%2C368&#038;ssl=1\" alt=\"\" width=\"550\" height=\"368\" srcset=\"https:\/\/i0.wp.com\/moschatostravel.com\/fr\/wp-content\/uploads\/2016\/02\/Kos-1.jpg?w=550&amp;ssl=1 550w, https:\/\/i0.wp.com\/moschatostravel.com\/fr\/wp-content\/uploads\/2016\/02\/Kos-1.jpg?resize=300%2C201&amp;ssl=1 300w, https:\/\/i0.wp.com\/moschatostravel.com\/fr\/wp-content\/uploads\/2016\/02\/Kos-1.jpg?resize=24%2C16&amp;ssl=1 24w, https:\/\/i0.wp.com\/moschatostravel.com\/fr\/wp-content\/uploads\/2016\/02\/Kos-1.jpg?resize=36%2C24&amp;ssl=1 36w, https:\/\/i0.wp.com\/moschatostravel.com\/fr\/wp-content\/uploads\/2016\/02\/Kos-1.jpg?resize=48%2C32&amp;ssl=1 48w, https:\/\/i0.wp.com\/moschatostravel.com\/fr\/wp-content\/uploads\/2016\/02\/Kos-1.jpg?resize=272%2C182&amp;ssl=1 272w\" sizes=\"auto, (max-width: 550px) 100vw, 550px\" \/>Excursion d\u2019une journ\u00e9e \u00e0 Cos<\/strong><\/p>\n<p>Cos est l\u2019\u00eele o\u00f9 vivait Hippocrate, le \u201cp\u00e8re de la m\u00e9decine moderne\u201d, qui v\u00e9n\u00e9rait Asclepios (ou Esculape), le dieu de la m\u00e9decine. L\u2019antique h\u00f4pital appel\u00e9 Asclepios peut toujours \u00eatre visit\u00e9 aujourd\u2019hui. Cos est une belle \u00eele qui pr\u00e9sente de nombreux vestiges datant de ses p\u00e9riodes antique et m\u00e9di\u00e9vale.<\/p>\n<p>Ne manquez pas de jeter un coup d\u2019\u0153il au c\u00e9l\u00e8bre platane d\u2019Hippocrate et de faire une promenade dans la vieille ville. Un car vous emm\u00e8nera ensuite vers l\u2019Asclepios, l\u2019h\u00f4pital antique.<\/p>\n<p>D\u00e9p. 07.00 heures &#8211; Retour 18.00 heures<\/p>\n<p>&nbsp;<\/p>\n<hr \/>\n<p>&nbsp;<\/p>\n<p>&nbsp;<\/p>\n<p><a name=\"marmaris\"><\/a><strong>Excursion d\u2019une journ\u00e9e \u00e0 Marmaris en Turquie<\/strong><\/p>\n<p><img data-recalc-dims=\"1\" loading=\"lazy\" decoding=\"async\" data-attachment-id=\"279\" data-permalink=\"https:\/\/moschatostravel.com\/fr\/tours-en-bateau\/marmaris-3\/\" data-orig-file=\"https:\/\/i0.wp.com\/moschatostravel.com\/fr\/wp-content\/uploads\/2016\/02\/Marmaris-3.jpg?fit=547%2C365&amp;ssl=1\" data-orig-size=\"547,365\" data-comments-opened=\"0\" data-image-meta=\"{&quot;aperture&quot;:&quot;0&quot;,&quot;credit&quot;:&quot;&quot;,&quot;camera&quot;:&quot;&quot;,&quot;caption&quot;:&quot;&quot;,&quot;created_timestamp&quot;:&quot;0&quot;,&quot;copyright&quot;:&quot;&quot;,&quot;focal_length&quot;:&quot;0&quot;,&quot;iso&quot;:&quot;0&quot;,&quot;shutter_speed&quot;:&quot;0&quot;,&quot;title&quot;:&quot;&quot;,&quot;orientation&quot;:&quot;0&quot;}\" data-image-title=\"Rhodes-Marmaris, Turkey\" data-image-description=\"&lt;p&gt;Rhodes-Marmaris, Turkey&lt;\/p&gt;\n\" data-image-caption=\"&lt;p&gt;Rhodes-Marmaris, Turkey&lt;\/p&gt;\n\" data-medium-file=\"https:\/\/i0.wp.com\/moschatostravel.com\/fr\/wp-content\/uploads\/2016\/02\/Marmaris-3.jpg?fit=300%2C200&amp;ssl=1\" data-large-file=\"https:\/\/i0.wp.com\/moschatostravel.com\/fr\/wp-content\/uploads\/2016\/02\/Marmaris-3.jpg?fit=547%2C365&amp;ssl=1\" class=\"alignright size-full wp-image-279\" src=\"https:\/\/i0.wp.com\/moschatostravel.com\/fr\/wp-content\/uploads\/2016\/02\/Marmaris-3.jpg?resize=547%2C365&#038;ssl=1\" alt=\"\" width=\"547\" height=\"365\" srcset=\"https:\/\/i0.wp.com\/moschatostravel.com\/fr\/wp-content\/uploads\/2016\/02\/Marmaris-3.jpg?w=547&amp;ssl=1 547w, https:\/\/i0.wp.com\/moschatostravel.com\/fr\/wp-content\/uploads\/2016\/02\/Marmaris-3.jpg?resize=300%2C200&amp;ssl=1 300w, https:\/\/i0.wp.com\/moschatostravel.com\/fr\/wp-content\/uploads\/2016\/02\/Marmaris-3.jpg?resize=24%2C16&amp;ssl=1 24w, https:\/\/i0.wp.com\/moschatostravel.com\/fr\/wp-content\/uploads\/2016\/02\/Marmaris-3.jpg?resize=36%2C24&amp;ssl=1 36w, https:\/\/i0.wp.com\/moschatostravel.com\/fr\/wp-content\/uploads\/2016\/02\/Marmaris-3.jpg?resize=48%2C32&amp;ssl=1 48w, https:\/\/i0.wp.com\/moschatostravel.com\/fr\/wp-content\/uploads\/2016\/02\/Marmaris-3.jpg?resize=272%2C182&amp;ssl=1 272w\" sizes=\"auto, (max-width: 547px) 100vw, 547px\" \/>La c\u00f4te turque se trouve \u00e0 seulement quelques kilom\u00e8tres de Rhodes. Vous pouvez l\u2019apercevoir de la c\u00f4te ouest de l\u2019\u00eele.<\/p>\n<p>Le trajet jusqu\u2019\u00e0 Marmaris ne prendra qu\u2019environ une heure en bateau, mais vous aurez soudain l\u2019impression d\u2019avoir p\u00e9n\u00e9tr\u00e9 dans un monde compl\u00e8tement diff\u00e9rent : les nombreuses mosqu\u00e9es, les magasins exotiques du bazar et les superbes bateaux en bois ancr\u00e9s dans la marina sont des parfums d\u2019Orient.<\/p>\n<p>La ville de Marmaris se situe dans une sublime baie en forme de fjord et entour\u00e9e de montagnes vertes. Profitez d\u2019une belle vue de la forteresse m\u00e9di\u00e9vale sur le port et la partie ancienne de la ville avec ses ruelles \u00e9troites et ses maisons pittoresques. Faites vos achats au bazar couvert et apprenez l\u2019art du marchandage.<br \/>\nUne journ\u00e9e dans un autre pays, sur un autre continent, dans un autre monde\u2026<\/p>\n<p>D\u00e9p. 07.00 heures &#8211; Retour 18.00 heures<\/p>\n","protected":false},"excerpt":{"rendered":"<p>Symi et Panormitis La petite \u00eele de Symi se situe au nord de Rhodes et est la plus pittoresque des \u00eeles du Dod\u00e9can\u00e8se. Apr\u00e8s un trajet d\u2019environ deux heures le long de la c\u00f4te turque, vous premi\u00e8re rencontre avec Symi sera quelque chose d\u2019extraordinaire : vous d\u00e9couvrirez une \u00eele sublime, qui a \u00e9t\u00e9 mise sous<br \/><a class=\"moretag\" href=\"https:\/\/moschatostravel.com\/fr\/tours-en-bateau\/\">+ Read More<\/a><\/p>\n","protected":false},"author":1,"featured_media":0,"parent":0,"menu_order":0,"comment_status":"closed","ping_status":"closed","template":"","meta":{"jetpack_post_was_ever_published":false,"footnotes":""},"class_list":["post-158","page","type-page","status-publish","hentry"],"jetpack_sharing_enabled":true,"jetpack_shortlink":"https:\/\/wp.me\/P7gp69-2y","jetpack-related-posts":[],"_links":{"self":[{"href":"https:\/\/moschatostravel.com\/fr\/wp-json\/wp\/v2\/pages\/158","targetHints":{"allow":["GET"]}}],"collection":[{"href":"https:\/\/moschatostravel.com\/fr\/wp-json\/wp\/v2\/pages"}],"about":[{"href":"https:\/\/moschatostravel.com\/fr\/wp-json\/wp\/v2\/types\/page"}],"author":[{"embeddable":true,"href":"https:\/\/moschatostravel.com\/fr\/wp-json\/wp\/v2\/users\/1"}],"replies":[{"embeddable":true,"href":"https:\/\/moschatostravel.com\/fr\/wp-json\/wp\/v2\/comments?post=158"}],"version-history":[{"count":28,"href":"https:\/\/moschatostravel.com\/fr\/wp-json\/wp\/v2\/pages\/158\/revisions"}],"predecessor-version":[{"id":616,"href":"https:\/\/moschatostravel.com\/fr\/wp-json\/wp\/v2\/pages\/158\/revisions\/616"}],"wp:attachment":[{"href":"https:\/\/moschatostravel.com\/fr\/wp-json\/wp\/v2\/media?parent=158"}],"curies":[{"name":"wp","href":"https:\/\/api.w.org\/{rel}","templated":true}]}}