{"id":153,"date":"2016-02-08T13:19:14","date_gmt":"2016-02-08T11:19:14","guid":{"rendered":"http:\/\/moschatostravel.com\/?page_id=153"},"modified":"2016-04-07T13:17:08","modified_gmt":"2016-04-07T11:17:08","slug":"excursions-sur-l-ile","status":"publish","type":"page","link":"https:\/\/moschatostravel.com\/fr\/excursions-sur-l-ile\/","title":{"rendered":"Excursions sur l&#8217;\u00eele"},"content":{"rendered":"<p><a name=\"tourdeville\"><\/a><strong>TOUR DE VILLE<\/strong><\/p>\n<p style=\"text-align: justify;\"><img data-recalc-dims=\"1\" loading=\"lazy\" decoding=\"async\" data-attachment-id=\"183\" data-permalink=\"https:\/\/moschatostravel.com\/fr\/excursions-sur-l-ile\/panoramic-city-tour-2\/\" data-orig-file=\"https:\/\/i0.wp.com\/moschatostravel.com\/fr\/wp-content\/uploads\/2016\/02\/Panoramic-City-Tour-2.jpg?fit=800%2C531&amp;ssl=1\" data-orig-size=\"800,531\" data-comments-opened=\"0\" data-image-meta=\"{&quot;aperture&quot;:&quot;0&quot;,&quot;credit&quot;:&quot;&quot;,&quot;camera&quot;:&quot;&quot;,&quot;caption&quot;:&quot;&quot;,&quot;created_timestamp&quot;:&quot;0&quot;,&quot;copyright&quot;:&quot;&quot;,&quot;focal_length&quot;:&quot;0&quot;,&quot;iso&quot;:&quot;0&quot;,&quot;shutter_speed&quot;:&quot;0&quot;,&quot;title&quot;:&quot;&quot;,&quot;orientation&quot;:&quot;0&quot;}\" data-image-title=\"Rhodes Town, Rhodes Island, Greece\" data-image-description=\"&lt;p&gt;Rhodes Town, Rhodes Island, Greece&lt;\/p&gt;\n\" data-image-caption=\"\" data-medium-file=\"https:\/\/i0.wp.com\/moschatostravel.com\/fr\/wp-content\/uploads\/2016\/02\/Panoramic-City-Tour-2.jpg?fit=300%2C199&amp;ssl=1\" data-large-file=\"https:\/\/i0.wp.com\/moschatostravel.com\/fr\/wp-content\/uploads\/2016\/02\/Panoramic-City-Tour-2.jpg?fit=800%2C531&amp;ssl=1\" class=\"alignright wp-image-183\" src=\"https:\/\/i0.wp.com\/moschatostravel.com\/fr\/wp-content\/uploads\/2016\/02\/Panoramic-City-Tour-2.jpg?resize=550%2C365&#038;ssl=1\" alt=\"\" width=\"550\" height=\"365\" srcset=\"https:\/\/i0.wp.com\/moschatostravel.com\/fr\/wp-content\/uploads\/2016\/02\/Panoramic-City-Tour-2.jpg?w=800&amp;ssl=1 800w, https:\/\/i0.wp.com\/moschatostravel.com\/fr\/wp-content\/uploads\/2016\/02\/Panoramic-City-Tour-2.jpg?resize=300%2C199&amp;ssl=1 300w, https:\/\/i0.wp.com\/moschatostravel.com\/fr\/wp-content\/uploads\/2016\/02\/Panoramic-City-Tour-2.jpg?resize=768%2C510&amp;ssl=1 768w, https:\/\/i0.wp.com\/moschatostravel.com\/fr\/wp-content\/uploads\/2016\/02\/Panoramic-City-Tour-2.jpg?resize=24%2C16&amp;ssl=1 24w, https:\/\/i0.wp.com\/moschatostravel.com\/fr\/wp-content\/uploads\/2016\/02\/Panoramic-City-Tour-2.jpg?resize=36%2C24&amp;ssl=1 36w, https:\/\/i0.wp.com\/moschatostravel.com\/fr\/wp-content\/uploads\/2016\/02\/Panoramic-City-Tour-2.jpg?resize=48%2C32&amp;ssl=1 48w, https:\/\/i0.wp.com\/moschatostravel.com\/fr\/wp-content\/uploads\/2016\/02\/Panoramic-City-Tour-2.jpg?resize=272%2C182&amp;ssl=1 272w\" sizes=\"auto, (max-width: 550px) 100vw, 550px\" \/>Profitez d\u2019un tour panoramique en car pour traverser la ville moderne de Rhodes et d\u00e9couvrir la vue fantastique qui s\u2019offre du plus haut point de la ville, le Monte Smith. Vous distinguerez une grande partie de la c\u00f4te ouest et la ville \u00e9tal\u00e9e \u00e0 vos pieds, ainsi que la c\u00f4te turque situ\u00e9e en face.<\/p>\n<p style=\"text-align: justify;\">Sur la colline du Monte Smith se dresse aussi l\u2019acropole antique de Rhodes avec le Temple d\u2019Apollon, le Stade et l\u2019ancien Th\u00e9\u00e2tre. Ne manquez pas de faire un tour parmi les vestiges de cette civilisation antique!<\/p>\n<p style=\"text-align: justify;\">L\u2019excursion continue ensuite en car le long des remparts de la vieille ville et vous donne l\u2019occasion de jeter un coup d\u2019\u0153il sur le port, les fortifications et l\u2019assortiment d\u2019\u00e9glises et de mosqu\u00e9es. Pendant que vous ferez une promenade \u00e0 pied dans les \u00e9troites ruelles pav\u00e9es de la vieille ville, vous aurez l\u2019impression d\u2019\u00eatre transport\u00e9s au moyen-\u00e2ge.<\/p>\n<p style=\"text-align: justify;\">La plus belle partie de cette vieille ville est compos\u00e9e du Palais des Grands-Ma\u00eetres, des Auberges de sept diff\u00e9rentes nationalit\u00e9s de Chevaliers dans la fameuse Rue des Chevaliers, de l\u2019H\u00f4pital des Chevaliers et du Mus\u00e9e Arch\u00e9ologique qui contient une riche collection de trouvailles anciennes d\u00e9couvertes principalement \u00e0 Kamiros. Tous ces b\u00e2timents sont particuli\u00e8rement bien pr\u00e9serv\u00e9s et ont \u00e9t\u00e9 construits par les Chevaliers de l\u2019Ordre de Saint-Jean qui \u00e9taient arriv\u00e9s de Rhodes \u00e0 J\u00e9rusalem au 12e si\u00e8cle. Ces exceptionnels exemples architecturaux vous donneront l\u2019impression que vous pourriez \u00e0 tout instant faire la rencontre d\u2019un Chevalier sur son cheval\u2026Vous serez charm\u00e9s par Rhodes-Ville !<\/p>\n<p style=\"text-align: justify;\">Demi-journ\u00e9e :<br \/>\nD\u00e9p. 09.00 heures &#8211; Retour 13.00 heures ou<br \/>\nD\u00e9p. 14.00 heures &#8211; Retour 18.00 heures<\/p>\n<hr \/>\n<p><a name=\"lindos\"><\/a><\/p>\n<p style=\"text-align: justify;\"><strong><img data-recalc-dims=\"1\" loading=\"lazy\" decoding=\"async\" data-attachment-id=\"269\" data-permalink=\"https:\/\/moschatostravel.com\/fr\/excursions-sur-l-ile\/lindos\/\" data-orig-file=\"https:\/\/i0.wp.com\/moschatostravel.com\/fr\/wp-content\/uploads\/2016\/02\/Lindos.jpg?fit=550%2C355&amp;ssl=1\" data-orig-size=\"550,355\" data-comments-opened=\"0\" data-image-meta=\"{&quot;aperture&quot;:&quot;0&quot;,&quot;credit&quot;:&quot;&quot;,&quot;camera&quot;:&quot;&quot;,&quot;caption&quot;:&quot;&quot;,&quot;created_timestamp&quot;:&quot;0&quot;,&quot;copyright&quot;:&quot;&quot;,&quot;focal_length&quot;:&quot;0&quot;,&quot;iso&quot;:&quot;0&quot;,&quot;shutter_speed&quot;:&quot;0&quot;,&quot;title&quot;:&quot;&quot;,&quot;orientation&quot;:&quot;0&quot;}\" data-image-title=\"Lindos, Rhodes Island, Greece\" data-image-description=\"&lt;p&gt;Lindos, Rhodes Island, Greece&lt;\/p&gt;\n\" data-image-caption=\"&lt;p&gt;Lindos, Rhodes Island, Greece&lt;\/p&gt;\n\" data-medium-file=\"https:\/\/i0.wp.com\/moschatostravel.com\/fr\/wp-content\/uploads\/2016\/02\/Lindos.jpg?fit=300%2C194&amp;ssl=1\" data-large-file=\"https:\/\/i0.wp.com\/moschatostravel.com\/fr\/wp-content\/uploads\/2016\/02\/Lindos.jpg?fit=550%2C355&amp;ssl=1\" class=\"alignright size-full wp-image-269\" src=\"https:\/\/i0.wp.com\/moschatostravel.com\/fr\/wp-content\/uploads\/2016\/02\/Lindos.jpg?resize=550%2C355&#038;ssl=1\" alt=\"\" width=\"550\" height=\"355\" srcset=\"https:\/\/i0.wp.com\/moschatostravel.com\/fr\/wp-content\/uploads\/2016\/02\/Lindos.jpg?w=550&amp;ssl=1 550w, https:\/\/i0.wp.com\/moschatostravel.com\/fr\/wp-content\/uploads\/2016\/02\/Lindos.jpg?resize=300%2C194&amp;ssl=1 300w, https:\/\/i0.wp.com\/moschatostravel.com\/fr\/wp-content\/uploads\/2016\/02\/Lindos.jpg?resize=24%2C15&amp;ssl=1 24w, https:\/\/i0.wp.com\/moschatostravel.com\/fr\/wp-content\/uploads\/2016\/02\/Lindos.jpg?resize=36%2C23&amp;ssl=1 36w, https:\/\/i0.wp.com\/moschatostravel.com\/fr\/wp-content\/uploads\/2016\/02\/Lindos.jpg?resize=48%2C31&amp;ssl=1 48w\" sizes=\"auto, (max-width: 550px) 100vw, 550px\" \/>LINDOS<\/strong><\/p>\n<p><a name=\"lindos\"><\/a><\/p>\n<p>&nbsp;<\/p>\n<p><a name=\"lindos\"><\/a><\/p>\n<p style=\"text-align: justify;\">Apr\u00e8s avoir long\u00e9 la c\u00f4te est de l\u2019\u00eele et d\u00e9pass\u00e9 les villages Afandou, Archangelos, Malona et Massari, vous arriverez \u00e0 Lindos, le plus pittoresque village blanc grec que l\u2019on puisse imaginer. Toutes les maisons ont \u00e9t\u00e9<br \/>\nconstruites dans le m\u00eame style et sont surplomb\u00e9es par un grand rocher sur lequel se tient l\u2019acropole. Vous pourrez grimper \u00e0 pied les marches jusqu\u2019\u00e0 l\u2019acropole ou y monter \u00e0 dos d\u2019\u00e2ne.<br \/>\nAu sommet de l\u2019acropole, vous trouverez les ruines du Temple de Lindia Athena. Profitez de la belle vue sur le petit port de St-Paul et l\u2019\u00e9blouissant blanc village de Lindos en contrebas. En redescendant de l\u2019acropole, vous devriez jeter un coup d\u2019\u0153il \u00e0 l\u2019\u00e9glise du 13e si\u00e8cle et fl\u00e2ner un peu dans les ruelles ombrag\u00e9es. La plage de sable qui se situe en contrebas invite \u00e0 nager dans les eaux claires de la M\u00e9diterran\u00e9e.En allant \u00e0 Lindos ou en en revenant, une visite d\u2019un atelier de poterie faite main vous permettra d\u2019acqu\u00e9rir quelques souvenirs traditionnels.<\/p>\n<p style=\"text-align: justify;\">Demi-journ\u00e9e :<br \/>\nD\u00e9p. 09.00 heures &#8211; Retour 13.00 heures ou<br \/>\nD\u00e9p. 14.00 heures \u2013 Retour 18.30 heures<\/p>\n<p style=\"text-align: justify;\">Journ\u00e9e enti\u00e8re : D\u00e9p. 09.00 heures &#8211; Retour 17.00 heures<\/p>\n<hr \/>\n<p><a name=\"filerimos\"><\/a><\/p>\n<p style=\"text-align: justify;\"><strong><img data-recalc-dims=\"1\" loading=\"lazy\" decoding=\"async\" data-attachment-id=\"268\" data-permalink=\"https:\/\/moschatostravel.com\/fr\/excursions-sur-l-ile\/valley-of-the-butterflies-2\/\" data-orig-file=\"https:\/\/i0.wp.com\/moschatostravel.com\/fr\/wp-content\/uploads\/2016\/02\/Valley-of-the-Butterflies-2.jpg?fit=550%2C365&amp;ssl=1\" data-orig-size=\"550,365\" data-comments-opened=\"0\" data-image-meta=\"{&quot;aperture&quot;:&quot;0&quot;,&quot;credit&quot;:&quot;&quot;,&quot;camera&quot;:&quot;&quot;,&quot;caption&quot;:&quot;&quot;,&quot;created_timestamp&quot;:&quot;0&quot;,&quot;copyright&quot;:&quot;&quot;,&quot;focal_length&quot;:&quot;0&quot;,&quot;iso&quot;:&quot;0&quot;,&quot;shutter_speed&quot;:&quot;0&quot;,&quot;title&quot;:&quot;&quot;,&quot;orientation&quot;:&quot;0&quot;}\" data-image-title=\"Butterfly Valley, Rhodes, Greece\" data-image-description=\"&lt;p&gt;Valley of the Butterflies, Rhodes, Greece&lt;\/p&gt;\n\" data-image-caption=\"&lt;p&gt;Valley of the Butterflies, Rhodes, Greece&lt;\/p&gt;\n\" data-medium-file=\"https:\/\/i0.wp.com\/moschatostravel.com\/fr\/wp-content\/uploads\/2016\/02\/Valley-of-the-Butterflies-2.jpg?fit=300%2C199&amp;ssl=1\" data-large-file=\"https:\/\/i0.wp.com\/moschatostravel.com\/fr\/wp-content\/uploads\/2016\/02\/Valley-of-the-Butterflies-2.jpg?fit=550%2C365&amp;ssl=1\" class=\"alignright size-full wp-image-268\" src=\"https:\/\/i0.wp.com\/moschatostravel.com\/fr\/wp-content\/uploads\/2016\/02\/Valley-of-the-Butterflies-2.jpg?resize=550%2C365&#038;ssl=1\" alt=\"Valley of the Butterflies (2)\" width=\"550\" height=\"365\" srcset=\"https:\/\/i0.wp.com\/moschatostravel.com\/fr\/wp-content\/uploads\/2016\/02\/Valley-of-the-Butterflies-2.jpg?w=550&amp;ssl=1 550w, https:\/\/i0.wp.com\/moschatostravel.com\/fr\/wp-content\/uploads\/2016\/02\/Valley-of-the-Butterflies-2.jpg?resize=300%2C199&amp;ssl=1 300w, https:\/\/i0.wp.com\/moschatostravel.com\/fr\/wp-content\/uploads\/2016\/02\/Valley-of-the-Butterflies-2.jpg?resize=24%2C16&amp;ssl=1 24w, https:\/\/i0.wp.com\/moschatostravel.com\/fr\/wp-content\/uploads\/2016\/02\/Valley-of-the-Butterflies-2.jpg?resize=36%2C24&amp;ssl=1 36w, https:\/\/i0.wp.com\/moschatostravel.com\/fr\/wp-content\/uploads\/2016\/02\/Valley-of-the-Butterflies-2.jpg?resize=48%2C32&amp;ssl=1 48w, https:\/\/i0.wp.com\/moschatostravel.com\/fr\/wp-content\/uploads\/2016\/02\/Valley-of-the-Butterflies-2.jpg?resize=272%2C182&amp;ssl=1 272w\" sizes=\"auto, (max-width: 550px) 100vw, 550px\" \/>FILERIMOS, KAMIROS, PAPILLONS<\/strong><\/p>\n<p><a name=\"filerimos\"><\/a><\/p>\n<p>&nbsp;<\/p>\n<p><a name=\"filerimos\"><\/a><\/p>\n<p style=\"text-align: justify;\">Apr\u00e8s un trajet le long de la c\u00f4te ouest de l\u2019\u00eele et \u00e0 travers le village de Trianta, vous atteindrez le Mont Filerimos, o\u00f9 vous d\u00e9couvrirez les ruines du Temple d\u2019Ath\u00e9na et de Zeus. L\u2019\u00e9glise byzantine, qui fut reconstruite par les Chevaliers et poss\u00e8de des fresques du 14e si\u00e8cle, est un v\u00e9ritable bijou. Profitez d\u2019une promenade \u00e0 l\u2019ombre des grands arbres et suivez le &#8220;Chemin de Croix&#8221; jusqu\u2019\u00e0 la grande croix blanche de laquelle vous aurez une superbe vue panoramique sur la plaine de Trianta et sur l\u2019a\u00e9roport international.<\/p>\n<p style=\"text-align: justify;\">Tr\u00e8s int\u00e9ressante aussi est la Vall\u00e9e des Papillons, une superbe gorge \u00e0 la for\u00eat dense, aux ruisseaux et aux rustiques ponts en bois. La vall\u00e9e est peupl\u00e9e chaque ann\u00e9e de milliers de papillons de juin \u00e0 septembre.<\/p>\n<p style=\"text-align: justify;\">La ville antique de Kamiros est l\u2019un des sites arch\u00e9ologiques les plus exceptionnels en Gr\u00e8ce. On peut toujours y voir les fondations d\u2019un grand nombre de constructions et monuments datant de la p\u00e9riode hell\u00e9nistique et faire une promenade dans les \u00e9troites ruelles de la cit\u00e9.<\/p>\n<p style=\"text-align: justify;\">Demi-journ\u00e9e:<br \/>\nD\u00e9p. 09.00 heures &#8211; Retour 13.00 heures ou<br \/>\nD\u00e9p. 14.00 heures &#8211; Retour 18.30 heures<\/p>\n<p style=\"text-align: justify;\">Journ\u00e9e enti\u00e8re:<br \/>\nD\u00e9p. 09.00 heures &#8211; Retour 17.00 heures<\/p>\n<hr \/>\n<p><a name=\"tourdelile\"><\/a><\/p>\n<p style=\"text-align: justify;\"><strong><img data-recalc-dims=\"1\" loading=\"lazy\" decoding=\"async\" data-attachment-id=\"242\" data-permalink=\"https:\/\/moschatostravel.com\/fr\/excursions-sur-l-ile\/panoramic-city-tour-6\/\" data-orig-file=\"https:\/\/i0.wp.com\/moschatostravel.com\/fr\/wp-content\/uploads\/2016\/02\/Panoramic-City-Tour-6.jpg?fit=548%2C365&amp;ssl=1\" data-orig-size=\"548,365\" data-comments-opened=\"0\" data-image-meta=\"{&quot;aperture&quot;:&quot;0&quot;,&quot;credit&quot;:&quot;&quot;,&quot;camera&quot;:&quot;&quot;,&quot;caption&quot;:&quot;&quot;,&quot;created_timestamp&quot;:&quot;0&quot;,&quot;copyright&quot;:&quot;&quot;,&quot;focal_length&quot;:&quot;0&quot;,&quot;iso&quot;:&quot;0&quot;,&quot;shutter_speed&quot;:&quot;0&quot;,&quot;title&quot;:&quot;&quot;,&quot;orientation&quot;:&quot;0&quot;}\" data-image-title=\"Rhodes Town, Rhodes Island, Greece\" data-image-description=\"&lt;p&gt;Rhodes Town, Rhodes Island, Greece&lt;\/p&gt;\n\" data-image-caption=\"&lt;p&gt;Rhodes Town, Rhodes Island, Greece&lt;\/p&gt;\n\" data-medium-file=\"https:\/\/i0.wp.com\/moschatostravel.com\/fr\/wp-content\/uploads\/2016\/02\/Panoramic-City-Tour-6.jpg?fit=300%2C200&amp;ssl=1\" data-large-file=\"https:\/\/i0.wp.com\/moschatostravel.com\/fr\/wp-content\/uploads\/2016\/02\/Panoramic-City-Tour-6.jpg?fit=548%2C365&amp;ssl=1\" class=\"alignright size-full wp-image-242\" src=\"https:\/\/i0.wp.com\/moschatostravel.com\/fr\/wp-content\/uploads\/2016\/02\/Panoramic-City-Tour-6.jpg?resize=548%2C365&#038;ssl=1\" alt=\"Panoramic City Tour (6)\" width=\"548\" height=\"365\" srcset=\"https:\/\/i0.wp.com\/moschatostravel.com\/fr\/wp-content\/uploads\/2016\/02\/Panoramic-City-Tour-6.jpg?w=548&amp;ssl=1 548w, https:\/\/i0.wp.com\/moschatostravel.com\/fr\/wp-content\/uploads\/2016\/02\/Panoramic-City-Tour-6.jpg?resize=300%2C200&amp;ssl=1 300w, https:\/\/i0.wp.com\/moschatostravel.com\/fr\/wp-content\/uploads\/2016\/02\/Panoramic-City-Tour-6.jpg?resize=24%2C16&amp;ssl=1 24w, https:\/\/i0.wp.com\/moschatostravel.com\/fr\/wp-content\/uploads\/2016\/02\/Panoramic-City-Tour-6.jpg?resize=36%2C24&amp;ssl=1 36w, https:\/\/i0.wp.com\/moschatostravel.com\/fr\/wp-content\/uploads\/2016\/02\/Panoramic-City-Tour-6.jpg?resize=48%2C32&amp;ssl=1 48w, https:\/\/i0.wp.com\/moschatostravel.com\/fr\/wp-content\/uploads\/2016\/02\/Panoramic-City-Tour-6.jpg?resize=272%2C182&amp;ssl=1 272w\" sizes=\"auto, (max-width: 548px) 100vw, 548px\" \/>TOUR DE L&#8217;ILE<\/strong><\/p>\n<p><a name=\"tourdelile\"><\/a><\/p>\n<p>&nbsp;<\/p>\n<p><a name=\"tourdelile\"><\/a><\/p>\n<p style=\"text-align: justify;\">L\u2019excursion commence par un trajet le long de la c\u00f4te est de l\u2019\u00eele entre Faliraki et Afandou. Peu apr\u00e8s, le village d\u2019Archangelos, le second plus grand de Rhodes, invite \u00e0 faire un arr\u00eat pour une petite promenade dans les ruelles et pour admirer les vieilles maisons.<br \/>\nBien s\u00fbr, vous ne devriez pas non plus manquer les plantations d\u2019orangers et de citronniers des villages Malona et Massari qui se situent un peu plus au sud ! \u00c0 Genadi d\u00e9bute la route qui traverse l\u2019\u00eele d\u2019est en ouest et vous m\u00e8nera jusqu\u2019\u00e0 la forteresse de Monolithos qui a \u00e9t\u00e9 \u00e9rig\u00e9e par les Chevaliers. La vue sur les \u00eeles en face est absolument unique !<\/p>\n<p style=\"text-align: justify;\">Profitez d\u2019un bon repas grec dans le village d\u2019Embona pr\u00e8s de la plus haute montagne de Rhodes, l\u2019Ataviros, et d\u00e9gustez quelques vins de la r\u00e9gion dans la cave vinicole Emery.<\/p>\n<p style=\"text-align: justify;\">Sur le chemin du retour, vous longerez la c\u00f4te ouest. Le tour de l\u2019\u00eele est le parfait moyen de faire connaissance des traditions grecques et du style de vie rhodien. La vari\u00e9t\u00e9 des paysages et les calmes petits villages de l\u2019\u00eele vous laisseront des souvenirs ind\u00e9l\u00e9biles\u2026<\/p>\n<p style=\"text-align: justify;\">Journ\u00e9e enti\u00e8re : D\u00e9p. 09.00 heures &#8211; Retour 17.00 heures<\/p>\n<hr \/>\n<p><a name=\"soiree\"><\/a><\/p>\n<p style=\"text-align: justify;\"><strong><img data-recalc-dims=\"1\" loading=\"lazy\" decoding=\"async\" data-attachment-id=\"270\" data-permalink=\"https:\/\/moschatostravel.com\/fr\/excursions-sur-l-ile\/dance\/\" data-orig-file=\"https:\/\/i0.wp.com\/moschatostravel.com\/fr\/wp-content\/uploads\/2016\/02\/Dance.jpg?fit=550%2C365&amp;ssl=1\" data-orig-size=\"550,365\" data-comments-opened=\"0\" data-image-meta=\"{&quot;aperture&quot;:&quot;0&quot;,&quot;credit&quot;:&quot;&quot;,&quot;camera&quot;:&quot;&quot;,&quot;caption&quot;:&quot;&quot;,&quot;created_timestamp&quot;:&quot;0&quot;,&quot;copyright&quot;:&quot;&quot;,&quot;focal_length&quot;:&quot;0&quot;,&quot;iso&quot;:&quot;0&quot;,&quot;shutter_speed&quot;:&quot;0&quot;,&quot;title&quot;:&quot;&quot;,&quot;orientation&quot;:&quot;0&quot;}\" data-image-title=\"Greek Dancers, Rhodes Island, Greece\" data-image-description=\"&lt;p&gt;Greek Dancers, Rhodes Island, Greece&lt;\/p&gt;\n\" data-image-caption=\"&lt;p&gt;Greek Dancers, Rhodes Island, Greece&lt;\/p&gt;\n\" data-medium-file=\"https:\/\/i0.wp.com\/moschatostravel.com\/fr\/wp-content\/uploads\/2016\/02\/Dance.jpg?fit=300%2C199&amp;ssl=1\" data-large-file=\"https:\/\/i0.wp.com\/moschatostravel.com\/fr\/wp-content\/uploads\/2016\/02\/Dance.jpg?fit=550%2C365&amp;ssl=1\" class=\"alignright size-full wp-image-270\" src=\"https:\/\/i0.wp.com\/moschatostravel.com\/fr\/wp-content\/uploads\/2016\/02\/Dance.jpg?resize=550%2C365&#038;ssl=1\" alt=\"\" width=\"550\" height=\"365\" srcset=\"https:\/\/i0.wp.com\/moschatostravel.com\/fr\/wp-content\/uploads\/2016\/02\/Dance.jpg?w=550&amp;ssl=1 550w, https:\/\/i0.wp.com\/moschatostravel.com\/fr\/wp-content\/uploads\/2016\/02\/Dance.jpg?resize=300%2C199&amp;ssl=1 300w, https:\/\/i0.wp.com\/moschatostravel.com\/fr\/wp-content\/uploads\/2016\/02\/Dance.jpg?resize=24%2C16&amp;ssl=1 24w, https:\/\/i0.wp.com\/moschatostravel.com\/fr\/wp-content\/uploads\/2016\/02\/Dance.jpg?resize=36%2C24&amp;ssl=1 36w, https:\/\/i0.wp.com\/moschatostravel.com\/fr\/wp-content\/uploads\/2016\/02\/Dance.jpg?resize=48%2C32&amp;ssl=1 48w, https:\/\/i0.wp.com\/moschatostravel.com\/fr\/wp-content\/uploads\/2016\/02\/Dance.jpg?resize=272%2C182&amp;ssl=1 272w\" sizes=\"auto, (max-width: 550px) 100vw, 550px\" \/>SOIREE GRECQUE<\/strong><\/p>\n<p><a name=\"soiree\"><\/a><\/p>\n<p>&nbsp;<\/p>\n<p><a name=\"soiree\"><\/a><\/p>\n<p style=\"text-align: justify;\">Apr\u00e8s un trajet jusqu\u2019au village de Pastida ou Afandou, vous serez libres de faire une petite promenade dans le village et de visiter l\u2019\u00e9glise.<\/p>\n<p style=\"text-align: justify;\">Des sp\u00e9cialit\u00e9s grecques et une quantit\u00e9 illimit\u00e9e de vin du pays (rouge et blanc) vous seront ensuite propos\u00e9es dans la grande taverne (restaurant) du village.<\/p>\n<p style=\"text-align: justify;\">Pendant le d\u00eener, un groupe de danseurs grecs portants le costume traditionnel vous pr\u00e9sentera les danses folkloriques et traditionnelles et vous apprendra les pas du Sirtaki.<\/p>\n<p style=\"text-align: justify;\">N\u2019h\u00e9sitez pas \u00e0 participer ! Les villageois seront heureux de vous voir vous lever et danser. C\u2019est l\u2019occasion pour vous de vous exercer aux pas de danse grecs, m\u00eame s\u2019ils ne sont pas aussi faciles qu\u2019ils le semblent de prime abord. Ne manquez pas cette traditionnelle soir\u00e9e grecque ! Vous l\u2019appr\u00e9cierez !<\/p>\n<p style=\"text-align: justify;\">D\u00e9p. 18.00 heures &#8211; Retour 22.30 heures<\/p>\n","protected":false},"excerpt":{"rendered":"<p>TOUR DE VILLE Profitez d\u2019un tour panoramique en car pour traverser la ville moderne de Rhodes et d\u00e9couvrir la vue fantastique qui s\u2019offre du plus haut point de la ville, le Monte Smith. Vous distinguerez une grande partie de la c\u00f4te ouest et la ville \u00e9tal\u00e9e \u00e0 vos pieds, ainsi que la c\u00f4te turque situ\u00e9e<br \/><a class=\"moretag\" href=\"https:\/\/moschatostravel.com\/fr\/excursions-sur-l-ile\/\">+ Read More<\/a><\/p>\n","protected":false},"author":1,"featured_media":0,"parent":0,"menu_order":0,"comment_status":"closed","ping_status":"closed","template":"","meta":{"jetpack_post_was_ever_published":false,"footnotes":""},"class_list":["post-153","page","type-page","status-publish","hentry"],"jetpack_sharing_enabled":true,"jetpack_shortlink":"https:\/\/wp.me\/P7gp69-2t","jetpack-related-posts":[],"_links":{"self":[{"href":"https:\/\/moschatostravel.com\/fr\/wp-json\/wp\/v2\/pages\/153","targetHints":{"allow":["GET"]}}],"collection":[{"href":"https:\/\/moschatostravel.com\/fr\/wp-json\/wp\/v2\/pages"}],"about":[{"href":"https:\/\/moschatostravel.com\/fr\/wp-json\/wp\/v2\/types\/page"}],"author":[{"embeddable":true,"href":"https:\/\/moschatostravel.com\/fr\/wp-json\/wp\/v2\/users\/1"}],"replies":[{"embeddable":true,"href":"https:\/\/moschatostravel.com\/fr\/wp-json\/wp\/v2\/comments?post=153"}],"version-history":[{"count":35,"href":"https:\/\/moschatostravel.com\/fr\/wp-json\/wp\/v2\/pages\/153\/revisions"}],"predecessor-version":[{"id":581,"href":"https:\/\/moschatostravel.com\/fr\/wp-json\/wp\/v2\/pages\/153\/revisions\/581"}],"wp:attachment":[{"href":"https:\/\/moschatostravel.com\/fr\/wp-json\/wp\/v2\/media?parent=153"}],"curies":[{"name":"wp","href":"https:\/\/api.w.org\/{rel}","templated":true}]}}