{"id":178,"date":"2016-02-09T13:38:34","date_gmt":"2016-02-09T11:38:34","guid":{"rendered":"http:\/\/moschatostravel.com\/?page_id=178"},"modified":"2016-02-20T12:04:10","modified_gmt":"2016-02-20T10:04:10","slug":"ihre-hochzeit","status":"publish","type":"page","link":"https:\/\/moschatostravel.com\/de\/ihre-hochzeit\/","title":{"rendered":"Hochzeit"},"content":{"rendered":"<p><strong><a href=\"https:\/\/i0.wp.com\/moschatostravel.com\/de\/wp-content\/uploads\/2016\/02\/Flowers.jpg?ssl=1\" rel=\"attachment wp-att-359\"><img data-recalc-dims=\"1\" loading=\"lazy\" decoding=\"async\" data-attachment-id=\"359\" data-permalink=\"https:\/\/moschatostravel.com\/de\/ihre-hochzeit\/flowers\/\" data-orig-file=\"https:\/\/i0.wp.com\/moschatostravel.com\/de\/wp-content\/uploads\/2016\/02\/Flowers.jpg?fit=800%2C532&amp;ssl=1\" data-orig-size=\"800,532\" data-comments-opened=\"0\" data-image-meta=\"{&quot;aperture&quot;:&quot;0&quot;,&quot;credit&quot;:&quot;&quot;,&quot;camera&quot;:&quot;&quot;,&quot;caption&quot;:&quot;&quot;,&quot;created_timestamp&quot;:&quot;0&quot;,&quot;copyright&quot;:&quot;&quot;,&quot;focal_length&quot;:&quot;0&quot;,&quot;iso&quot;:&quot;0&quot;,&quot;shutter_speed&quot;:&quot;0&quot;,&quot;title&quot;:&quot;&quot;,&quot;orientation&quot;:&quot;0&quot;}\" data-image-title=\"Wedding, Rhodes Island, Greece\" data-image-description=\"&lt;p&gt;Wedding, Rhodes Island, Greece&lt;\/p&gt;\n\" data-image-caption=\"&lt;p&gt;Wedding, Rhodes Island, Greece&lt;\/p&gt;\n\" data-medium-file=\"https:\/\/i0.wp.com\/moschatostravel.com\/de\/wp-content\/uploads\/2016\/02\/Flowers.jpg?fit=300%2C200&amp;ssl=1\" data-large-file=\"https:\/\/i0.wp.com\/moschatostravel.com\/de\/wp-content\/uploads\/2016\/02\/Flowers.jpg?fit=800%2C532&amp;ssl=1\" class=\"size-medium wp-image-359 alignleft\" src=\"https:\/\/i0.wp.com\/moschatostravel.com\/de\/wp-content\/uploads\/2016\/02\/Flowers.jpg?resize=300%2C200&#038;ssl=1\" alt=\"Flowers\" width=\"300\" height=\"200\" srcset=\"https:\/\/i0.wp.com\/moschatostravel.com\/de\/wp-content\/uploads\/2016\/02\/Flowers.jpg?resize=300%2C200&amp;ssl=1 300w, https:\/\/i0.wp.com\/moschatostravel.com\/de\/wp-content\/uploads\/2016\/02\/Flowers.jpg?resize=768%2C511&amp;ssl=1 768w, https:\/\/i0.wp.com\/moschatostravel.com\/de\/wp-content\/uploads\/2016\/02\/Flowers.jpg?resize=24%2C16&amp;ssl=1 24w, https:\/\/i0.wp.com\/moschatostravel.com\/de\/wp-content\/uploads\/2016\/02\/Flowers.jpg?resize=36%2C24&amp;ssl=1 36w, https:\/\/i0.wp.com\/moschatostravel.com\/de\/wp-content\/uploads\/2016\/02\/Flowers.jpg?resize=48%2C32&amp;ssl=1 48w, https:\/\/i0.wp.com\/moschatostravel.com\/de\/wp-content\/uploads\/2016\/02\/Flowers.jpg?resize=272%2C182&amp;ssl=1 272w, https:\/\/i0.wp.com\/moschatostravel.com\/de\/wp-content\/uploads\/2016\/02\/Flowers.jpg?w=800&amp;ssl=1 800w\" sizes=\"auto, (max-width: 300px) 100vw, 300px\" \/><\/a>Basis Paket<\/strong><\/p>\n<p>Ein Treffen mit Ihrem Hochzeitsorganisator nach Ihrer Ankunft auf Rhodos<\/p>\n<p>Die Reservierung des Ortes, wo die Hochzeitszeremonie stattfinden wird<br \/>\nDie Abmachung des Termins mit dem B\u00fcrgermeister (oder evtl. dem Popen oder Priester)<br \/>\nInformationen \u00fcber die offiziellen Dokumente, die Sie in Ihrem Land verlangen und uns senden m\u00fcssen<br \/>\nDie \u00dcbersetzung von Ihren Dokumenten auf Griechisch<br \/>\nEin Besuch des Ortes, wo die Trauung stattfinden wird, zusammen mit dem Hochzeitsorganisator<br \/>\nAlle Geb\u00fchren, die f\u00fcr Ihre griechische Heiratsurkunde anstehen<br \/>\nDie Anwesenheit des Hochzeitsorganisators w\u00e4hrend der Trauung<br \/>\nDie Bereitstellung von Zeugen, falls n\u00f6tig<\/p>\n<p><img data-recalc-dims=\"1\" loading=\"lazy\" decoding=\"async\" data-attachment-id=\"356\" data-permalink=\"https:\/\/moschatostravel.com\/de\/ihre-hochzeit\/bed\/\" data-orig-file=\"https:\/\/i0.wp.com\/moschatostravel.com\/de\/wp-content\/uploads\/2016\/02\/Bed.jpg?fit=800%2C405&amp;ssl=1\" data-orig-size=\"800,405\" data-comments-opened=\"0\" data-image-meta=\"{&quot;aperture&quot;:&quot;0&quot;,&quot;credit&quot;:&quot;&quot;,&quot;camera&quot;:&quot;&quot;,&quot;caption&quot;:&quot;&quot;,&quot;created_timestamp&quot;:&quot;0&quot;,&quot;copyright&quot;:&quot;&quot;,&quot;focal_length&quot;:&quot;0&quot;,&quot;iso&quot;:&quot;0&quot;,&quot;shutter_speed&quot;:&quot;0&quot;,&quot;title&quot;:&quot;&quot;,&quot;orientation&quot;:&quot;0&quot;}\" data-image-title=\"Wedding, Rhodes Island, Greece\" data-image-description=\"&lt;p&gt;Wedding, Rhodes Island, Greece&lt;\/p&gt;\n\" data-image-caption=\"&lt;p&gt;Wedding, Rhodes Island, Greece&lt;\/p&gt;\n\" data-medium-file=\"https:\/\/i0.wp.com\/moschatostravel.com\/de\/wp-content\/uploads\/2016\/02\/Bed.jpg?fit=300%2C152&amp;ssl=1\" data-large-file=\"https:\/\/i0.wp.com\/moschatostravel.com\/de\/wp-content\/uploads\/2016\/02\/Bed.jpg?fit=800%2C405&amp;ssl=1\" class=\"wp-image-356 size-medium alignright\" src=\"https:\/\/i0.wp.com\/moschatostravel.com\/de\/wp-content\/uploads\/2016\/02\/Bed.jpg?resize=300%2C152&#038;ssl=1\" alt=\"Bed\" width=\"300\" height=\"152\" srcset=\"https:\/\/i0.wp.com\/moschatostravel.com\/de\/wp-content\/uploads\/2016\/02\/Bed.jpg?resize=300%2C152&amp;ssl=1 300w, https:\/\/i0.wp.com\/moschatostravel.com\/de\/wp-content\/uploads\/2016\/02\/Bed.jpg?resize=768%2C389&amp;ssl=1 768w, https:\/\/i0.wp.com\/moschatostravel.com\/de\/wp-content\/uploads\/2016\/02\/Bed.jpg?resize=24%2C12&amp;ssl=1 24w, https:\/\/i0.wp.com\/moschatostravel.com\/de\/wp-content\/uploads\/2016\/02\/Bed.jpg?resize=36%2C18&amp;ssl=1 36w, https:\/\/i0.wp.com\/moschatostravel.com\/de\/wp-content\/uploads\/2016\/02\/Bed.jpg?resize=48%2C24&amp;ssl=1 48w, https:\/\/i0.wp.com\/moschatostravel.com\/de\/wp-content\/uploads\/2016\/02\/Bed.jpg?w=800&amp;ssl=1 800w\" sizes=\"auto, (max-width: 300px) 100vw, 300px\" \/>Ein einfacher Brautstrau\u00df und ein Anstecker f\u00fcr den Anzug des Br\u00e4utigams<br \/>\nDie Durchf\u00fchrung der Trauung durch einen Beauftragten des Rathauses (oder durch einen Popen oder Priester, falls es sich um eine kirchliche Trauung handelt)<br \/>\n1 Flasche griechischen Sekt (mit 2 Gl\u00e4sern)<br \/>\nDie \u00dcbersetzung der griechischen Heiratsurkunde in die Sprache Ihres Landes, damit Sie die Ehe zuhause melden k\u00f6nnen<\/p>\n<p>&nbsp;<\/p>\n<p>Feiern Sie Ihre Hochzeit auf der sonnigen Insel Rhodos und lassen Sie Ihre Tr\u00e4ume wahr werden!<\/p>\n<p>Die meisten Hotels auf Rhodos bieten f\u00fcr frisch verm\u00e4hlte Paare eine besondere Behandlung. Deshalb sollten Sie uns bei der Buchung informieren, wenn Ihr Urlaub auf Rhodos Ihre Hochzeitsreise wird.<\/p>\n<p>Aber wenn Sie es w\u00fcnschen, auf Rhodos den &#8220;wichtigsten Tag Ihres Lebens&#8221; zu feiern, werden wir uns freuen, alles f\u00fcr Sie zu organisieren.<\/p>\n<p>Bitte kontaktieren Sie Moschatos Travel &amp; Tourist Bureau S.A., um Ihre Unterkunft und die Organisation Ihrer Trauung oder nur die Organisation Ihrer Hochzeit zu reservieren! Werfen Sie einen Blick auf unser Basis-Paket f\u00fcr Trauungen und z\u00f6gern Sie nicht, uns zu informieren, wenn Sie sonst noch etwas brauchen, um Ihre Tr\u00e4ume wahr werden zu lassen(Transport, Blumen, Restaurant\/Hochzeitsempfang, Schminktermin, Fotograf, Friseur\u2026).<br \/>\nWenn Sie sich dazu entscheiden, den \u201cwichtigsten Tag Ihres Lebens\u201d auf Rhodos mit Hilfe unserer Erfahrung zu feiern, werden Sie ein paar Wochen vor Ihrer Ankunft von uns erfahren, welche Urkunden Sie uns senden werden m\u00fcssen. Am Ankunftstag auf Rhodos oder am Tag danach wird sich der verantwortliche Hochzeitsveranstalter mit Ihnen in Kontakt setzen, um ein Treffen auszumachen, bei dem die Einzelheiten der Hochzeitszeremonie und\/oder des Hochzeitsempfangs besprochen werden.<\/p>\n<p>Die Zeremonie wird meistens auf Englisch gefeiert, au\u00dfer den Gel\u00fcbden, die auf Griechisch ausgesprochen und auf Englisch wiederholt werden. Eine standesamtliche Hochzeit kann vor manchen orthodoxen Kirchen, im Rathaus oder an verschiedenen anderen Orten stattfinden. Bitte werfen Sie einen Blick auf unsere Fotos derPl\u00e4tze, wo solche Trauungen gefeiert werden.<\/p>\n<p>Die Zeremonie kann nur innerhalb einer griechischen Kirche gefeiert werden, wenn mindestens einer der beiden zuk\u00fcnftigen Verm\u00e4hlten orthodox ist. Aber im Falle, dass Sie protestantischoder katholisch sind und sich eine kirchliche Trauung w\u00fcnschen, k\u00f6nnen wir diese gern auch in einer Kirche Ihrer Religion organisieren.<\/p>\n<p>In Griechenland durchgef\u00fchrte Hochzeiten unterziehen sich den gleichen gesetzlichen Regulierungen wie in den anderen L\u00e4ndern der Europ\u00e4ischen Union.<\/p>\n<p>Es ist Staatsangeh\u00f6rigen von allen europ\u00e4ischen L\u00e4ndern erlaubt, in Griechenland zu heiraten.<br \/>\nHier ist die Liste aller Nationalit\u00e4ten, welchen dies gestattet ist:<\/p>\n<p>Argentina \/\u00a0Australia \/\u00a0Austria \/\u00a0Belarus \/\u00a0Belgium \/\u00a0Bosnia &amp; Herzegovina \/\u00a0Brazil \/\u00a0Bulgaria \/\u00a0Canada \/\u00a0Chile \/\u00a0China \/\u00a0Croatia \/\u00a0Cyprus \/\u00a0Czech Republic \/\u00a0Denmark \/\u00a0Ecuador \/\u00a0Egypt \/\u00a0Estonia \/\u00a0Finland \/\u00a0France \/\u00a0Georgia \/\u00a0Germany \/\u00a0Greece \/\u00a0Hungary \/\u00a0Iceland \/\u00a0Ireland \/\u00a0Israel \/\u00a0Italy \/\u00a0Japan \/\u00a0Jordan \/\u00a0Korea \/\u00a0Latvia \/\u00a0Lithuania \/\u00a0 \/\u00a0Luxembourg \/\u00a0Malaysia\u00a0\/\u00a0Malta\u00a0\/\u00a0Mexico\u00a0\/\u00a0Monaco\u00a0\/\u00a0Montenegro\u00a0\/\u00a0Morocco\u00a0\/\u00a0Netherlands\u00a0\/\u00a0New Zealand\u00a0\/\u00a0Norway\u00a0\/\u00a0Panama\u00a0\/\u00a0Paraguay\u00a0\/\u00a0Peru\u00a0\/\u00a0Poland\u00a0\/\u00a0Portugal\u00a0\/\u00a0Romania\u00a0\/\u00a0Russia\u00a0\/\u00a0Serbia\u00a0\/\u00a0Slovakia\u00a0\/\u00a0Slovenia\u00a0\/\u00a0South Africa\u00a0\/\u00a0Spain\u00a0\/\u00a0Sri Lanka\u00a0\/\u00a0Suriname\u00a0\/\u00a0Sweden\u00a0\/\u00a0Switzerland\u00a0\/\u00a0Turkey\u00a0\/\u00a0Ukraine\u00a0\/\u00a0United Kingdom\u00a0\/\u00a0United States of America\u00a0\/\u00a0Uruguay\u00a0\/\u00a0Venezuela<\/p>\n","protected":false},"excerpt":{"rendered":"<p>Basis Paket Ein Treffen mit Ihrem Hochzeitsorganisator nach Ihrer Ankunft auf Rhodos Die Reservierung des Ortes, wo die Hochzeitszeremonie stattfinden wird Die Abmachung des Termins mit dem B\u00fcrgermeister (oder evtl. dem Popen oder Priester) Informationen \u00fcber die offiziellen Dokumente, die Sie in Ihrem Land verlangen und uns senden m\u00fcssen Die \u00dcbersetzung von Ihren Dokumenten auf<br \/><a class=\"moretag\" href=\"https:\/\/moschatostravel.com\/de\/ihre-hochzeit\/\">+ Read More<\/a><\/p>\n","protected":false},"author":1,"featured_media":0,"parent":0,"menu_order":0,"comment_status":"closed","ping_status":"closed","template":"","meta":{"jetpack_post_was_ever_published":false,"footnotes":""},"class_list":["post-178","page","type-page","status-publish","hentry"],"jetpack_sharing_enabled":true,"jetpack_shortlink":"https:\/\/wp.me\/P7gp5I-2S","jetpack-related-posts":[],"_links":{"self":[{"href":"https:\/\/moschatostravel.com\/de\/wp-json\/wp\/v2\/pages\/178","targetHints":{"allow":["GET"]}}],"collection":[{"href":"https:\/\/moschatostravel.com\/de\/wp-json\/wp\/v2\/pages"}],"about":[{"href":"https:\/\/moschatostravel.com\/de\/wp-json\/wp\/v2\/types\/page"}],"author":[{"embeddable":true,"href":"https:\/\/moschatostravel.com\/de\/wp-json\/wp\/v2\/users\/1"}],"replies":[{"embeddable":true,"href":"https:\/\/moschatostravel.com\/de\/wp-json\/wp\/v2\/comments?post=178"}],"version-history":[{"count":11,"href":"https:\/\/moschatostravel.com\/de\/wp-json\/wp\/v2\/pages\/178\/revisions"}],"predecessor-version":[{"id":486,"href":"https:\/\/moschatostravel.com\/de\/wp-json\/wp\/v2\/pages\/178\/revisions\/486"}],"wp:attachment":[{"href":"https:\/\/moschatostravel.com\/de\/wp-json\/wp\/v2\/media?parent=178"}],"curies":[{"name":"wp","href":"https:\/\/api.w.org\/{rel}","templated":true}]}}