{"id":166,"date":"2016-02-09T13:12:23","date_gmt":"2016-02-09T11:12:23","guid":{"rendered":"http:\/\/moschatostravel.com\/?page_id=166"},"modified":"2016-02-20T12:04:25","modified_gmt":"2016-02-20T10:04:25","slug":"poseidon","status":"publish","type":"page","link":"https:\/\/moschatostravel.com\/de\/poseidon\/","title":{"rendered":"Poseidon"},"content":{"rendered":"<p><strong>1. Tag &#8211;\u00a0Ankunft auf Rhodos. Flug nach Rhodos. Transfer zum Hotel.<\/strong><\/p>\n<p style=\"text-align: justify;\"><img data-recalc-dims=\"1\" loading=\"lazy\" decoding=\"async\" data-attachment-id=\"307\" data-permalink=\"https:\/\/moschatostravel.com\/de\/apollo\/attachment\/88\/\" data-orig-file=\"https:\/\/i0.wp.com\/moschatostravel.com\/de\/wp-content\/uploads\/2016\/02\/88.jpg?fit=225%2C150&amp;ssl=1\" data-orig-size=\"225,150\" data-comments-opened=\"0\" data-image-meta=\"{&quot;aperture&quot;:&quot;0&quot;,&quot;credit&quot;:&quot;&quot;,&quot;camera&quot;:&quot;&quot;,&quot;caption&quot;:&quot;&quot;,&quot;created_timestamp&quot;:&quot;0&quot;,&quot;copyright&quot;:&quot;&quot;,&quot;focal_length&quot;:&quot;0&quot;,&quot;iso&quot;:&quot;0&quot;,&quot;shutter_speed&quot;:&quot;0&quot;,&quot;title&quot;:&quot;&quot;,&quot;orientation&quot;:&quot;0&quot;}\" data-image-title=\"Rhodes Island, Greece\" data-image-description=\"&lt;p&gt;Rhodes Island, Greece&lt;\/p&gt;\n\" data-image-caption=\"&lt;p&gt;Rhodes Island, Greece&lt;\/p&gt;\n\" data-medium-file=\"https:\/\/i0.wp.com\/moschatostravel.com\/de\/wp-content\/uploads\/2016\/02\/88.jpg?fit=225%2C150&amp;ssl=1\" data-large-file=\"https:\/\/i0.wp.com\/moschatostravel.com\/de\/wp-content\/uploads\/2016\/02\/88.jpg?fit=225%2C150&amp;ssl=1\" class=\"alignleft size-full wp-image-307\" src=\"https:\/\/i0.wp.com\/moschatostravel.com\/de\/wp-content\/uploads\/2016\/02\/88.jpg?resize=225%2C150&#038;ssl=1\" alt=\"88\" width=\"225\" height=\"150\" srcset=\"https:\/\/i0.wp.com\/moschatostravel.com\/de\/wp-content\/uploads\/2016\/02\/88.jpg?w=225&amp;ssl=1 225w, https:\/\/i0.wp.com\/moschatostravel.com\/de\/wp-content\/uploads\/2016\/02\/88.jpg?resize=24%2C16&amp;ssl=1 24w, https:\/\/i0.wp.com\/moschatostravel.com\/de\/wp-content\/uploads\/2016\/02\/88.jpg?resize=36%2C24&amp;ssl=1 36w, https:\/\/i0.wp.com\/moschatostravel.com\/de\/wp-content\/uploads\/2016\/02\/88.jpg?resize=48%2C32&amp;ssl=1 48w\" sizes=\"auto, (max-width: 225px) 100vw, 225px\" \/><strong>2. Tag &#8211;\u00a0Besichtigung der Stadt Rhodos, halbtags (09.00 &#8211; 13.00 Uhr)<\/strong><br \/>\nGenie\u00dfen Sie eine entspannende Panorama Busfahrt durch das moderne Rhodos und entdecken Sie den einmaligen Blick vom h\u00f6chsten Punkt der Stadt, dem Monte Smith. Auf dem Monte Smith befindet sich auch die Akropolis der antiken Stadt Rhodos mit dem Apollo Tempel, dem Stadion und dem antiken Theater. Erfreuen Sie sich an einem Spaziergang durch die \u00dcberreste der antiken Zivilisation!<\/p>\n<p style=\"text-align: justify;\">Die Tour geht weiter entlang der Mauern der Altstadt und Sie haben die Gelegenheit, unvergessliche Blicke auf den Hafen, die Festungen und die Mischung von Kirchen und Moscheen zu werfen. Zu Fu\u00df erleben Sie die mittelalterliche Stadt (die Weltkulturerbe der UNESCO erkl\u00e4rt wurde) und werden sich pl\u00f6tzlich in mittelalterliche Zeiten zur\u00fcckversetzt f\u00fchlen. Sie besichtigen den Gro\u00dfmeisterpalast und die Ritterstrasse mit den Herbergen der sieben Nationen, aus denen der Johanniterorden im 12. Jahrhundert bestand. Diese au\u00dferordentlich beeindruckenden Beispiele mittelalterlicher Architektur werden Ihnen das Gef\u00fchl geben, dass Sie jeder Zeit mit einem Ritter auf seinem Pferd zusammensto\u00dfen k\u00f6nnten\u2026 Sie werden sich in Rhodos &#8211; Stadt verlieben!<\/p>\n<p style=\"text-align: justify;\"><strong><img data-recalc-dims=\"1\" loading=\"lazy\" decoding=\"async\" data-attachment-id=\"303\" data-permalink=\"https:\/\/moschatostravel.com\/de\/apollo\/attachment\/44\/\" data-orig-file=\"https:\/\/i0.wp.com\/moschatostravel.com\/de\/wp-content\/uploads\/2016\/02\/44.jpg?fit=225%2C150&amp;ssl=1\" data-orig-size=\"225,150\" data-comments-opened=\"0\" data-image-meta=\"{&quot;aperture&quot;:&quot;0&quot;,&quot;credit&quot;:&quot;&quot;,&quot;camera&quot;:&quot;&quot;,&quot;caption&quot;:&quot;&quot;,&quot;created_timestamp&quot;:&quot;0&quot;,&quot;copyright&quot;:&quot;&quot;,&quot;focal_length&quot;:&quot;0&quot;,&quot;iso&quot;:&quot;0&quot;,&quot;shutter_speed&quot;:&quot;0&quot;,&quot;title&quot;:&quot;&quot;,&quot;orientation&quot;:&quot;0&quot;}\" data-image-title=\"Symi, Dodecansese, Greece\" data-image-description=\"&lt;p&gt;Symi, Dodecansese, Greece&lt;\/p&gt;\n\" data-image-caption=\"&lt;p&gt;Symi, Dodecansese, Greece&lt;\/p&gt;\n\" data-medium-file=\"https:\/\/i0.wp.com\/moschatostravel.com\/de\/wp-content\/uploads\/2016\/02\/44.jpg?fit=225%2C150&amp;ssl=1\" data-large-file=\"https:\/\/i0.wp.com\/moschatostravel.com\/de\/wp-content\/uploads\/2016\/02\/44.jpg?fit=225%2C150&amp;ssl=1\" class=\"alignleft size-full wp-image-303\" src=\"https:\/\/i0.wp.com\/moschatostravel.com\/de\/wp-content\/uploads\/2016\/02\/44.jpg?resize=225%2C150&#038;ssl=1\" alt=\"44\" width=\"225\" height=\"150\" srcset=\"https:\/\/i0.wp.com\/moschatostravel.com\/de\/wp-content\/uploads\/2016\/02\/44.jpg?w=225&amp;ssl=1 225w, https:\/\/i0.wp.com\/moschatostravel.com\/de\/wp-content\/uploads\/2016\/02\/44.jpg?resize=24%2C16&amp;ssl=1 24w, https:\/\/i0.wp.com\/moschatostravel.com\/de\/wp-content\/uploads\/2016\/02\/44.jpg?resize=36%2C24&amp;ssl=1 36w, https:\/\/i0.wp.com\/moschatostravel.com\/de\/wp-content\/uploads\/2016\/02\/44.jpg?resize=48%2C32&amp;ssl=1 48w\" sizes=\"auto, (max-width: 225px) 100vw, 225px\" \/>3. Tag &#8211;\u00a0Schiffsausflug zur Insel Symi und zum Kloster Panormitis (08.00 &#8211; 18.00 Uhr)<\/strong><br \/>\nDie kleine Insel Symi liegt n\u00f6rdlich von Rhodos und ist eine unglaublich malerische Insel. Ein Besuch dieser Insel, die ganz in der N\u00e4he der T\u00fcrkei liegt, ist einfach ein Muss, wenn man auf Rhodos Urlaub macht. Nach einer zweist\u00fcndigen Fahrt entlang der t\u00fcrkischen K\u00fcste wird Ihre Ankunft in Symi f\u00fcr Sie ein wahres Erlebnis sein: Sie entdecken eine Insel, deren H\u00e4user alle in verschiedenen, zarten Pastellfarben bemalt sind. Die engen Gassen des Dorfes lohnen sich f\u00fcr einen gem\u00fctlichen Bummel und werden Sie faszinieren. Symi ist auch eine der Inseln, die fr\u00fcher von der Schwammtaucherei lebten. Sie haben die Gelegenheit, auf der Insel einen Naturschwamm f\u00fcr Ihr Bad zu erwerben. Das Schiff bringt Sie sp\u00e4ter weiter zur R\u00fcckseite der Insel, wo das gro\u00dfe Kloster Panormitis \u00fcber der Bucht steht. Es ist dem Erzengel Michael gewidmet und ist ein bedeutender Wallfahrtsort f\u00fcr die Griechen. Symi besuchen ist wie ins Bilderbuch-Griechenland eintauchen. Diese Insel wird f\u00fcr immer in Ihrer Erinnerung bleiben!<\/p>\n<p style=\"text-align: justify;\"><strong><img data-recalc-dims=\"1\" loading=\"lazy\" decoding=\"async\" data-attachment-id=\"301\" data-permalink=\"https:\/\/moschatostravel.com\/de\/apollo\/attachment\/22\/\" data-orig-file=\"https:\/\/i0.wp.com\/moschatostravel.com\/de\/wp-content\/uploads\/2016\/02\/22.jpg?fit=250%2C150&amp;ssl=1\" data-orig-size=\"250,150\" data-comments-opened=\"0\" data-image-meta=\"{&quot;aperture&quot;:&quot;0&quot;,&quot;credit&quot;:&quot;&quot;,&quot;camera&quot;:&quot;&quot;,&quot;caption&quot;:&quot;&quot;,&quot;created_timestamp&quot;:&quot;0&quot;,&quot;copyright&quot;:&quot;&quot;,&quot;focal_length&quot;:&quot;0&quot;,&quot;iso&quot;:&quot;0&quot;,&quot;shutter_speed&quot;:&quot;0&quot;,&quot;title&quot;:&quot;&quot;,&quot;orientation&quot;:&quot;0&quot;}\" data-image-title=\"Lindos, Rhodes Island, Greece\" data-image-description=\"&lt;p&gt;Lindos, Rhodes Island, Greece&lt;\/p&gt;\n\" data-image-caption=\"&lt;p&gt;Lindos, Rhodes Island, Greece&lt;\/p&gt;\n\" data-medium-file=\"https:\/\/i0.wp.com\/moschatostravel.com\/de\/wp-content\/uploads\/2016\/02\/22.jpg?fit=250%2C150&amp;ssl=1\" data-large-file=\"https:\/\/i0.wp.com\/moschatostravel.com\/de\/wp-content\/uploads\/2016\/02\/22.jpg?fit=250%2C150&amp;ssl=1\" class=\"alignleft size-full wp-image-301\" src=\"https:\/\/i0.wp.com\/moschatostravel.com\/de\/wp-content\/uploads\/2016\/02\/22.jpg?resize=250%2C150&#038;ssl=1\" alt=\"22\" width=\"250\" height=\"150\" srcset=\"https:\/\/i0.wp.com\/moschatostravel.com\/de\/wp-content\/uploads\/2016\/02\/22.jpg?w=250&amp;ssl=1 250w, https:\/\/i0.wp.com\/moschatostravel.com\/de\/wp-content\/uploads\/2016\/02\/22.jpg?resize=24%2C14&amp;ssl=1 24w, https:\/\/i0.wp.com\/moschatostravel.com\/de\/wp-content\/uploads\/2016\/02\/22.jpg?resize=36%2C22&amp;ssl=1 36w, https:\/\/i0.wp.com\/moschatostravel.com\/de\/wp-content\/uploads\/2016\/02\/22.jpg?resize=48%2C29&amp;ssl=1 48w\" sizes=\"auto, (max-width: 250px) 100vw, 250px\" \/>4. Tag &#8211;\u00a0Kallithea &#8211; Archangelos &#8211; Lindos (09.00 &#8211; 17.00 Uhr)<\/strong><br \/>\nDer heutige Ausflug zur Ostk\u00fcste ist sicher einer der H\u00f6hepunkte des Besuchs auf Rhodos. Ihr erster Stopp gilt den malerischen, von den Italienern angelegten Thermen von Kallithea. Danach fahren Sie durch Orangenhaine zum Dorf Archangelos, das trotz vielen Besuchern noch recht urspr\u00fcnglich geblieben ist.<\/p>\n<p style=\"text-align: justify;\">Hauptziel ist nat\u00fcrlich das h\u00fcbsche Dorf Lindos. Die Akropolis mit den Ruinen des Tempels der Athena Lindia wird Sie begeistern. Der Ausblick, der sich Ihnen von der Akropolis aus bietet, ist \u00fcberw\u00e4ltigend. Sie erblicken den kleinen Hafen des Hl. Paulus und unter Ihnen liegt der strahlend wei\u00dfe Ort Lindos mit seinem Gewirr von engen, gepflasterten G\u00e4sschen. Beim Abstieg von der Akropolis haben Sie Gelegenheit zu einem Besuch der aus dem 13. Jahrhundert stammenden Muttergotteskirche. Das Innere ist mit sch\u00f6nen Fresken ausgeschm\u00fcckt. Nutzen Sie die Zeit am Nachmittag, um durch den Ort zu bummeln, in dem kristallklaren Wasser der Bucht von Lindos zu schwimmen und sich am sch\u00f6nen Strand zu sonnen.<\/p>\n<p style=\"text-align: justify;\"><strong><img data-recalc-dims=\"1\" loading=\"lazy\" decoding=\"async\" data-attachment-id=\"308\" data-permalink=\"https:\/\/moschatostravel.com\/de\/apollo\/attachment\/99\/\" data-orig-file=\"https:\/\/i0.wp.com\/moschatostravel.com\/de\/wp-content\/uploads\/2016\/02\/99.jpg?fit=229%2C150&amp;ssl=1\" data-orig-size=\"229,150\" data-comments-opened=\"0\" data-image-meta=\"{&quot;aperture&quot;:&quot;0&quot;,&quot;credit&quot;:&quot;&quot;,&quot;camera&quot;:&quot;&quot;,&quot;caption&quot;:&quot;&quot;,&quot;created_timestamp&quot;:&quot;0&quot;,&quot;copyright&quot;:&quot;&quot;,&quot;focal_length&quot;:&quot;0&quot;,&quot;iso&quot;:&quot;0&quot;,&quot;shutter_speed&quot;:&quot;0&quot;,&quot;title&quot;:&quot;&quot;,&quot;orientation&quot;:&quot;0&quot;}\" data-image-title=\"Chalki, Dodecanese, Greece\" data-image-description=\"&lt;p&gt;Chalki, Dodecanese, Greece&lt;\/p&gt;\n\" data-image-caption=\"&lt;p&gt;Chalki, Dodecanese, Greece&lt;\/p&gt;\n\" data-medium-file=\"https:\/\/i0.wp.com\/moschatostravel.com\/de\/wp-content\/uploads\/2016\/02\/99.jpg?fit=229%2C150&amp;ssl=1\" data-large-file=\"https:\/\/i0.wp.com\/moschatostravel.com\/de\/wp-content\/uploads\/2016\/02\/99.jpg?fit=229%2C150&amp;ssl=1\" class=\"alignleft size-full wp-image-308\" src=\"https:\/\/i0.wp.com\/moschatostravel.com\/de\/wp-content\/uploads\/2016\/02\/99.jpg?resize=229%2C150&#038;ssl=1\" alt=\"99\" width=\"229\" height=\"150\" srcset=\"https:\/\/i0.wp.com\/moschatostravel.com\/de\/wp-content\/uploads\/2016\/02\/99.jpg?w=229&amp;ssl=1 229w, https:\/\/i0.wp.com\/moschatostravel.com\/de\/wp-content\/uploads\/2016\/02\/99.jpg?resize=24%2C16&amp;ssl=1 24w, https:\/\/i0.wp.com\/moschatostravel.com\/de\/wp-content\/uploads\/2016\/02\/99.jpg?resize=36%2C24&amp;ssl=1 36w, https:\/\/i0.wp.com\/moschatostravel.com\/de\/wp-content\/uploads\/2016\/02\/99.jpg?resize=48%2C31&amp;ssl=1 48w\" sizes=\"auto, (max-width: 229px) 100vw, 229px\" \/>5. Tag &#8211;\u00a0Schiffsfahrt zur Insel Chalki (08.00 &#8211; 18.00 Uhr)<\/strong><br \/>\nChalki liegt nur 35 Seemeilen von Rhodos entfernt, ist aber von den Touristenstr\u00f6men bisher verschont geblieben. Die wenigen Bewohner leben vom Fischfang und Schwammtauchen. Im Hauptort Nimborio, das sich einen Berghang hinaufzieht, steht die Agios Nikolaos Kirche mit einem interessanten Glockenturm. Auf Chalki gibt es auch ein Kastell aus dem Mittelalter bei CHORIO, eine halbe Stunde Fu\u00dfweg vom Hafen entfernt; die Kirchweihe des dortigen Kreuzklosters (Monastiri tou Stavrou) wird am 14. September gefeiert. Chalki hatte in der Antike schon einen gro\u00dfen Ruf, da die Insel ihre eigenen M\u00fcnzen pr\u00e4gte. 1983 wurde Chalki offiziell zur Insel des Friedens und der Freundschaft zwischen der Jugend in aller Welt erkl\u00e4rt.<\/p>\n<p style=\"text-align: justify;\">\n<p style=\"text-align: justify;\"><strong><img data-recalc-dims=\"1\" loading=\"lazy\" decoding=\"async\" data-attachment-id=\"300\" data-permalink=\"https:\/\/moschatostravel.com\/de\/apollo\/attachment\/11\/\" data-orig-file=\"https:\/\/i0.wp.com\/moschatostravel.com\/de\/wp-content\/uploads\/2016\/02\/11.jpg?fit=236%2C150&amp;ssl=1\" data-orig-size=\"236,150\" data-comments-opened=\"0\" data-image-meta=\"{&quot;aperture&quot;:&quot;0&quot;,&quot;credit&quot;:&quot;&quot;,&quot;camera&quot;:&quot;&quot;,&quot;caption&quot;:&quot;&quot;,&quot;created_timestamp&quot;:&quot;0&quot;,&quot;copyright&quot;:&quot;&quot;,&quot;focal_length&quot;:&quot;0&quot;,&quot;iso&quot;:&quot;0&quot;,&quot;shutter_speed&quot;:&quot;0&quot;,&quot;title&quot;:&quot;&quot;,&quot;orientation&quot;:&quot;0&quot;}\" data-image-title=\"Butterfly Valley, Rhodes, Greece\" data-image-description=\"&lt;p&gt;Butterfly Valley, Rhodes, Greece&lt;\/p&gt;\n\" data-image-caption=\"&lt;p&gt;Butterfly Valley, Rhodes, Greece&lt;\/p&gt;\n\" data-medium-file=\"https:\/\/i0.wp.com\/moschatostravel.com\/de\/wp-content\/uploads\/2016\/02\/11.jpg?fit=236%2C150&amp;ssl=1\" data-large-file=\"https:\/\/i0.wp.com\/moschatostravel.com\/de\/wp-content\/uploads\/2016\/02\/11.jpg?fit=236%2C150&amp;ssl=1\" class=\"alignleft size-full wp-image-300\" src=\"https:\/\/i0.wp.com\/moschatostravel.com\/de\/wp-content\/uploads\/2016\/02\/11.jpg?resize=236%2C150&#038;ssl=1\" alt=\"11\" width=\"236\" height=\"150\" srcset=\"https:\/\/i0.wp.com\/moschatostravel.com\/de\/wp-content\/uploads\/2016\/02\/11.jpg?w=236&amp;ssl=1 236w, https:\/\/i0.wp.com\/moschatostravel.com\/de\/wp-content\/uploads\/2016\/02\/11.jpg?resize=24%2C15&amp;ssl=1 24w, https:\/\/i0.wp.com\/moschatostravel.com\/de\/wp-content\/uploads\/2016\/02\/11.jpg?resize=36%2C23&amp;ssl=1 36w, https:\/\/i0.wp.com\/moschatostravel.com\/de\/wp-content\/uploads\/2016\/02\/11.jpg?resize=48%2C31&amp;ssl=1 48w\" sizes=\"auto, (max-width: 236px) 100vw, 236px\" \/>6. Tag &#8211;\u00a0Filerimos &#8211; Kamiros &#8211; Schmetterlingstal, halbtags (09.00 &#8211; 13.00 Uhr)<\/strong><br \/>\nGenie\u00dfen Sie die Fahrt mit dem Bus entlang der Westk\u00fcste bis zum Dorf Ialyssos (Trianta) und hoch zum Filerimos Berg. Da oben entdecken Sie die Ruinen der antiken Akropolis von Ialyssos und das ruhig gelegene Kloster. Folgen Sie im Schatten der hohen B\u00e4ume dem &#8220;Kreuzweg&#8221; bis zum gro\u00dfen, wei\u00dfen Kreuz am Ende des H\u00fcgels. Der Blick, der sich Ihnen von da aus auf die Trianta-Ebene und den Flughafen bietet, ist einmalig.<\/p>\n<p>Aber auch das Schmetterlingstal wird Sie begeistern: das gr\u00fcne, dicht bewaldete Tal, das auch &#8220;Petaloudes&#8221; (Griechisch = Schmetterlinge) genannt wird, ist ungef\u00e4hr 1 Km lang und von B\u00e4chen durchzogen und rustikalen Br\u00fccken \u00fcberquert. Auch wenn die Hauptzeit der Schmetterlinge von Mitte Juni bis Mitte September ist, liegt immer ein Zauber \u00fcber diesem Tal. Das antike Kamiros ist eines der Ausgrabungsgel\u00e4nde in Griechenland, in dem Sie eine gro\u00dfe Anzahl von \u00dcberbleibseln von Bauten und Denkm\u00e4lern aus der hellenistischen Zeit finden.<\/p>\n<p><strong><img data-recalc-dims=\"1\" loading=\"lazy\" decoding=\"async\" data-attachment-id=\"309\" data-permalink=\"https:\/\/moschatostravel.com\/de\/apollo\/kos-01\/\" data-orig-file=\"https:\/\/i0.wp.com\/moschatostravel.com\/de\/wp-content\/uploads\/2016\/02\/Kos-01.jpg?fit=400%2C267&amp;ssl=1\" data-orig-size=\"400,267\" data-comments-opened=\"0\" data-image-meta=\"{&quot;aperture&quot;:&quot;0&quot;,&quot;credit&quot;:&quot;&quot;,&quot;camera&quot;:&quot;&quot;,&quot;caption&quot;:&quot;&quot;,&quot;created_timestamp&quot;:&quot;0&quot;,&quot;copyright&quot;:&quot;&quot;,&quot;focal_length&quot;:&quot;0&quot;,&quot;iso&quot;:&quot;0&quot;,&quot;shutter_speed&quot;:&quot;0&quot;,&quot;title&quot;:&quot;&quot;,&quot;orientation&quot;:&quot;0&quot;}\" data-image-title=\"Kos, Dodecanese, Greece\" data-image-description=\"&lt;p&gt;Kos, Dodecanese, Greece&lt;\/p&gt;\n\" data-image-caption=\"&lt;p&gt;Kos, Dodecanese, Greece&lt;\/p&gt;\n\" data-medium-file=\"https:\/\/i0.wp.com\/moschatostravel.com\/de\/wp-content\/uploads\/2016\/02\/Kos-01.jpg?fit=300%2C200&amp;ssl=1\" data-large-file=\"https:\/\/i0.wp.com\/moschatostravel.com\/de\/wp-content\/uploads\/2016\/02\/Kos-01.jpg?fit=400%2C267&amp;ssl=1\" class=\"alignleft wp-image-309\" src=\"https:\/\/i0.wp.com\/moschatostravel.com\/de\/wp-content\/uploads\/2016\/02\/Kos-01.jpg?resize=229%2C153&#038;ssl=1\" alt=\"Kos-01\" width=\"229\" height=\"153\" srcset=\"https:\/\/i0.wp.com\/moschatostravel.com\/de\/wp-content\/uploads\/2016\/02\/Kos-01.jpg?w=400&amp;ssl=1 400w, https:\/\/i0.wp.com\/moschatostravel.com\/de\/wp-content\/uploads\/2016\/02\/Kos-01.jpg?resize=300%2C200&amp;ssl=1 300w, https:\/\/i0.wp.com\/moschatostravel.com\/de\/wp-content\/uploads\/2016\/02\/Kos-01.jpg?resize=24%2C16&amp;ssl=1 24w, https:\/\/i0.wp.com\/moschatostravel.com\/de\/wp-content\/uploads\/2016\/02\/Kos-01.jpg?resize=36%2C24&amp;ssl=1 36w, https:\/\/i0.wp.com\/moschatostravel.com\/de\/wp-content\/uploads\/2016\/02\/Kos-01.jpg?resize=48%2C32&amp;ssl=1 48w, https:\/\/i0.wp.com\/moschatostravel.com\/de\/wp-content\/uploads\/2016\/02\/Kos-01.jpg?resize=272%2C182&amp;ssl=1 272w\" sizes=\"auto, (max-width: 229px) 100vw, 229px\" \/>7. Tag &#8211;\u00a0Schiffsfahrt zur Insel Kos (07.30 &#8211; 18.00 Uhr)<\/strong><br \/>\nKos ist eine sch\u00f6ne Insel, auf der viele \u00dcberbleibsel aus der Antike und dem Mittelalter zu finden sind. Der heutige Ausflug f\u00fchrt Sie haupts\u00e4chlich durch die Hauptstadt. Vers\u00e4umen Sie es nicht, die alte, weltbekannte Platane des Hippokrates am Hafen zu suchen, die Johanniterburg zu besuchen und einen kleinen Spaziergang in der Altstadt zu machen. Die Insel war Hippokrates&#8217; Zuhause. Der &#8220;Vater&#8221; der modernen, heutigen Medizinwissenschaft verehrte Asklepios, den Gott der Heilkunde. Das antike Asklepion &#8211; Krankenhaus kann auf Kos immer noch besucht werden und wird Sie beeindrucken.<\/p>\n<p><strong>8. Tag<\/strong><br \/>\nR\u00fcckflug. Transfer zum Flughafen.<\/p>\n","protected":false},"excerpt":{"rendered":"<p>1. Tag &#8211;\u00a0Ankunft auf Rhodos. Flug nach Rhodos. Transfer zum Hotel. 2. Tag &#8211;\u00a0Besichtigung der Stadt Rhodos, halbtags (09.00 &#8211; 13.00 Uhr) Genie\u00dfen Sie eine entspannende Panorama Busfahrt durch das moderne Rhodos und entdecken Sie den einmaligen Blick vom h\u00f6chsten Punkt der Stadt, dem Monte Smith. Auf dem Monte Smith befindet sich auch die Akropolis<br \/><a class=\"moretag\" href=\"https:\/\/moschatostravel.com\/de\/poseidon\/\">+ Read More<\/a><\/p>\n","protected":false},"author":1,"featured_media":277,"parent":0,"menu_order":0,"comment_status":"closed","ping_status":"closed","template":"","meta":{"jetpack_post_was_ever_published":false,"footnotes":""},"class_list":["post-166","page","type-page","status-publish","has-post-thumbnail","hentry"],"jetpack_sharing_enabled":true,"jetpack_shortlink":"https:\/\/wp.me\/P7gp5I-2G","jetpack-related-posts":[],"_links":{"self":[{"href":"https:\/\/moschatostravel.com\/de\/wp-json\/wp\/v2\/pages\/166","targetHints":{"allow":["GET"]}}],"collection":[{"href":"https:\/\/moschatostravel.com\/de\/wp-json\/wp\/v2\/pages"}],"about":[{"href":"https:\/\/moschatostravel.com\/de\/wp-json\/wp\/v2\/types\/page"}],"author":[{"embeddable":true,"href":"https:\/\/moschatostravel.com\/de\/wp-json\/wp\/v2\/users\/1"}],"replies":[{"embeddable":true,"href":"https:\/\/moschatostravel.com\/de\/wp-json\/wp\/v2\/comments?post=166"}],"version-history":[{"count":14,"href":"https:\/\/moschatostravel.com\/de\/wp-json\/wp\/v2\/pages\/166\/revisions"}],"predecessor-version":[{"id":489,"href":"https:\/\/moschatostravel.com\/de\/wp-json\/wp\/v2\/pages\/166\/revisions\/489"}],"wp:featuredmedia":[{"embeddable":true,"href":"https:\/\/moschatostravel.com\/de\/wp-json\/wp\/v2\/media\/277"}],"wp:attachment":[{"href":"https:\/\/moschatostravel.com\/de\/wp-json\/wp\/v2\/media?parent=166"}],"curies":[{"name":"wp","href":"https:\/\/api.w.org\/{rel}","templated":true}]}}