{"id":164,"date":"2016-02-09T12:59:44","date_gmt":"2016-02-09T10:59:44","guid":{"rendered":"http:\/\/moschatostravel.com\/?page_id=164"},"modified":"2016-02-20T12:04:42","modified_gmt":"2016-02-20T10:04:42","slug":"zeus","status":"publish","type":"page","link":"https:\/\/moschatostravel.com\/de\/zeus\/","title":{"rendered":"Zeus"},"content":{"rendered":"<p><strong>1. Tag<\/strong><\/p>\n<div>Ankunft auf Rhodos. Flug nach Rhodos. Transfer zum Hotel.<\/div>\n<p style=\"text-align: justify;\"><strong><img data-recalc-dims=\"1\" loading=\"lazy\" decoding=\"async\" data-attachment-id=\"307\" data-permalink=\"https:\/\/moschatostravel.com\/de\/apollo\/attachment\/88\/\" data-orig-file=\"https:\/\/i0.wp.com\/moschatostravel.com\/de\/wp-content\/uploads\/2016\/02\/88.jpg?fit=225%2C150&amp;ssl=1\" data-orig-size=\"225,150\" data-comments-opened=\"0\" data-image-meta=\"{&quot;aperture&quot;:&quot;0&quot;,&quot;credit&quot;:&quot;&quot;,&quot;camera&quot;:&quot;&quot;,&quot;caption&quot;:&quot;&quot;,&quot;created_timestamp&quot;:&quot;0&quot;,&quot;copyright&quot;:&quot;&quot;,&quot;focal_length&quot;:&quot;0&quot;,&quot;iso&quot;:&quot;0&quot;,&quot;shutter_speed&quot;:&quot;0&quot;,&quot;title&quot;:&quot;&quot;,&quot;orientation&quot;:&quot;0&quot;}\" data-image-title=\"Rhodes Island, Greece\" data-image-description=\"&lt;p&gt;Rhodes Island, Greece&lt;\/p&gt;\n\" data-image-caption=\"&lt;p&gt;Rhodes Island, Greece&lt;\/p&gt;\n\" data-medium-file=\"https:\/\/i0.wp.com\/moschatostravel.com\/de\/wp-content\/uploads\/2016\/02\/88.jpg?fit=225%2C150&amp;ssl=1\" data-large-file=\"https:\/\/i0.wp.com\/moschatostravel.com\/de\/wp-content\/uploads\/2016\/02\/88.jpg?fit=225%2C150&amp;ssl=1\" class=\"alignleft size-full wp-image-307\" src=\"https:\/\/i0.wp.com\/moschatostravel.com\/de\/wp-content\/uploads\/2016\/02\/88.jpg?resize=225%2C150&#038;ssl=1\" alt=\"88\" width=\"225\" height=\"150\" srcset=\"https:\/\/i0.wp.com\/moschatostravel.com\/de\/wp-content\/uploads\/2016\/02\/88.jpg?w=225&amp;ssl=1 225w, https:\/\/i0.wp.com\/moschatostravel.com\/de\/wp-content\/uploads\/2016\/02\/88.jpg?resize=24%2C16&amp;ssl=1 24w, https:\/\/i0.wp.com\/moschatostravel.com\/de\/wp-content\/uploads\/2016\/02\/88.jpg?resize=36%2C24&amp;ssl=1 36w, https:\/\/i0.wp.com\/moschatostravel.com\/de\/wp-content\/uploads\/2016\/02\/88.jpg?resize=48%2C32&amp;ssl=1 48w\" sizes=\"auto, (max-width: 225px) 100vw, 225px\" \/><\/strong><\/p>\n<div><strong>2. Tag<\/strong><\/div>\n<div>Besichtigung der Stadt Rhodos, halbtags (09.00 &#8211; 13.00 Uhr)<\/div>\n<div>Genie\u00dfen Sie eine entspannende Panorama Busfahrt durch das moderne Rhodos und entdecken Sie den einmaligen Blick vom h\u00f6chsten Punkt der Stadt, dem Monte Smith. Auf dem Monte Smith befindet sich auch die Akropolis der antiken Stadt Rhodos mit dem Apollo Tempel, dem Stadion und dem antiken Theater. Erfreuen Sie sich an einem Spaziergang durch die \u00dcberreste der antiken Zivilisation!<\/div>\n<div><\/div>\n<div>Die Tour geht weiter entlang der Mauern der Altstadt und Sie haben die Gelegenheit, unvergessliche Blicke auf den Hafen, die Festungen und die Mischung von Kirchen und Moscheen zu werfen. Zu Fu\u00df erleben Sie die mittelalterliche Stadt (die Weltkulturerbe der UNESCO erkl\u00e4rt wurde) und werden sich pl\u00f6tzlich in mittelalterliche Zeiten zur\u00fcckversetzt f\u00fchlen. Sie besichtigen den Gro\u00dfmeisterpalast und die Ritterstrasse mit den Herbergen der sieben Nationen, aus denen der Johanniterorden im 12. Jahrhundert bestand.<\/div>\n<div>Diese au\u00dferordentlich beeindruckenden Beispiele mittelalterlicher Architektur werden Ihnen das Gef\u00fchl geben, dass Sie jeder Zeit mit einem Ritter auf seinem Pferd zusammensto\u00dfen k\u00f6nnten\u2026 Sie werden sich in Rhodos &#8211; Stadt verlieben!<\/div>\n<p style=\"text-align: justify;\"><strong>\u00a0<\/strong><strong>3. Tag &#8211;\u00a0FREI<\/strong><\/p>\n<p style=\"text-align: justify;\"><strong><img data-recalc-dims=\"1\" loading=\"lazy\" decoding=\"async\" data-attachment-id=\"301\" data-permalink=\"https:\/\/moschatostravel.com\/de\/apollo\/attachment\/22\/\" data-orig-file=\"https:\/\/i0.wp.com\/moschatostravel.com\/de\/wp-content\/uploads\/2016\/02\/22.jpg?fit=250%2C150&amp;ssl=1\" data-orig-size=\"250,150\" data-comments-opened=\"0\" data-image-meta=\"{&quot;aperture&quot;:&quot;0&quot;,&quot;credit&quot;:&quot;&quot;,&quot;camera&quot;:&quot;&quot;,&quot;caption&quot;:&quot;&quot;,&quot;created_timestamp&quot;:&quot;0&quot;,&quot;copyright&quot;:&quot;&quot;,&quot;focal_length&quot;:&quot;0&quot;,&quot;iso&quot;:&quot;0&quot;,&quot;shutter_speed&quot;:&quot;0&quot;,&quot;title&quot;:&quot;&quot;,&quot;orientation&quot;:&quot;0&quot;}\" data-image-title=\"Lindos, Rhodes Island, Greece\" data-image-description=\"&lt;p&gt;Lindos, Rhodes Island, Greece&lt;\/p&gt;\n\" data-image-caption=\"&lt;p&gt;Lindos, Rhodes Island, Greece&lt;\/p&gt;\n\" data-medium-file=\"https:\/\/i0.wp.com\/moschatostravel.com\/de\/wp-content\/uploads\/2016\/02\/22.jpg?fit=250%2C150&amp;ssl=1\" data-large-file=\"https:\/\/i0.wp.com\/moschatostravel.com\/de\/wp-content\/uploads\/2016\/02\/22.jpg?fit=250%2C150&amp;ssl=1\" class=\"size-full wp-image-301 alignleft\" src=\"https:\/\/i0.wp.com\/moschatostravel.com\/de\/wp-content\/uploads\/2016\/02\/22.jpg?resize=250%2C150&#038;ssl=1\" alt=\"22\" width=\"250\" height=\"150\" srcset=\"https:\/\/i0.wp.com\/moschatostravel.com\/de\/wp-content\/uploads\/2016\/02\/22.jpg?w=250&amp;ssl=1 250w, https:\/\/i0.wp.com\/moschatostravel.com\/de\/wp-content\/uploads\/2016\/02\/22.jpg?resize=24%2C14&amp;ssl=1 24w, https:\/\/i0.wp.com\/moschatostravel.com\/de\/wp-content\/uploads\/2016\/02\/22.jpg?resize=36%2C22&amp;ssl=1 36w, https:\/\/i0.wp.com\/moschatostravel.com\/de\/wp-content\/uploads\/2016\/02\/22.jpg?resize=48%2C29&amp;ssl=1 48w\" sizes=\"auto, (max-width: 250px) 100vw, 250px\" \/><\/strong><\/p>\n<div><strong>4. Tag\u00a0<\/strong><\/div>\n<div>Kallithea &#8211; Archangelos &#8211; Lindos (09.00 &#8211; 17.00 Uhr)<\/div>\n<div>Der heutige Ausflug zur Ostk\u00fcste ist sicher einer der H\u00f6hepunkte des Besuchs auf Rhodos. Ihr erster Stopp gilt den malerischen, von den Italienern angelegten Thermen von Kallithea. Danach fahren Sie durch Orangenhaine zum Dorf Archangelos, das trotz vielen Besuchern noch recht urspr\u00fcnglich geblieben ist.<\/div>\n<div><\/div>\n<div>Hauptziel ist nat\u00fcrlich das h\u00fcbsche Dorf Lindos. Die Akropolis mit den Ruinen des Tempels der Athena Lindia wird Sie begeistern. Der Ausblick, der sich Ihnen von der Akropolis aus bietet, ist \u00fcberw\u00e4ltigend. Sie erblicken den kleinen Hafen des Hl. Paulus und unter Ihnen liegt der strahlend wei\u00dfe Ort Lindos mit seinem Gewirr von engen, gepflasterten G\u00e4sschen. Beim Abstieg von der Akropolis haben Sie Gelegenheit zu einem Besuch der aus dem 13. Jahrhundert stammenden Muttergotteskirche. Das Innere ist mit sch\u00f6nen Fresken ausgeschm\u00fcckt. Nutzen Sie die Zeit am Nachmittag, um durch den Ort zu bummeln, in dem kristallklaren Wasser der Bucht von Lindos zu schwimmen und sich am sch\u00f6nen Strand zu sonnen.<\/div>\n<p style=\"text-align: justify;\"><strong>\u00a0<\/strong><strong>5. Tag &#8211;\u00a0FREI<\/strong><\/p>\n<p style=\"text-align: justify;\"><strong><img data-recalc-dims=\"1\" loading=\"lazy\" decoding=\"async\" data-attachment-id=\"300\" data-permalink=\"https:\/\/moschatostravel.com\/de\/apollo\/attachment\/11\/\" data-orig-file=\"https:\/\/i0.wp.com\/moschatostravel.com\/de\/wp-content\/uploads\/2016\/02\/11.jpg?fit=236%2C150&amp;ssl=1\" data-orig-size=\"236,150\" data-comments-opened=\"0\" data-image-meta=\"{&quot;aperture&quot;:&quot;0&quot;,&quot;credit&quot;:&quot;&quot;,&quot;camera&quot;:&quot;&quot;,&quot;caption&quot;:&quot;&quot;,&quot;created_timestamp&quot;:&quot;0&quot;,&quot;copyright&quot;:&quot;&quot;,&quot;focal_length&quot;:&quot;0&quot;,&quot;iso&quot;:&quot;0&quot;,&quot;shutter_speed&quot;:&quot;0&quot;,&quot;title&quot;:&quot;&quot;,&quot;orientation&quot;:&quot;0&quot;}\" data-image-title=\"Butterfly Valley, Rhodes, Greece\" data-image-description=\"&lt;p&gt;Butterfly Valley, Rhodes, Greece&lt;\/p&gt;\n\" data-image-caption=\"&lt;p&gt;Butterfly Valley, Rhodes, Greece&lt;\/p&gt;\n\" data-medium-file=\"https:\/\/i0.wp.com\/moschatostravel.com\/de\/wp-content\/uploads\/2016\/02\/11.jpg?fit=236%2C150&amp;ssl=1\" data-large-file=\"https:\/\/i0.wp.com\/moschatostravel.com\/de\/wp-content\/uploads\/2016\/02\/11.jpg?fit=236%2C150&amp;ssl=1\" class=\"alignleft size-full wp-image-300\" src=\"https:\/\/i0.wp.com\/moschatostravel.com\/de\/wp-content\/uploads\/2016\/02\/11.jpg?resize=236%2C150&#038;ssl=1\" alt=\"11\" width=\"236\" height=\"150\" srcset=\"https:\/\/i0.wp.com\/moschatostravel.com\/de\/wp-content\/uploads\/2016\/02\/11.jpg?w=236&amp;ssl=1 236w, https:\/\/i0.wp.com\/moschatostravel.com\/de\/wp-content\/uploads\/2016\/02\/11.jpg?resize=24%2C15&amp;ssl=1 24w, https:\/\/i0.wp.com\/moschatostravel.com\/de\/wp-content\/uploads\/2016\/02\/11.jpg?resize=36%2C23&amp;ssl=1 36w, https:\/\/i0.wp.com\/moschatostravel.com\/de\/wp-content\/uploads\/2016\/02\/11.jpg?resize=48%2C31&amp;ssl=1 48w\" sizes=\"auto, (max-width: 236px) 100vw, 236px\" \/><\/strong><\/p>\n<div><strong>6. Tag<\/strong><\/div>\n<div>Filerimos &#8211; Kamiros &#8211; Schmetterlingstal, halbtags (09.00 &#8211; 13.00 Uhr)<\/div>\n<div>Genie\u00dfen Sie die Fahrt mit dem Bus entlang der Westk\u00fcste bis zum Dorf Ialyssos (Trianta) und hoch zum Filerimos Berg. Da oben entdecken Sie die Ruinen der antiken Akropolis von Ialyssos und das ruhig gelegene Kloster. Folgen Sie im Schatten der hohen B\u00e4ume dem &#8220;Kreuzweg&#8221; bis zum gro\u00dfen, wei\u00dfen Kreuz am Ende des H\u00fcgels. Der Blick, der sich Ihnen von da aus auf die Trianta-Ebene und den Flughafen bietet, ist einmalig.<\/div>\n<div><\/div>\n<div>Aber auch das Schmetterlingstal wird Sie begeistern: das gr\u00fcne, dicht bewaldete Tal, das auch &#8220;Petaloudes&#8221; (Griechisch = Schmetterlinge) genannt wird, ist ungef\u00e4hr 1 Km lang und von B\u00e4chen durchzogen und rustikalen Br\u00fccken \u00fcberquert. Auch wenn die Hauptzeit der Schmetterlinge von Mitte Juni bis Mitte September ist, liegt immer ein Zauber \u00fcber diesem Tal. Das antike Kamiros ist eines der Ausgrabungsgel\u00e4nde in Griechenland, in dem Sie eine gro\u00dfe Anzahl von \u00dcberbleibseln von Bauten und Denkm\u00e4lern aus der hellenistischen Zeit finden.<\/div>\n<p style=\"text-align: justify;\"><strong>\u00a0<\/strong><strong><img data-recalc-dims=\"1\" loading=\"lazy\" decoding=\"async\" data-attachment-id=\"302\" data-permalink=\"https:\/\/moschatostravel.com\/de\/apollo\/attachment\/33\/\" data-orig-file=\"https:\/\/i0.wp.com\/moschatostravel.com\/de\/wp-content\/uploads\/2016\/02\/33.jpg?fit=224%2C150&amp;ssl=1\" data-orig-size=\"224,150\" data-comments-opened=\"0\" data-image-meta=\"{&quot;aperture&quot;:&quot;0&quot;,&quot;credit&quot;:&quot;&quot;,&quot;camera&quot;:&quot;&quot;,&quot;caption&quot;:&quot;&quot;,&quot;created_timestamp&quot;:&quot;0&quot;,&quot;copyright&quot;:&quot;(c) 2007, Peter MarshALL&quot;,&quot;focal_length&quot;:&quot;0&quot;,&quot;iso&quot;:&quot;0&quot;,&quot;shutter_speed&quot;:&quot;0&quot;,&quot;title&quot;:&quot;&quot;,&quot;orientation&quot;:&quot;0&quot;}\" data-image-title=\"Greek Dancers, Rhodes Island, Greece\" data-image-description=\"&lt;p&gt;Greek Dancers, Rhodes Island, Greece&lt;\/p&gt;\n\" data-image-caption=\"&lt;p&gt;Greek Dancers, Rhodes Island, Greece&lt;\/p&gt;\n\" data-medium-file=\"https:\/\/i0.wp.com\/moschatostravel.com\/de\/wp-content\/uploads\/2016\/02\/33.jpg?fit=224%2C150&amp;ssl=1\" data-large-file=\"https:\/\/i0.wp.com\/moschatostravel.com\/de\/wp-content\/uploads\/2016\/02\/33.jpg?fit=224%2C150&amp;ssl=1\" class=\"alignleft size-full wp-image-302\" src=\"https:\/\/i0.wp.com\/moschatostravel.com\/de\/wp-content\/uploads\/2016\/02\/33.jpg?resize=224%2C150&#038;ssl=1\" alt=\"33\" width=\"224\" height=\"150\" srcset=\"https:\/\/i0.wp.com\/moschatostravel.com\/de\/wp-content\/uploads\/2016\/02\/33.jpg?w=224&amp;ssl=1 224w, https:\/\/i0.wp.com\/moschatostravel.com\/de\/wp-content\/uploads\/2016\/02\/33.jpg?resize=24%2C16&amp;ssl=1 24w, https:\/\/i0.wp.com\/moschatostravel.com\/de\/wp-content\/uploads\/2016\/02\/33.jpg?resize=36%2C24&amp;ssl=1 36w, https:\/\/i0.wp.com\/moschatostravel.com\/de\/wp-content\/uploads\/2016\/02\/33.jpg?resize=48%2C32&amp;ssl=1 48w\" sizes=\"auto, (max-width: 224px) 100vw, 224px\" \/><\/strong><strong>7. Tag<\/strong><\/p>\n<div>Morgen und Nachmittag frei. Abends Dorffest (18.00 &#8211; 22.30 Uhr)<\/div>\n<div>Um ca. 18.00 Uhr startet die Fahrt zum Dorf Afantou oder Pastida, wo Sie die Gelegenheit haben, einige alte H\u00e4user und die Dorfkirche zu besuchen.<\/div>\n<div>Genie\u00dfen Sie nach dem Spaziergang ein typisch griechisches und k\u00f6stliches Abendessen, bei dem Ihnen eine unbegrenzte Menge lokalen Wein (rot oder wei\u00df) angeboten wird. W\u00e4hrend des Essens werden Ihnen Folkloret\u00e4nze von einer Tanzgruppe vorgef\u00fchrt, die Ihnen anschlie\u00dfend die Schritte des &#8220;Sirtaki&#8221;-Tanzes beibringt. Tanzen Sie mit und feiern Sie wie die Griechen!<\/div>\n<p style=\"text-align: justify;\"><strong>\u00a0<\/strong><strong>8. Tag<\/strong><\/p>\n<div>R\u00fcckflug.<\/div>\n<p>&nbsp;<\/p>\n","protected":false},"excerpt":{"rendered":"<p>1. Tag Ankunft auf Rhodos. Flug nach Rhodos. Transfer zum Hotel. 2. Tag Besichtigung der Stadt Rhodos, halbtags (09.00 &#8211; 13.00 Uhr) Genie\u00dfen Sie eine entspannende Panorama Busfahrt durch das moderne Rhodos und entdecken Sie den einmaligen Blick vom h\u00f6chsten Punkt der Stadt, dem Monte Smith. Auf dem Monte Smith befindet sich auch die Akropolis<br \/><a class=\"moretag\" href=\"https:\/\/moschatostravel.com\/de\/zeus\/\">+ Read More<\/a><\/p>\n","protected":false},"author":1,"featured_media":183,"parent":0,"menu_order":0,"comment_status":"closed","ping_status":"closed","template":"","meta":{"jetpack_post_was_ever_published":false,"footnotes":""},"class_list":["post-164","page","type-page","status-publish","has-post-thumbnail","hentry"],"jetpack_sharing_enabled":true,"jetpack_shortlink":"https:\/\/wp.me\/P7gp5I-2E","jetpack-related-posts":[],"_links":{"self":[{"href":"https:\/\/moschatostravel.com\/de\/wp-json\/wp\/v2\/pages\/164","targetHints":{"allow":["GET"]}}],"collection":[{"href":"https:\/\/moschatostravel.com\/de\/wp-json\/wp\/v2\/pages"}],"about":[{"href":"https:\/\/moschatostravel.com\/de\/wp-json\/wp\/v2\/types\/page"}],"author":[{"embeddable":true,"href":"https:\/\/moschatostravel.com\/de\/wp-json\/wp\/v2\/users\/1"}],"replies":[{"embeddable":true,"href":"https:\/\/moschatostravel.com\/de\/wp-json\/wp\/v2\/comments?post=164"}],"version-history":[{"count":12,"href":"https:\/\/moschatostravel.com\/de\/wp-json\/wp\/v2\/pages\/164\/revisions"}],"predecessor-version":[{"id":491,"href":"https:\/\/moschatostravel.com\/de\/wp-json\/wp\/v2\/pages\/164\/revisions\/491"}],"wp:featuredmedia":[{"embeddable":true,"href":"https:\/\/moschatostravel.com\/de\/wp-json\/wp\/v2\/media\/183"}],"wp:attachment":[{"href":"https:\/\/moschatostravel.com\/de\/wp-json\/wp\/v2\/media?parent=164"}],"curies":[{"name":"wp","href":"https:\/\/api.w.org\/{rel}","templated":true}]}}