{"id":162,"date":"2016-02-09T12:39:22","date_gmt":"2016-02-09T10:39:22","guid":{"rendered":"http:\/\/moschatostravel.com\/?page_id=162"},"modified":"2016-02-20T12:04:01","modified_gmt":"2016-02-20T10:04:01","slug":"apollo","status":"publish","type":"page","link":"https:\/\/moschatostravel.com\/de\/apollo\/","title":{"rendered":"Apollo"},"content":{"rendered":"<p><strong>1. Tag<\/strong><br \/>\nAnkunt auf Rhodos. Flug nach Rhodos. Transfer zum Hotel.<\/p>\n<p style=\"text-align: justify;\"><strong><img data-recalc-dims=\"1\" loading=\"lazy\" decoding=\"async\" data-attachment-id=\"307\" data-permalink=\"https:\/\/moschatostravel.com\/de\/apollo\/attachment\/88\/\" data-orig-file=\"https:\/\/i0.wp.com\/moschatostravel.com\/de\/wp-content\/uploads\/2016\/02\/88.jpg?fit=225%2C150&amp;ssl=1\" data-orig-size=\"225,150\" data-comments-opened=\"0\" data-image-meta=\"{&quot;aperture&quot;:&quot;0&quot;,&quot;credit&quot;:&quot;&quot;,&quot;camera&quot;:&quot;&quot;,&quot;caption&quot;:&quot;&quot;,&quot;created_timestamp&quot;:&quot;0&quot;,&quot;copyright&quot;:&quot;&quot;,&quot;focal_length&quot;:&quot;0&quot;,&quot;iso&quot;:&quot;0&quot;,&quot;shutter_speed&quot;:&quot;0&quot;,&quot;title&quot;:&quot;&quot;,&quot;orientation&quot;:&quot;0&quot;}\" data-image-title=\"Rhodes Island, Greece\" data-image-description=\"&lt;p&gt;Rhodes Island, Greece&lt;\/p&gt;\n\" data-image-caption=\"&lt;p&gt;Rhodes Island, Greece&lt;\/p&gt;\n\" data-medium-file=\"https:\/\/i0.wp.com\/moschatostravel.com\/de\/wp-content\/uploads\/2016\/02\/88.jpg?fit=225%2C150&amp;ssl=1\" data-large-file=\"https:\/\/i0.wp.com\/moschatostravel.com\/de\/wp-content\/uploads\/2016\/02\/88.jpg?fit=225%2C150&amp;ssl=1\" class=\"alignleft size-full wp-image-307\" src=\"https:\/\/i0.wp.com\/moschatostravel.com\/de\/wp-content\/uploads\/2016\/02\/88.jpg?resize=225%2C150&#038;ssl=1\" alt=\"88\" width=\"225\" height=\"150\" srcset=\"https:\/\/i0.wp.com\/moschatostravel.com\/de\/wp-content\/uploads\/2016\/02\/88.jpg?w=225&amp;ssl=1 225w, https:\/\/i0.wp.com\/moschatostravel.com\/de\/wp-content\/uploads\/2016\/02\/88.jpg?resize=24%2C16&amp;ssl=1 24w, https:\/\/i0.wp.com\/moschatostravel.com\/de\/wp-content\/uploads\/2016\/02\/88.jpg?resize=36%2C24&amp;ssl=1 36w, https:\/\/i0.wp.com\/moschatostravel.com\/de\/wp-content\/uploads\/2016\/02\/88.jpg?resize=48%2C32&amp;ssl=1 48w\" sizes=\"auto, (max-width: 225px) 100vw, 225px\" \/> 2. Tag<\/strong><br \/>\nBesichtigung der Stadt Rhodos, halbtags (09.00 &#8211; 13.00 Uhr)<br \/>\nGenie\u00dfen Sie eine entspannende Panorama Busfahrt durch das moderne Rhodos und entdecken Sie den einmaligen Blick vom h\u00f6chsten Punkt der Stadt, dem Monte Smith.<br \/>\nAuf dem Monte Smith befindet sich auch die Akropolis der antiken Stadt Rhodos mit dem Apollo Tempel, dem Stadion und dem antiken Theater. Erfreuen Sie sich an einem Spaziergang durch die \u00dcberreste der antiken Zivilisation!<br \/>\nDie Tour geht weiter entlang der Mauern der Altstadt und Sie haben die Gelegenheit, unvergessliche Blicke auf den Hafen, die Festungen und die Mischung von Kirchen und Moscheen zu werfen. Zu Fu\u00df erleben Sie die mittelalterliche Stadt (die Weltkulturerbe der UNESCO erkl\u00e4rt wurde) und werden sich pl\u00f6tzlich in mittelalterliche Zeiten zur\u00fcckversetzt f\u00fchlen. Sie besichtigen den Gro\u00dfmeisterpalast und die Ritterstrasse mit den Herbergen der sieben Nationen, aus denen der Johanniterorden im 12. Jahrhundert bestand.<br \/>\nDiese au\u00dferordentlich beeindruckenden Beispiele mittelalterlicher Architektur werden Ihnen das Gef\u00fchl geben, dass Sie jeder Zeit mit einem Ritter auf seinem Pferd zusammensto\u00dfen k\u00f6nnten\u2026 Sie werden sich in Rhodos &#8211; Stadt verlieben!<\/p>\n<p style=\"text-align: justify;\"><strong><img data-recalc-dims=\"1\" loading=\"lazy\" decoding=\"async\" data-attachment-id=\"301\" data-permalink=\"https:\/\/moschatostravel.com\/de\/apollo\/attachment\/22\/\" data-orig-file=\"https:\/\/i0.wp.com\/moschatostravel.com\/de\/wp-content\/uploads\/2016\/02\/22.jpg?fit=250%2C150&amp;ssl=1\" data-orig-size=\"250,150\" data-comments-opened=\"0\" data-image-meta=\"{&quot;aperture&quot;:&quot;0&quot;,&quot;credit&quot;:&quot;&quot;,&quot;camera&quot;:&quot;&quot;,&quot;caption&quot;:&quot;&quot;,&quot;created_timestamp&quot;:&quot;0&quot;,&quot;copyright&quot;:&quot;&quot;,&quot;focal_length&quot;:&quot;0&quot;,&quot;iso&quot;:&quot;0&quot;,&quot;shutter_speed&quot;:&quot;0&quot;,&quot;title&quot;:&quot;&quot;,&quot;orientation&quot;:&quot;0&quot;}\" data-image-title=\"Lindos, Rhodes Island, Greece\" data-image-description=\"&lt;p&gt;Lindos, Rhodes Island, Greece&lt;\/p&gt;\n\" data-image-caption=\"&lt;p&gt;Lindos, Rhodes Island, Greece&lt;\/p&gt;\n\" data-medium-file=\"https:\/\/i0.wp.com\/moschatostravel.com\/de\/wp-content\/uploads\/2016\/02\/22.jpg?fit=250%2C150&amp;ssl=1\" data-large-file=\"https:\/\/i0.wp.com\/moschatostravel.com\/de\/wp-content\/uploads\/2016\/02\/22.jpg?fit=250%2C150&amp;ssl=1\" class=\"alignleft size-full wp-image-301\" src=\"https:\/\/i0.wp.com\/moschatostravel.com\/de\/wp-content\/uploads\/2016\/02\/22.jpg?resize=250%2C150&#038;ssl=1\" alt=\"22\" width=\"250\" height=\"150\" srcset=\"https:\/\/i0.wp.com\/moschatostravel.com\/de\/wp-content\/uploads\/2016\/02\/22.jpg?w=250&amp;ssl=1 250w, https:\/\/i0.wp.com\/moschatostravel.com\/de\/wp-content\/uploads\/2016\/02\/22.jpg?resize=24%2C14&amp;ssl=1 24w, https:\/\/i0.wp.com\/moschatostravel.com\/de\/wp-content\/uploads\/2016\/02\/22.jpg?resize=36%2C22&amp;ssl=1 36w, https:\/\/i0.wp.com\/moschatostravel.com\/de\/wp-content\/uploads\/2016\/02\/22.jpg?resize=48%2C29&amp;ssl=1 48w\" sizes=\"auto, (max-width: 250px) 100vw, 250px\" \/> 3. Tag<\/strong><br \/>\nArchangelos &#8211; Lindos (09.00 &#8211; 17.00 Uhr)<br \/>\nDer heutige ganzt\u00e4gige Ausflug zur Ostk\u00fcste ist sicher einer der H\u00f6hepunkte des Besuchs auf Rhodos. Sie fahren durch Orangenhaine zum Dorf Archangelos, das trotz vielen Besuchern noch recht urspr\u00fcnglich geblieben ist. Hauptziel ist nat\u00fcrlich Lindos. Sie besichtigen die Akropolis mit den Ruinen des Tempels der Athena Lindia. Der Ausblick, der sich Ihnen von der Akropolis aus bietet, ist \u00fcberw\u00e4ltigend. Sie erblicken den kleinen Hafen des Hl. Paulus und unter Ihnen liegt der strahlend wei\u00dfe Ort Lindos mit seinem Gewirr von engen G\u00e4sschen. Beim Abstieg von der Akropolis haben Sie Gelegenheit zu einem Besuch der aus dem 13. Jahrhundert stammenden Muttergotteskirche. Das Innere ist mit sch\u00f6nen Fresken ausgeschm\u00fcckt. Am Nachmittag haben Sie Zeit, durch den Ort zu bummeln, in dem kristallklaren Wasser der Bucht von Lindos zu schwimmen und sich am sch\u00f6nen Strand zu sonnen.<\/p>\n<p style=\"text-align: justify;\"><strong><img data-recalc-dims=\"1\" loading=\"lazy\" decoding=\"async\" data-attachment-id=\"300\" data-permalink=\"https:\/\/moschatostravel.com\/de\/apollo\/attachment\/11\/\" data-orig-file=\"https:\/\/i0.wp.com\/moschatostravel.com\/de\/wp-content\/uploads\/2016\/02\/11.jpg?fit=236%2C150&amp;ssl=1\" data-orig-size=\"236,150\" data-comments-opened=\"0\" data-image-meta=\"{&quot;aperture&quot;:&quot;0&quot;,&quot;credit&quot;:&quot;&quot;,&quot;camera&quot;:&quot;&quot;,&quot;caption&quot;:&quot;&quot;,&quot;created_timestamp&quot;:&quot;0&quot;,&quot;copyright&quot;:&quot;&quot;,&quot;focal_length&quot;:&quot;0&quot;,&quot;iso&quot;:&quot;0&quot;,&quot;shutter_speed&quot;:&quot;0&quot;,&quot;title&quot;:&quot;&quot;,&quot;orientation&quot;:&quot;0&quot;}\" data-image-title=\"Butterfly Valley, Rhodes, Greece\" data-image-description=\"&lt;p&gt;Butterfly Valley, Rhodes, Greece&lt;\/p&gt;\n\" data-image-caption=\"&lt;p&gt;Butterfly Valley, Rhodes, Greece&lt;\/p&gt;\n\" data-medium-file=\"https:\/\/i0.wp.com\/moschatostravel.com\/de\/wp-content\/uploads\/2016\/02\/11.jpg?fit=236%2C150&amp;ssl=1\" data-large-file=\"https:\/\/i0.wp.com\/moschatostravel.com\/de\/wp-content\/uploads\/2016\/02\/11.jpg?fit=236%2C150&amp;ssl=1\" class=\"alignleft size-full wp-image-300\" src=\"https:\/\/i0.wp.com\/moschatostravel.com\/de\/wp-content\/uploads\/2016\/02\/11.jpg?resize=236%2C150&#038;ssl=1\" alt=\"11\" width=\"236\" height=\"150\" srcset=\"https:\/\/i0.wp.com\/moschatostravel.com\/de\/wp-content\/uploads\/2016\/02\/11.jpg?w=236&amp;ssl=1 236w, https:\/\/i0.wp.com\/moschatostravel.com\/de\/wp-content\/uploads\/2016\/02\/11.jpg?resize=24%2C15&amp;ssl=1 24w, https:\/\/i0.wp.com\/moschatostravel.com\/de\/wp-content\/uploads\/2016\/02\/11.jpg?resize=36%2C23&amp;ssl=1 36w, https:\/\/i0.wp.com\/moschatostravel.com\/de\/wp-content\/uploads\/2016\/02\/11.jpg?resize=48%2C31&amp;ssl=1 48w\" sizes=\"auto, (max-width: 236px) 100vw, 236px\" \/> 4. Tag<\/strong><br \/>\nFilerimos &#8211; Kamiros &#8211; Schmetterlingstal, halbtags (09.00 &#8211; 13.00 Uhr)<br \/>\nGenie\u00dfen Sie die Fahrt mit dem Bus entlang der Westk\u00fcste bis zum Dorf Ialyssos (Trianta) und hoch zum Filerimos Berg. Da oben entdecken Sie die Ruinen der antiken Akropolis von Ialyssos und das ruhig gelegene Kloster. Folgen Sie im Schatten der hohen B\u00e4ume dem &#8220;Kreuzweg&#8221; bis zum gro\u00dfen, wei\u00dfen Kreuz am Ende des H\u00fcgels. Der Blick, der sich Ihnen von da aus auf die Trianta-Ebene und den Flughafen bietet, ist einmalig.<br \/>\nAber auch das Schmetterlingstal wird Sie begeistern: das gr\u00fcne, dicht bewaldete Tal, das auch &#8220;Petaloudes&#8221; (Griechisch = Schmetterlinge) genannt wird, ist ungef\u00e4hr 1 Km lang und von B\u00e4chen durchzogen und rustikalen Br\u00fccken \u00fcberquert. Auch wenn die Hauptzeit der Schmetterlinge von Mitte Juni bis Mitte September ist, liegt immer ein Zauber \u00fcber diesem Tal.<br \/>\nDas antike Kamiros ist eines der Ausgrabungsgel\u00e4nde in Griechenland, in dem Sie eine gro\u00dfe Anzahl von \u00dcberbleibseln von Bauten und Denkm\u00e4lern aus der hellenistischen Zeit finden.<\/p>\n<p style=\"text-align: justify;\"><strong><img data-recalc-dims=\"1\" loading=\"lazy\" decoding=\"async\" data-attachment-id=\"303\" data-permalink=\"https:\/\/moschatostravel.com\/de\/apollo\/attachment\/44\/\" data-orig-file=\"https:\/\/i0.wp.com\/moschatostravel.com\/de\/wp-content\/uploads\/2016\/02\/44.jpg?fit=225%2C150&amp;ssl=1\" data-orig-size=\"225,150\" data-comments-opened=\"0\" data-image-meta=\"{&quot;aperture&quot;:&quot;0&quot;,&quot;credit&quot;:&quot;&quot;,&quot;camera&quot;:&quot;&quot;,&quot;caption&quot;:&quot;&quot;,&quot;created_timestamp&quot;:&quot;0&quot;,&quot;copyright&quot;:&quot;&quot;,&quot;focal_length&quot;:&quot;0&quot;,&quot;iso&quot;:&quot;0&quot;,&quot;shutter_speed&quot;:&quot;0&quot;,&quot;title&quot;:&quot;&quot;,&quot;orientation&quot;:&quot;0&quot;}\" data-image-title=\"Symi, Dodecansese, Greece\" data-image-description=\"&lt;p&gt;Symi, Dodecansese, Greece&lt;\/p&gt;\n\" data-image-caption=\"&lt;p&gt;Symi, Dodecansese, Greece&lt;\/p&gt;\n\" data-medium-file=\"https:\/\/i0.wp.com\/moschatostravel.com\/de\/wp-content\/uploads\/2016\/02\/44.jpg?fit=225%2C150&amp;ssl=1\" data-large-file=\"https:\/\/i0.wp.com\/moschatostravel.com\/de\/wp-content\/uploads\/2016\/02\/44.jpg?fit=225%2C150&amp;ssl=1\" class=\"alignleft size-full wp-image-303\" src=\"https:\/\/i0.wp.com\/moschatostravel.com\/de\/wp-content\/uploads\/2016\/02\/44.jpg?resize=225%2C150&#038;ssl=1\" alt=\"44\" width=\"225\" height=\"150\" srcset=\"https:\/\/i0.wp.com\/moschatostravel.com\/de\/wp-content\/uploads\/2016\/02\/44.jpg?w=225&amp;ssl=1 225w, https:\/\/i0.wp.com\/moschatostravel.com\/de\/wp-content\/uploads\/2016\/02\/44.jpg?resize=24%2C16&amp;ssl=1 24w, https:\/\/i0.wp.com\/moschatostravel.com\/de\/wp-content\/uploads\/2016\/02\/44.jpg?resize=36%2C24&amp;ssl=1 36w, https:\/\/i0.wp.com\/moschatostravel.com\/de\/wp-content\/uploads\/2016\/02\/44.jpg?resize=48%2C32&amp;ssl=1 48w\" sizes=\"auto, (max-width: 225px) 100vw, 225px\" \/>5. Tag<\/strong><br \/>\nSchiffsausflug zur Insel Symi und zum Kloster Panormitis (08.00 &#8211; 18.00 Uhr)<br \/>\nDie kleine Insel Symi liegt n\u00f6rdlich von Rhodos und ist eine unglaublich malerische Insel. Ein Besuch dieser Insel, die ganz in der N\u00e4he der T\u00fcrkei liegt, ist einfach ein Muss, wenn man auf Rhodos Urlaub macht. Nach einer zweist\u00fcndigen Fahrt entlang der t\u00fcrkischen K\u00fcste wird Ihre Ankunft in Symi f\u00fcr Sie ein wahres Erlebnis sein: Sie entdecken eine Insel, deren H\u00e4user alle in verschiedenen, zarten Pastellfarben bemalt sind. Die engen Gassen des Dorfes lohnen sich f\u00fcr einen gem\u00fctlichen Bummel und werden Sie faszinieren. Symi ist auch eine der Inseln, die fr\u00fcher von der Schwammtaucherei lebten. Sie haben die Gelegenheit, auf der Insel einen Naturschwamm f\u00fcr Ihr Bad zu erwerben. Das Schiff bringt Sie sp\u00e4ter weiter zur R\u00fcckseite der Insel, wo das gro\u00dfe Kloster Panormitis \u00fcber der Bucht steht. Es ist dem Erzengel Michael gewidmet und ist ein bedeutender Wallfahrtsort f\u00fcr die Griechen.<br \/>\nSymi besuchen ist wie ins Bilderbuch-Griechenland eintauchen. Diese Insel wird f\u00fcr immer in Ihrer Erinnerung bleiben!<\/p>\n<p style=\"text-align: justify;\"><strong><img data-recalc-dims=\"1\" loading=\"lazy\" decoding=\"async\" data-attachment-id=\"304\" data-permalink=\"https:\/\/moschatostravel.com\/de\/apollo\/attachment\/55\/\" data-orig-file=\"https:\/\/i0.wp.com\/moschatostravel.com\/de\/wp-content\/uploads\/2016\/02\/55.jpg?fit=225%2C150&amp;ssl=1\" data-orig-size=\"225,150\" data-comments-opened=\"0\" data-image-meta=\"{&quot;aperture&quot;:&quot;0&quot;,&quot;credit&quot;:&quot;&quot;,&quot;camera&quot;:&quot;&quot;,&quot;caption&quot;:&quot;&quot;,&quot;created_timestamp&quot;:&quot;0&quot;,&quot;copyright&quot;:&quot;&quot;,&quot;focal_length&quot;:&quot;0&quot;,&quot;iso&quot;:&quot;0&quot;,&quot;shutter_speed&quot;:&quot;0&quot;,&quot;title&quot;:&quot;&quot;,&quot;orientation&quot;:&quot;0&quot;}\" data-image-title=\"Monolithos, Rhodes Island, Greece\" data-image-description=\"&lt;p&gt;Monolithos, Rhodes Island, Greece&lt;\/p&gt;\n\" data-image-caption=\"&lt;p&gt;Monolithos, Rhodes Island, Greece&lt;\/p&gt;\n\" data-medium-file=\"https:\/\/i0.wp.com\/moschatostravel.com\/de\/wp-content\/uploads\/2016\/02\/55.jpg?fit=225%2C150&amp;ssl=1\" data-large-file=\"https:\/\/i0.wp.com\/moschatostravel.com\/de\/wp-content\/uploads\/2016\/02\/55.jpg?fit=225%2C150&amp;ssl=1\" class=\"alignleft size-full wp-image-304\" src=\"https:\/\/i0.wp.com\/moschatostravel.com\/de\/wp-content\/uploads\/2016\/02\/55.jpg?resize=225%2C150&#038;ssl=1\" alt=\"55\" width=\"225\" height=\"150\" srcset=\"https:\/\/i0.wp.com\/moschatostravel.com\/de\/wp-content\/uploads\/2016\/02\/55.jpg?w=225&amp;ssl=1 225w, https:\/\/i0.wp.com\/moschatostravel.com\/de\/wp-content\/uploads\/2016\/02\/55.jpg?resize=24%2C16&amp;ssl=1 24w, https:\/\/i0.wp.com\/moschatostravel.com\/de\/wp-content\/uploads\/2016\/02\/55.jpg?resize=36%2C24&amp;ssl=1 36w, https:\/\/i0.wp.com\/moschatostravel.com\/de\/wp-content\/uploads\/2016\/02\/55.jpg?resize=48%2C32&amp;ssl=1 48w\" sizes=\"auto, (max-width: 225px) 100vw, 225px\" \/>6. Tag<\/strong><br \/>\nInselrundfahrt mit Monolithos (09.00 &#8211; 17.00 Uhr)<br \/>\nAuf dem heutigen Ausflug entdecken Sie den wenig besuchten Westen und S\u00fcdwesten. Die Fahrt an der Westk\u00fcste entlang enth\u00fcllt die gr\u00fcne Seite der Insel und wilde Str\u00e4nde. Aber Rhodos hat auch Berglandschaften zu bieten. Auf dem dritth\u00f6chsten Berg der Insel, dem Profitis Ilias, ist Waldluft angesagt. Das gr\u00f6\u00dfte der zwei italienischen, im alpenl\u00e4ndischen Stil und mitten im Wald gebauten Hotels wird heute wieder als Hotel, Restaurant und Caf\u00e9 benutzt. Von da aus f\u00fchrt die Stra\u00dfe am Ataviros (dem h\u00f6chsten Berg der Insel) vorbei und durch das Dorf Siana nach Monolithos und ist von phantastischen Aussichtspunkten ges\u00e4umt. Aber auch vom mittelalterlichen Kastell von Monolithos, das aus der Kreuzritterzeit stammt, genie\u00dfen Sie einen einzigartigen Blick auf die Inseln gegen\u00fcber. Auf dem R\u00fcckweg lohnt sich ein Abstecher zum byzantinischen Kirchlein von Agios Nikolaos Fountoukli. Es besitzt wertvolle, mittelalterliche Fresken. Ein Tag um Land und Leute kennen zu lernen und in das griechische Dorfleben einzutauchen!<\/p>\n<p style=\"text-align: justify;\"><strong><img data-recalc-dims=\"1\" loading=\"lazy\" decoding=\"async\" data-attachment-id=\"302\" data-permalink=\"https:\/\/moschatostravel.com\/de\/apollo\/attachment\/33\/\" data-orig-file=\"https:\/\/i0.wp.com\/moschatostravel.com\/de\/wp-content\/uploads\/2016\/02\/33.jpg?fit=224%2C150&amp;ssl=1\" data-orig-size=\"224,150\" data-comments-opened=\"0\" data-image-meta=\"{&quot;aperture&quot;:&quot;0&quot;,&quot;credit&quot;:&quot;&quot;,&quot;camera&quot;:&quot;&quot;,&quot;caption&quot;:&quot;&quot;,&quot;created_timestamp&quot;:&quot;0&quot;,&quot;copyright&quot;:&quot;(c) 2007, Peter MarshALL&quot;,&quot;focal_length&quot;:&quot;0&quot;,&quot;iso&quot;:&quot;0&quot;,&quot;shutter_speed&quot;:&quot;0&quot;,&quot;title&quot;:&quot;&quot;,&quot;orientation&quot;:&quot;0&quot;}\" data-image-title=\"Greek Dancers, Rhodes Island, Greece\" data-image-description=\"&lt;p&gt;Greek Dancers, Rhodes Island, Greece&lt;\/p&gt;\n\" data-image-caption=\"&lt;p&gt;Greek Dancers, Rhodes Island, Greece&lt;\/p&gt;\n\" data-medium-file=\"https:\/\/i0.wp.com\/moschatostravel.com\/de\/wp-content\/uploads\/2016\/02\/33.jpg?fit=224%2C150&amp;ssl=1\" data-large-file=\"https:\/\/i0.wp.com\/moschatostravel.com\/de\/wp-content\/uploads\/2016\/02\/33.jpg?fit=224%2C150&amp;ssl=1\" class=\"alignleft size-full wp-image-302\" src=\"https:\/\/i0.wp.com\/moschatostravel.com\/de\/wp-content\/uploads\/2016\/02\/33.jpg?resize=224%2C150&#038;ssl=1\" alt=\"33\" width=\"224\" height=\"150\" srcset=\"https:\/\/i0.wp.com\/moschatostravel.com\/de\/wp-content\/uploads\/2016\/02\/33.jpg?w=224&amp;ssl=1 224w, https:\/\/i0.wp.com\/moschatostravel.com\/de\/wp-content\/uploads\/2016\/02\/33.jpg?resize=24%2C16&amp;ssl=1 24w, https:\/\/i0.wp.com\/moschatostravel.com\/de\/wp-content\/uploads\/2016\/02\/33.jpg?resize=36%2C24&amp;ssl=1 36w, https:\/\/i0.wp.com\/moschatostravel.com\/de\/wp-content\/uploads\/2016\/02\/33.jpg?resize=48%2C32&amp;ssl=1 48w\" sizes=\"auto, (max-width: 224px) 100vw, 224px\" \/>7. Tag<\/strong><br \/>\nVormittag und Nachmittag frei. Abends Dorffest (18.00 &#8211; 22.30 Uhr)<br \/>\nUm ca. 18.00 Uhr startet die Fahrt zum Dorf Afantou oder Pastida, wo Sie die Gelegenheit haben, einige alte H\u00e4user und die Dorfkirche zu besuchen.<br \/>\nGenie\u00dfen Sie nach dem Spaziergang ein typisch griechisches und k\u00f6stliches Abendessen, bei dem Ihnen eine unbegrenzte Menge lokalen Wein (rot oder wei\u00df) angeboten wird. W\u00e4hrend des Essens werden Ihnen Folkloret\u00e4nze von einer Tanzgruppe vorgef\u00fchrt, die Ihnen anschlie\u00dfend die Schritte des &#8220;Sirtaki&#8221;-Tanzes beibringt. Tanzen Sie mit und feiern Sie wie die Griechen!<\/p>\n<p style=\"text-align: justify;\"><strong>8. Tag<\/strong><br \/>\nR\u00fcckflug. Transfer zum Flughafen.<\/p>\n<p>&nbsp;<\/p>\n","protected":false},"excerpt":{"rendered":"<p>1. Tag Ankunt auf Rhodos. Flug nach Rhodos. Transfer zum Hotel. 2. Tag Besichtigung der Stadt Rhodos, halbtags (09.00 &#8211; 13.00 Uhr) Genie\u00dfen Sie eine entspannende Panorama Busfahrt durch das moderne Rhodos und entdecken Sie den einmaligen Blick vom h\u00f6chsten Punkt der Stadt, dem Monte Smith. Auf dem Monte Smith befindet sich auch die Akropolis<br \/><a class=\"moretag\" href=\"https:\/\/moschatostravel.com\/de\/apollo\/\">+ Read More<\/a><\/p>\n","protected":false},"author":1,"featured_media":269,"parent":0,"menu_order":0,"comment_status":"closed","ping_status":"closed","template":"","meta":{"jetpack_post_was_ever_published":false,"footnotes":""},"class_list":["post-162","page","type-page","status-publish","has-post-thumbnail","hentry"],"jetpack_sharing_enabled":true,"jetpack_shortlink":"https:\/\/wp.me\/P7gp5I-2C","jetpack-related-posts":[],"_links":{"self":[{"href":"https:\/\/moschatostravel.com\/de\/wp-json\/wp\/v2\/pages\/162","targetHints":{"allow":["GET"]}}],"collection":[{"href":"https:\/\/moschatostravel.com\/de\/wp-json\/wp\/v2\/pages"}],"about":[{"href":"https:\/\/moschatostravel.com\/de\/wp-json\/wp\/v2\/types\/page"}],"author":[{"embeddable":true,"href":"https:\/\/moschatostravel.com\/de\/wp-json\/wp\/v2\/users\/1"}],"replies":[{"embeddable":true,"href":"https:\/\/moschatostravel.com\/de\/wp-json\/wp\/v2\/comments?post=162"}],"version-history":[{"count":24,"href":"https:\/\/moschatostravel.com\/de\/wp-json\/wp\/v2\/pages\/162\/revisions"}],"predecessor-version":[{"id":485,"href":"https:\/\/moschatostravel.com\/de\/wp-json\/wp\/v2\/pages\/162\/revisions\/485"}],"wp:featuredmedia":[{"embeddable":true,"href":"https:\/\/moschatostravel.com\/de\/wp-json\/wp\/v2\/media\/269"}],"wp:attachment":[{"href":"https:\/\/moschatostravel.com\/de\/wp-json\/wp\/v2\/media?parent=162"}],"curies":[{"name":"wp","href":"https:\/\/api.w.org\/{rel}","templated":true}]}}