{"id":158,"date":"2016-02-08T13:54:24","date_gmt":"2016-02-08T11:54:24","guid":{"rendered":"http:\/\/moschatostravel.com\/?page_id=158"},"modified":"2016-11-30T09:36:59","modified_gmt":"2016-11-30T07:36:59","slug":"schiffsfahrten","status":"publish","type":"page","link":"https:\/\/moschatostravel.com\/de\/schiffsfahrten\/","title":{"rendered":"Schiffsfahrten"},"content":{"rendered":"<p><a name=\"symi\"><\/a><strong><img data-recalc-dims=\"1\" loading=\"lazy\" decoding=\"async\" data-attachment-id=\"277\" data-permalink=\"https:\/\/moschatostravel.com\/de\/schiffsfahrten\/symi\/\" data-orig-file=\"https:\/\/i0.wp.com\/moschatostravel.com\/de\/wp-content\/uploads\/2016\/02\/Symi.jpg?fit=550%2C365&amp;ssl=1\" data-orig-size=\"550,365\" data-comments-opened=\"0\" data-image-meta=\"{&quot;aperture&quot;:&quot;0&quot;,&quot;credit&quot;:&quot;&quot;,&quot;camera&quot;:&quot;&quot;,&quot;caption&quot;:&quot;&quot;,&quot;created_timestamp&quot;:&quot;0&quot;,&quot;copyright&quot;:&quot;&quot;,&quot;focal_length&quot;:&quot;0&quot;,&quot;iso&quot;:&quot;0&quot;,&quot;shutter_speed&quot;:&quot;0&quot;,&quot;title&quot;:&quot;&quot;,&quot;orientation&quot;:&quot;0&quot;}\" data-image-title=\"Symi, Dodecanese, Greece\" data-image-description=\"&lt;p&gt;Symi, Dodecanese, Greece&lt;\/p&gt;\n\" data-image-caption=\"&lt;p&gt;Symi, Dodecanese, Greece&lt;\/p&gt;\n\" data-large-file=\"https:\/\/i0.wp.com\/moschatostravel.com\/de\/wp-content\/uploads\/2016\/02\/Symi.jpg?fit=550%2C365&amp;ssl=1\" class=\"alignright size-full wp-image-277\" src=\"https:\/\/i0.wp.com\/moschatostravel.com\/de\/wp-content\/uploads\/2016\/02\/Symi.jpg?resize=550%2C365&#038;ssl=1\" alt=\"\" width=\"550\" height=\"365\" srcset=\"https:\/\/i0.wp.com\/moschatostravel.com\/de\/wp-content\/uploads\/2016\/02\/Symi.jpg?w=550&amp;ssl=1 550w, https:\/\/i0.wp.com\/moschatostravel.com\/de\/wp-content\/uploads\/2016\/02\/Symi.jpg?resize=300%2C199&amp;ssl=1 300w, https:\/\/i0.wp.com\/moschatostravel.com\/de\/wp-content\/uploads\/2016\/02\/Symi.jpg?resize=24%2C16&amp;ssl=1 24w, https:\/\/i0.wp.com\/moschatostravel.com\/de\/wp-content\/uploads\/2016\/02\/Symi.jpg?resize=36%2C24&amp;ssl=1 36w, https:\/\/i0.wp.com\/moschatostravel.com\/de\/wp-content\/uploads\/2016\/02\/Symi.jpg?resize=48%2C32&amp;ssl=1 48w, https:\/\/i0.wp.com\/moschatostravel.com\/de\/wp-content\/uploads\/2016\/02\/Symi.jpg?resize=272%2C182&amp;ssl=1 272w\" sizes=\"auto, (max-width: 550px) 100vw, 550px\" \/>Insel Symi und Kloster Panormitis<\/strong><\/p>\n<p>Die kleine Insel Symi liegt n\u00f6rdlich von Rhodos und ist die malerischste Insel der Dodekanes &#8211; Gruppe.<br \/>\nNach einer zweist\u00fcndigen Fahrt entlang der t\u00fcrkischen K\u00fcste wird Ihre Ankunft in Symi f\u00fcr Sie ein wahres Erlebnis sein: Sie werden eine Insel entdecken, die sich unter dem Schutz der Unesco befindet und deren H\u00e4user alle im gleichen Stil renoviert und in verschiedenen Farben bemalt sind. Die engen Gassen des Dorfes lohnen sich f\u00fcr einen gem\u00fctlichen Bummel und werden Sie faszinieren.<\/p>\n<p>Symi ist auch die Schwammtaucherinsel. Sie haben die Gelegenheit, auf der Insel einen Naturschwamm f\u00fcr Ihr Bad zu erwerben und zu erfahren, wie gef\u00e4hrlich es fr\u00fcher f\u00fcr die Schwammtaucher war, diese Schw\u00e4mme in der Tiefe zu erreichen. Am Nachmittag bringt Sie das Schiff zur R\u00fcckseite der Insel, wo das gro\u00dfe Kloster Panormitis \u00fcber der Bucht steht. Es ist dem Erzengel Michael gewidmet und ist ein bedeutender Wallfahrtsort f\u00fcr die Griechen.<\/p>\n<p>Abfahrt 08:00 Uhr &#8211; R\u00fcckfahrt 18:00 Uhr<\/p>\n<hr \/>\n<p>&nbsp;<\/p>\n<p><a name=\"badespass\"><\/a><strong><img data-recalc-dims=\"1\" loading=\"lazy\" decoding=\"async\" data-attachment-id=\"276\" data-permalink=\"https:\/\/moschatostravel.com\/de\/schiffsfahrten\/rhodes-east-coast-day-cruise-with-faliraki-spa-trip-in-rhodes-160341\/\" data-orig-file=\"https:\/\/i0.wp.com\/moschatostravel.com\/de\/wp-content\/uploads\/2016\/02\/rhodes-east-coast-day-cruise-with-faliraki-spa-trip-in-rhodes-160341.jpg?fit=550%2C364&amp;ssl=1\" data-orig-size=\"550,364\" data-comments-opened=\"0\" data-image-meta=\"{&quot;aperture&quot;:&quot;0&quot;,&quot;credit&quot;:&quot;&quot;,&quot;camera&quot;:&quot;&quot;,&quot;caption&quot;:&quot;&quot;,&quot;created_timestamp&quot;:&quot;0&quot;,&quot;copyright&quot;:&quot;&quot;,&quot;focal_length&quot;:&quot;0&quot;,&quot;iso&quot;:&quot;0&quot;,&quot;shutter_speed&quot;:&quot;0&quot;,&quot;title&quot;:&quot;&quot;,&quot;orientation&quot;:&quot;0&quot;}\" data-image-title=\"Rhodes Island, Greece\" data-image-description=\"&lt;p&gt;Rhodes Island, Greece&lt;\/p&gt;\n\" data-image-caption=\"&lt;p&gt;Rhodes Island, Greece&lt;\/p&gt;\n\" data-large-file=\"https:\/\/i0.wp.com\/moschatostravel.com\/de\/wp-content\/uploads\/2016\/02\/rhodes-east-coast-day-cruise-with-faliraki-spa-trip-in-rhodes-160341.jpg?fit=550%2C364&amp;ssl=1\" class=\"alignright size-full wp-image-276\" src=\"https:\/\/i0.wp.com\/moschatostravel.com\/de\/wp-content\/uploads\/2016\/02\/rhodes-east-coast-day-cruise-with-faliraki-spa-trip-in-rhodes-160341.jpg?resize=550%2C364&#038;ssl=1\" alt=\"\" width=\"550\" height=\"364\" srcset=\"https:\/\/i0.wp.com\/moschatostravel.com\/de\/wp-content\/uploads\/2016\/02\/rhodes-east-coast-day-cruise-with-faliraki-spa-trip-in-rhodes-160341.jpg?w=550&amp;ssl=1 550w, https:\/\/i0.wp.com\/moschatostravel.com\/de\/wp-content\/uploads\/2016\/02\/rhodes-east-coast-day-cruise-with-faliraki-spa-trip-in-rhodes-160341.jpg?resize=300%2C199&amp;ssl=1 300w, https:\/\/i0.wp.com\/moschatostravel.com\/de\/wp-content\/uploads\/2016\/02\/rhodes-east-coast-day-cruise-with-faliraki-spa-trip-in-rhodes-160341.jpg?resize=24%2C16&amp;ssl=1 24w, https:\/\/i0.wp.com\/moschatostravel.com\/de\/wp-content\/uploads\/2016\/02\/rhodes-east-coast-day-cruise-with-faliraki-spa-trip-in-rhodes-160341.jpg?resize=36%2C24&amp;ssl=1 36w, https:\/\/i0.wp.com\/moschatostravel.com\/de\/wp-content\/uploads\/2016\/02\/rhodes-east-coast-day-cruise-with-faliraki-spa-trip-in-rhodes-160341.jpg?resize=48%2C32&amp;ssl=1 48w\" sizes=\"auto, (max-width: 550px) 100vw, 550px\" \/>Badespa\u00df an der Ostk\u00fcste<\/strong><\/p>\n<p>Nutzen Sie diese einzigartige Gelegenheit und verbringen Sie einen entspannenden Tag auf einem Boot, das vom Mandraki &#8211; Hafen losf\u00e4hrt und an der Ostk\u00fcste entlang segelt! Sie werden auf einen Ouzo eingeladen und haben Zeit, an verschiedenen Str\u00e4nden, so wieKallithea, Faliraki und Ladiko, zu baden. Kolymbia und ganz besonders der Tsambika Sandstrand werden Sie auch begeistern!<br \/>\nDieser Tag ist ein Tag, um zu schwimmen, die Sonne zu genie\u00dfen und unter wei\u00dfen Segeln zu entspannen! Das Blau des Meers und das strahlende Sonnenlicht werden Sie verzaubern!<\/p>\n<p>Abfahrt 09:00 Uhr &#8211; R\u00fcckfahrt 17:00 Uhr<\/p>\n<p>&nbsp;<\/p>\n<p>&nbsp;<\/p>\n<hr \/>\n<p>&nbsp;<\/p>\n<p><a name=\"kos\"><\/a><strong>Tagesausflug zur Insel Kos<\/strong><br \/>\n<img data-recalc-dims=\"1\" loading=\"lazy\" decoding=\"async\" data-attachment-id=\"278\" data-permalink=\"https:\/\/moschatostravel.com\/de\/schiffsfahrten\/kos-1\/\" data-orig-file=\"https:\/\/i0.wp.com\/moschatostravel.com\/de\/wp-content\/uploads\/2016\/02\/Kos-1.jpg?fit=550%2C368&amp;ssl=1\" data-orig-size=\"550,368\" data-comments-opened=\"0\" data-image-meta=\"{&quot;aperture&quot;:&quot;0&quot;,&quot;credit&quot;:&quot;&quot;,&quot;camera&quot;:&quot;&quot;,&quot;caption&quot;:&quot;&quot;,&quot;created_timestamp&quot;:&quot;1185270649&quot;,&quot;copyright&quot;:&quot;&quot;,&quot;focal_length&quot;:&quot;0&quot;,&quot;iso&quot;:&quot;0&quot;,&quot;shutter_speed&quot;:&quot;0&quot;,&quot;title&quot;:&quot;&quot;,&quot;orientation&quot;:&quot;0&quot;}\" data-image-title=\"Kos, Dodecanese, Greece\" data-image-description=\"&lt;p&gt;Kos, Dodecanese, Greece&lt;\/p&gt;\n\" data-image-caption=\"&lt;p&gt;Kos, Dodecanese, Greece&lt;\/p&gt;\n\" data-large-file=\"https:\/\/i0.wp.com\/moschatostravel.com\/de\/wp-content\/uploads\/2016\/02\/Kos-1.jpg?fit=550%2C368&amp;ssl=1\" class=\"size-full wp-image-278 alignright\" src=\"https:\/\/i0.wp.com\/moschatostravel.com\/de\/wp-content\/uploads\/2016\/02\/Kos-1.jpg?resize=550%2C368&#038;ssl=1\" alt=\"\" width=\"550\" height=\"368\" srcset=\"https:\/\/i0.wp.com\/moschatostravel.com\/de\/wp-content\/uploads\/2016\/02\/Kos-1.jpg?w=550&amp;ssl=1 550w, https:\/\/i0.wp.com\/moschatostravel.com\/de\/wp-content\/uploads\/2016\/02\/Kos-1.jpg?resize=300%2C201&amp;ssl=1 300w, https:\/\/i0.wp.com\/moschatostravel.com\/de\/wp-content\/uploads\/2016\/02\/Kos-1.jpg?resize=24%2C16&amp;ssl=1 24w, https:\/\/i0.wp.com\/moschatostravel.com\/de\/wp-content\/uploads\/2016\/02\/Kos-1.jpg?resize=36%2C24&amp;ssl=1 36w, https:\/\/i0.wp.com\/moschatostravel.com\/de\/wp-content\/uploads\/2016\/02\/Kos-1.jpg?resize=48%2C32&amp;ssl=1 48w, https:\/\/i0.wp.com\/moschatostravel.com\/de\/wp-content\/uploads\/2016\/02\/Kos-1.jpg?resize=272%2C182&amp;ssl=1 272w\" sizes=\"auto, (max-width: 550px) 100vw, 550px\" \/>Kos war Hippokrates&#8217; Zuhause. Der &#8220;Vater&#8221; der modernen, heutigen Medizinwissenschaft verehrte Asklepios, den Gott der Heilkunde. Das antike Asklepios &#8211; Krankenhaus kann auf Kos heute immer noch besucht werden.<br \/>\nKos ist eine h\u00fcbsche Insel, auf der viele \u00dcberbleibsel aus der Antike und dem Mittelalter zu finden sind.<\/p>\n<p>Vers\u00e4umen Sie es nicht, die alte, weltbekannte Platane des Hippokrates am Hafen zu suchen und machen Sie einen kleinen Spaziergang in der Altstadt. Nehmen Sie sich ein bisschen Zeit, um mit einem Bus oder der Bimmelbahn zum Asklepios &#8211; Krankenhaus zu fahren.<\/p>\n<p>Abfahrt 07:00 Uhr &#8211; R\u00fcckfahrt 18:00 Uhr<\/p>\n<p>&nbsp;<\/p>\n<p>&nbsp;<\/p>\n<hr \/>\n<p>&nbsp;<\/p>\n<p>&nbsp;<\/p>\n<p><a name=\"marmaris\"><\/a><strong>Marmaris<\/strong><br \/>\n<img data-recalc-dims=\"1\" loading=\"lazy\" decoding=\"async\" data-attachment-id=\"279\" data-permalink=\"https:\/\/moschatostravel.com\/de\/schiffsfahrten\/marmaris-3\/\" data-orig-file=\"https:\/\/i0.wp.com\/moschatostravel.com\/de\/wp-content\/uploads\/2016\/02\/Marmaris-3.jpg?fit=547%2C365&amp;ssl=1\" data-orig-size=\"547,365\" data-comments-opened=\"0\" data-image-meta=\"{&quot;aperture&quot;:&quot;0&quot;,&quot;credit&quot;:&quot;&quot;,&quot;camera&quot;:&quot;&quot;,&quot;caption&quot;:&quot;&quot;,&quot;created_timestamp&quot;:&quot;0&quot;,&quot;copyright&quot;:&quot;&quot;,&quot;focal_length&quot;:&quot;0&quot;,&quot;iso&quot;:&quot;0&quot;,&quot;shutter_speed&quot;:&quot;0&quot;,&quot;title&quot;:&quot;&quot;,&quot;orientation&quot;:&quot;0&quot;}\" data-image-title=\"Rhodes-Marmaris, Turkey\" data-image-description=\"&lt;p&gt;Rhodes-Marmaris, Turkey&lt;\/p&gt;\n\" data-image-caption=\"&lt;p&gt;Rhodes-Marmaris, Turkey&lt;\/p&gt;\n\" data-large-file=\"https:\/\/i0.wp.com\/moschatostravel.com\/de\/wp-content\/uploads\/2016\/02\/Marmaris-3.jpg?fit=547%2C365&amp;ssl=1\" class=\"size-full wp-image-279 alignright\" src=\"https:\/\/i0.wp.com\/moschatostravel.com\/de\/wp-content\/uploads\/2016\/02\/Marmaris-3.jpg?resize=547%2C365&#038;ssl=1\" alt=\"\" width=\"547\" height=\"365\" srcset=\"https:\/\/i0.wp.com\/moschatostravel.com\/de\/wp-content\/uploads\/2016\/02\/Marmaris-3.jpg?w=547&amp;ssl=1 547w, https:\/\/i0.wp.com\/moschatostravel.com\/de\/wp-content\/uploads\/2016\/02\/Marmaris-3.jpg?resize=300%2C200&amp;ssl=1 300w, https:\/\/i0.wp.com\/moschatostravel.com\/de\/wp-content\/uploads\/2016\/02\/Marmaris-3.jpg?resize=24%2C16&amp;ssl=1 24w, https:\/\/i0.wp.com\/moschatostravel.com\/de\/wp-content\/uploads\/2016\/02\/Marmaris-3.jpg?resize=36%2C24&amp;ssl=1 36w, https:\/\/i0.wp.com\/moschatostravel.com\/de\/wp-content\/uploads\/2016\/02\/Marmaris-3.jpg?resize=48%2C32&amp;ssl=1 48w, https:\/\/i0.wp.com\/moschatostravel.com\/de\/wp-content\/uploads\/2016\/02\/Marmaris-3.jpg?resize=272%2C182&amp;ssl=1 272w\" sizes=\"auto, (max-width: 547px) 100vw, 547px\" \/>Die t\u00fcrkische K\u00fcste ist nur ein paar Kilometer von Rhodos &#8211; Stadt entfernt. Sie erblicken Sie von der Westk\u00fcste aus. Die Fahrt nach Marmaris, in der T\u00fcrkei, dauert nur ca. eine Stunde, aber Sie werden sich pl\u00f6tzlich in eine komplett andere Welt versetzt f\u00fchlen: die zahlreichen Moscheen, die exotischen Gesch\u00e4fte im Bazar und die wundersch\u00f6nen Boote, die in der Marina verankert stehen, sind Zeichen des Orients.<\/p>\n<p>Die Stadt Marmaris liegt in einer herrlichen, fjordartigen Bucht und ist von gr\u00fcnen Bergen umgeben. Bewundern Sie vom mittelalterlichen Kastell aus den Blick auf den Hafen und den alten Teil der Stadt mit seinen engen Gassen und den malerischen H\u00e4usern. Genie\u00dfen Sie einen Einkaufsbummel im \u00fcberdeckten Bazar und lernen Sie alle Tricks des Handelns. Ein Tag in einem anderen Land, auf einem anderen Kontinent, in einer anderen Welt\u2026<\/p>\n<p>Abfahrt 07:00 Uhr &#8211; R\u00fcckfahrt 18:00 Uhr<\/p>\n","protected":false},"excerpt":{"rendered":"<p>Insel Symi und Kloster Panormitis Die kleine Insel Symi liegt n\u00f6rdlich von Rhodos und ist die malerischste Insel der Dodekanes &#8211; Gruppe. Nach einer zweist\u00fcndigen Fahrt entlang der t\u00fcrkischen K\u00fcste wird Ihre Ankunft in Symi f\u00fcr Sie ein wahres Erlebnis sein: Sie werden eine Insel entdecken, die sich unter dem Schutz der Unesco befindet und<br \/><a class=\"moretag\" href=\"https:\/\/moschatostravel.com\/de\/schiffsfahrten\/\">+ Read More<\/a><\/p>\n","protected":false},"author":1,"featured_media":0,"parent":0,"menu_order":0,"comment_status":"closed","ping_status":"closed","template":"","meta":{"jetpack_post_was_ever_published":false,"footnotes":""},"class_list":["post-158","page","type-page","status-publish","hentry"],"jetpack_sharing_enabled":true,"jetpack_shortlink":"https:\/\/wp.me\/P7gp5I-2y","jetpack-related-posts":[],"_links":{"self":[{"href":"https:\/\/moschatostravel.com\/de\/wp-json\/wp\/v2\/pages\/158","targetHints":{"allow":["GET"]}}],"collection":[{"href":"https:\/\/moschatostravel.com\/de\/wp-json\/wp\/v2\/pages"}],"about":[{"href":"https:\/\/moschatostravel.com\/de\/wp-json\/wp\/v2\/types\/page"}],"author":[{"embeddable":true,"href":"https:\/\/moschatostravel.com\/de\/wp-json\/wp\/v2\/users\/1"}],"replies":[{"embeddable":true,"href":"https:\/\/moschatostravel.com\/de\/wp-json\/wp\/v2\/comments?post=158"}],"version-history":[{"count":29,"href":"https:\/\/moschatostravel.com\/de\/wp-json\/wp\/v2\/pages\/158\/revisions"}],"predecessor-version":[{"id":625,"href":"https:\/\/moschatostravel.com\/de\/wp-json\/wp\/v2\/pages\/158\/revisions\/625"}],"wp:attachment":[{"href":"https:\/\/moschatostravel.com\/de\/wp-json\/wp\/v2\/media?parent=158"}],"curies":[{"name":"wp","href":"https:\/\/api.w.org\/{rel}","templated":true}]}}