{"id":153,"date":"2016-02-08T13:19:14","date_gmt":"2016-02-08T11:19:14","guid":{"rendered":"http:\/\/moschatostravel.com\/?page_id=153"},"modified":"2016-04-07T13:19:02","modified_gmt":"2016-04-07T11:19:02","slug":"landausfluege","status":"publish","type":"page","link":"https:\/\/moschatostravel.com\/de\/landausfluege\/","title":{"rendered":"Landausfluege"},"content":{"rendered":"<p><a name=\"stadtrundfahrt\"><\/a><strong>STADTRUNDFAHRT<\/strong><\/p>\n<p style=\"text-align: justify;\"><img data-recalc-dims=\"1\" loading=\"lazy\" decoding=\"async\" data-attachment-id=\"183\" data-permalink=\"https:\/\/moschatostravel.com\/de\/landausfluege\/panoramic-city-tour-2\/\" data-orig-file=\"https:\/\/i0.wp.com\/moschatostravel.com\/de\/wp-content\/uploads\/2016\/02\/Panoramic-City-Tour-2.jpg?fit=800%2C531&amp;ssl=1\" data-orig-size=\"800,531\" data-comments-opened=\"0\" data-image-meta=\"{&quot;aperture&quot;:&quot;0&quot;,&quot;credit&quot;:&quot;&quot;,&quot;camera&quot;:&quot;&quot;,&quot;caption&quot;:&quot;&quot;,&quot;created_timestamp&quot;:&quot;0&quot;,&quot;copyright&quot;:&quot;&quot;,&quot;focal_length&quot;:&quot;0&quot;,&quot;iso&quot;:&quot;0&quot;,&quot;shutter_speed&quot;:&quot;0&quot;,&quot;title&quot;:&quot;&quot;,&quot;orientation&quot;:&quot;0&quot;}\" data-image-title=\"Rhodes Town, Rhodes Island, Greece\" data-image-description=\"&lt;p&gt;Rhodes Town, Rhodes Island, Greece&lt;\/p&gt;\n\" data-image-caption=\"\" data-large-file=\"https:\/\/i0.wp.com\/moschatostravel.com\/de\/wp-content\/uploads\/2016\/02\/Panoramic-City-Tour-2.jpg?fit=800%2C531&amp;ssl=1\" class=\"alignright wp-image-183\" src=\"https:\/\/i0.wp.com\/moschatostravel.com\/de\/wp-content\/uploads\/2016\/02\/Panoramic-City-Tour-2.jpg?resize=550%2C365&#038;ssl=1\" alt=\"\" width=\"550\" height=\"365\" srcset=\"https:\/\/i0.wp.com\/moschatostravel.com\/de\/wp-content\/uploads\/2016\/02\/Panoramic-City-Tour-2.jpg?w=800&amp;ssl=1 800w, https:\/\/i0.wp.com\/moschatostravel.com\/de\/wp-content\/uploads\/2016\/02\/Panoramic-City-Tour-2.jpg?resize=300%2C199&amp;ssl=1 300w, https:\/\/i0.wp.com\/moschatostravel.com\/de\/wp-content\/uploads\/2016\/02\/Panoramic-City-Tour-2.jpg?resize=768%2C510&amp;ssl=1 768w, https:\/\/i0.wp.com\/moschatostravel.com\/de\/wp-content\/uploads\/2016\/02\/Panoramic-City-Tour-2.jpg?resize=24%2C16&amp;ssl=1 24w, https:\/\/i0.wp.com\/moschatostravel.com\/de\/wp-content\/uploads\/2016\/02\/Panoramic-City-Tour-2.jpg?resize=36%2C24&amp;ssl=1 36w, https:\/\/i0.wp.com\/moschatostravel.com\/de\/wp-content\/uploads\/2016\/02\/Panoramic-City-Tour-2.jpg?resize=48%2C32&amp;ssl=1 48w, https:\/\/i0.wp.com\/moschatostravel.com\/de\/wp-content\/uploads\/2016\/02\/Panoramic-City-Tour-2.jpg?resize=272%2C182&amp;ssl=1 272w\" sizes=\"auto, (max-width: 550px) 100vw, 550px\" \/>Genie\u00dfen Sie eine entspannende Panorama Busfahrt durch das moderne Rhodos und entdecken Sie den phantastischen Blick vom h\u00f6chsten Punkt der Stadt, dem Monte Smith. Sie werden einen Gro\u00dfteil der Westk\u00fcste und der Stadt unter Ihnen und die t\u00fcrkische K\u00fcste gegen\u00fcber liegen sehen. Auf dem Monte Smith befindet sich auch die Akropolis der antiken Stadt Rhodos mit dem Apollo Tempel, dem Stadion und dem antiken Theater. Erfreuen Sie sich an einem Spaziergang durch die \u00dcberreste der antiken Zivilisation!<\/p>\n<p style=\"text-align: justify;\">Die Tour geht weiter entlang der Mauern der Altstadt und Sie werden die Gelegenheit haben, unvergessliche Blicke auf den Hafen, die Festungen und die Mischung von Kirchen und Moscheen zu werfen. W\u00e4hrend Sie in den gepflasterten Gassen der Altstadt schlendern, werden Sie pl\u00f6tzlich in mittelalterliche Zeiten zur\u00fcckversetzt werden. Der sch\u00f6nste Teil der Altstadt besteht aus dem Gro\u00dfmeisterpalast, den Herbergen der Ritter von sieben verschiedenen Nationalit\u00e4ten in der ber\u00fchmten Ritterstra\u00dfe, das Krankenhaus der Kreuzritter und das Arch\u00e4ologische Museum mit seiner reichen Sammlung an antiken Funden, die haupts\u00e4chlich aus Kamiros stammen.<\/p>\n<p style=\"text-align: justify;\">All diese Bauten sind au\u00dfergew\u00f6hnlich gut erhalten und wurden von den Kreuzrittern des Johanniter Ordens von Jerusalem im 12. Jahrhundert errichtet. Diese au\u00dferordentlich beeindruckenden Beispiele mittelalterlicher Architektur werden Ihnen das Gef\u00fchl geben, dass Sie jeder Zeit mit einem Ritter auf seinem Pferd zusammensto\u00dfen k\u00fcnnten\u2026Sie werden von Rhodos &#8211; Stadt begeistert sein!<br \/>\nHalbtags:<br \/>\nAbfahrt 09.00 Uhr &#8211; R\u00fcckfahrt 13.00 Uhr<br \/>\noder Abfahrt 14.00 Uhr &#8211; R\u00fcckfahrt 18.00 Uhr<\/p>\n<hr \/>\n<p><a name=\"lindos\"><\/a><\/p>\n<p style=\"text-align: justify;\"><strong><img data-recalc-dims=\"1\" loading=\"lazy\" decoding=\"async\" data-attachment-id=\"269\" data-permalink=\"https:\/\/moschatostravel.com\/de\/landausfluege\/lindos\/\" data-orig-file=\"https:\/\/i0.wp.com\/moschatostravel.com\/de\/wp-content\/uploads\/2016\/02\/Lindos.jpg?fit=550%2C355&amp;ssl=1\" data-orig-size=\"550,355\" data-comments-opened=\"0\" data-image-meta=\"{&quot;aperture&quot;:&quot;0&quot;,&quot;credit&quot;:&quot;&quot;,&quot;camera&quot;:&quot;&quot;,&quot;caption&quot;:&quot;&quot;,&quot;created_timestamp&quot;:&quot;0&quot;,&quot;copyright&quot;:&quot;&quot;,&quot;focal_length&quot;:&quot;0&quot;,&quot;iso&quot;:&quot;0&quot;,&quot;shutter_speed&quot;:&quot;0&quot;,&quot;title&quot;:&quot;&quot;,&quot;orientation&quot;:&quot;0&quot;}\" data-image-title=\"Lindos, Rhodes Island, Greece\" data-image-description=\"&lt;p&gt;Lindos, Rhodes Island, Greece&lt;\/p&gt;\n\" data-image-caption=\"&lt;p&gt;Lindos, Rhodes Island, Greece&lt;\/p&gt;\n\" data-large-file=\"https:\/\/i0.wp.com\/moschatostravel.com\/de\/wp-content\/uploads\/2016\/02\/Lindos.jpg?fit=550%2C355&amp;ssl=1\" class=\"alignright size-full wp-image-269\" src=\"https:\/\/i0.wp.com\/moschatostravel.com\/de\/wp-content\/uploads\/2016\/02\/Lindos.jpg?resize=550%2C355&#038;ssl=1\" alt=\"\" width=\"550\" height=\"355\" srcset=\"https:\/\/i0.wp.com\/moschatostravel.com\/de\/wp-content\/uploads\/2016\/02\/Lindos.jpg?w=550&amp;ssl=1 550w, https:\/\/i0.wp.com\/moschatostravel.com\/de\/wp-content\/uploads\/2016\/02\/Lindos.jpg?resize=300%2C194&amp;ssl=1 300w, https:\/\/i0.wp.com\/moschatostravel.com\/de\/wp-content\/uploads\/2016\/02\/Lindos.jpg?resize=24%2C15&amp;ssl=1 24w, https:\/\/i0.wp.com\/moschatostravel.com\/de\/wp-content\/uploads\/2016\/02\/Lindos.jpg?resize=36%2C23&amp;ssl=1 36w, https:\/\/i0.wp.com\/moschatostravel.com\/de\/wp-content\/uploads\/2016\/02\/Lindos.jpg?resize=48%2C31&amp;ssl=1 48w\" sizes=\"auto, (max-width: 550px) 100vw, 550px\" \/>LINDOS<\/strong><\/p>\n<p><a name=\"lindos\"><\/a><\/p>\n<p>&nbsp;<\/p>\n<p><a name=\"lindos\"><\/a><\/p>\n<p style=\"text-align: justify;\">Nachdem Sie an der Ostk\u00fcste die D\u00f6rfer Afandou, Archangelos, Malona und Massari hinter sich gelassen haben, kommen Sie schlie\u00dflich in Lindos an, dem malerischsten, wei\u00dfen, griechischen Dorf, das Sie sich \u00fcberhaupt vorstellen k\u00f6nnen. Alle H\u00e4user sind im gleichen Stil gebaut und werden \u00a0von einem Felsen, auf dem die Akropolis steht, \u00fcberragt. Sie erreichen diese Akropolis, in dem Sie die zahlreichen Stufen erklimmen oder per Esel hoch reiten.<br \/>\nOben entdecken Sie die \u00dcberreste des Tempels der Athena Lindia. Die Aussicht auf den kleinen Sankt &#8211; Pauls Hafen und das in der Sonne glitzernde, wei\u00dfe Dorf ist einmalig. Werfen Sie auf Ihrem Weg nach unten einen Blick in die Kirche aus dem 13. Jahrhundert und genie\u00dfen Sie einen Bummel durch die engen, schattigen Gassen. Der Sandstrand unterhalb des Dorfes l\u00e4dt Sie zum Schwimmen ein.Auf dem R\u00fcckweg von Lindos haben Sie die Gelegenheit w\u00e4hrend des Besuchs einer T\u00f6pferei, geschmackvolle traditionelle Souvenirs einzukaufen.<\/p>\n<p style=\"text-align: justify;\">Halbtags: Abfahrt 09.00 Uhr &#8211; R\u00fcckfahrt 13.00 Uhr<br \/>\noder Abfahrt 14.00 Uhr &#8211; R\u00fcckfahrt 18.30 Uhr<\/p>\n<p style=\"text-align: justify;\">Ganztags: Abfahrt 09:00 Uhr &#8211; R\u00fcckfahrt 17:00 Uhr<\/p>\n<hr \/>\n<p><a name=\"filerimos\"><\/a><\/p>\n<p style=\"text-align: justify;\"><strong><img data-recalc-dims=\"1\" loading=\"lazy\" decoding=\"async\" data-attachment-id=\"268\" data-permalink=\"https:\/\/moschatostravel.com\/de\/landausfluege\/valley-of-the-butterflies-2\/\" data-orig-file=\"https:\/\/i0.wp.com\/moschatostravel.com\/de\/wp-content\/uploads\/2016\/02\/Valley-of-the-Butterflies-2.jpg?fit=550%2C365&amp;ssl=1\" data-orig-size=\"550,365\" data-comments-opened=\"0\" data-image-meta=\"{&quot;aperture&quot;:&quot;0&quot;,&quot;credit&quot;:&quot;&quot;,&quot;camera&quot;:&quot;&quot;,&quot;caption&quot;:&quot;&quot;,&quot;created_timestamp&quot;:&quot;0&quot;,&quot;copyright&quot;:&quot;&quot;,&quot;focal_length&quot;:&quot;0&quot;,&quot;iso&quot;:&quot;0&quot;,&quot;shutter_speed&quot;:&quot;0&quot;,&quot;title&quot;:&quot;&quot;,&quot;orientation&quot;:&quot;0&quot;}\" data-image-title=\"Butterfly Valley, Rhodes, Greece\" data-image-description=\"&lt;p&gt;Valley of the Butterflies, Rhodes, Greece&lt;\/p&gt;\n\" data-image-caption=\"&lt;p&gt;Valley of the Butterflies, Rhodes, Greece&lt;\/p&gt;\n\" data-large-file=\"https:\/\/i0.wp.com\/moschatostravel.com\/de\/wp-content\/uploads\/2016\/02\/Valley-of-the-Butterflies-2.jpg?fit=550%2C365&amp;ssl=1\" class=\"alignright size-full wp-image-268\" src=\"https:\/\/i0.wp.com\/moschatostravel.com\/de\/wp-content\/uploads\/2016\/02\/Valley-of-the-Butterflies-2.jpg?resize=550%2C365&#038;ssl=1\" alt=\"Valley of the Butterflies (2)\" width=\"550\" height=\"365\" srcset=\"https:\/\/i0.wp.com\/moschatostravel.com\/de\/wp-content\/uploads\/2016\/02\/Valley-of-the-Butterflies-2.jpg?w=550&amp;ssl=1 550w, https:\/\/i0.wp.com\/moschatostravel.com\/de\/wp-content\/uploads\/2016\/02\/Valley-of-the-Butterflies-2.jpg?resize=300%2C199&amp;ssl=1 300w, https:\/\/i0.wp.com\/moschatostravel.com\/de\/wp-content\/uploads\/2016\/02\/Valley-of-the-Butterflies-2.jpg?resize=24%2C16&amp;ssl=1 24w, https:\/\/i0.wp.com\/moschatostravel.com\/de\/wp-content\/uploads\/2016\/02\/Valley-of-the-Butterflies-2.jpg?resize=36%2C24&amp;ssl=1 36w, https:\/\/i0.wp.com\/moschatostravel.com\/de\/wp-content\/uploads\/2016\/02\/Valley-of-the-Butterflies-2.jpg?resize=48%2C32&amp;ssl=1 48w, https:\/\/i0.wp.com\/moschatostravel.com\/de\/wp-content\/uploads\/2016\/02\/Valley-of-the-Butterflies-2.jpg?resize=272%2C182&amp;ssl=1 272w\" sizes=\"auto, (max-width: 550px) 100vw, 550px\" \/>FILERIMOS, KAMIROS, SCHMETTERLINGSTAL<\/strong><\/p>\n<p><a name=\"filerimos\"><\/a><\/p>\n<p>&nbsp;<\/p>\n<p><a name=\"filerimos\"><\/a><\/p>\n<p style=\"text-align: justify;\">Die Fahrt entlang der Westk\u00fcste und durch das Dorf Trianta f\u00e4hrt Sie zum Filerimos Berg, wo Sie die \u00dcberreste des Athena und Zeus Tempels entdecken. Die byzantinische Kirche, die von den Kreuzrittern wiederaufgebaut wurde und Fresken aus dem 14. Jahrhundert besitzt, ist ein richtiges Juwel. Genie\u00dfen Sie einen Spaziergang im Schatten der hohen B\u00e4ume und folgen Sie dem &#8220;Kreuzweg&#8221; bis zum gro\u00dfen wei\u00dfen Kreuz, von dem aus Sie einen zauberhaften Panoramablick auf die Trianta &#8211; Ebene und den internationalen Flughafen haben.<\/p>\n<p style=\"text-align: justify;\">Das Schmetterlingstal ist nicht weniger interessant: das sch\u00f6ne, bewaldete Tal ist von B\u00e4chen durchflossen und rustikalen Br\u00fccken \u00fcberquert. Von Mitte Juni bis Mitte September wird es von Tausenden von Schmetterlingen bewohnt.<\/p>\n<p style=\"text-align: justify;\">Die antike Stadt Kamiros ist eine der bedeutsamsten arch\u00e4ologischen Sehensw\u00fcrdigkeiten in Griechenland. Heutzutage ist noch ein gro\u00dfer Teil der Bauten und Monumente der hellenistischen Periode zu sehen und es empfiehlt sich, einen Spaziergang durch die engen Stra\u00dfen der Siedlung zu machen.<\/p>\n<p style=\"text-align: justify;\">Halbtags: Abfahrt 09.00 Uhr &#8211; R\u00fcckfahrt 13.00 Uhr<br \/>\noder Abfahrt 14.00 Uhr &#8211; R\u00fcckfahrt 18.30 Uhr<\/p>\n<p style=\"text-align: justify;\">Ganztags: Abfahrt 09.00 Uhr &#8211; R\u00fcckfahrt 17.00 Uhr<\/p>\n<hr \/>\n<p><a name=\"inselrundfahrt\"><\/a><\/p>\n<p style=\"text-align: justify;\"><strong><img data-recalc-dims=\"1\" loading=\"lazy\" decoding=\"async\" data-attachment-id=\"242\" data-permalink=\"https:\/\/moschatostravel.com\/de\/landausfluege\/panoramic-city-tour-6\/\" data-orig-file=\"https:\/\/i0.wp.com\/moschatostravel.com\/de\/wp-content\/uploads\/2016\/02\/Panoramic-City-Tour-6.jpg?fit=548%2C365&amp;ssl=1\" data-orig-size=\"548,365\" data-comments-opened=\"0\" data-image-meta=\"{&quot;aperture&quot;:&quot;0&quot;,&quot;credit&quot;:&quot;&quot;,&quot;camera&quot;:&quot;&quot;,&quot;caption&quot;:&quot;&quot;,&quot;created_timestamp&quot;:&quot;0&quot;,&quot;copyright&quot;:&quot;&quot;,&quot;focal_length&quot;:&quot;0&quot;,&quot;iso&quot;:&quot;0&quot;,&quot;shutter_speed&quot;:&quot;0&quot;,&quot;title&quot;:&quot;&quot;,&quot;orientation&quot;:&quot;0&quot;}\" data-image-title=\"Rhodes Town, Rhodes Island, Greece\" data-image-description=\"&lt;p&gt;Rhodes Town, Rhodes Island, Greece&lt;\/p&gt;\n\" data-image-caption=\"&lt;p&gt;Rhodes Town, Rhodes Island, Greece&lt;\/p&gt;\n\" data-large-file=\"https:\/\/i0.wp.com\/moschatostravel.com\/de\/wp-content\/uploads\/2016\/02\/Panoramic-City-Tour-6.jpg?fit=548%2C365&amp;ssl=1\" class=\"alignright size-full wp-image-242\" src=\"https:\/\/i0.wp.com\/moschatostravel.com\/de\/wp-content\/uploads\/2016\/02\/Panoramic-City-Tour-6.jpg?resize=548%2C365&#038;ssl=1\" alt=\"Panoramic City Tour (6)\" width=\"548\" height=\"365\" srcset=\"https:\/\/i0.wp.com\/moschatostravel.com\/de\/wp-content\/uploads\/2016\/02\/Panoramic-City-Tour-6.jpg?w=548&amp;ssl=1 548w, https:\/\/i0.wp.com\/moschatostravel.com\/de\/wp-content\/uploads\/2016\/02\/Panoramic-City-Tour-6.jpg?resize=300%2C200&amp;ssl=1 300w, https:\/\/i0.wp.com\/moschatostravel.com\/de\/wp-content\/uploads\/2016\/02\/Panoramic-City-Tour-6.jpg?resize=24%2C16&amp;ssl=1 24w, https:\/\/i0.wp.com\/moschatostravel.com\/de\/wp-content\/uploads\/2016\/02\/Panoramic-City-Tour-6.jpg?resize=36%2C24&amp;ssl=1 36w, https:\/\/i0.wp.com\/moschatostravel.com\/de\/wp-content\/uploads\/2016\/02\/Panoramic-City-Tour-6.jpg?resize=48%2C32&amp;ssl=1 48w, https:\/\/i0.wp.com\/moschatostravel.com\/de\/wp-content\/uploads\/2016\/02\/Panoramic-City-Tour-6.jpg?resize=272%2C182&amp;ssl=1 272w\" sizes=\"auto, (max-width: 548px) 100vw, 548px\" \/>INSELRUNDFAHRT<\/strong><\/p>\n<p><a name=\"inselrundfahrt\"><\/a><\/p>\n<p>&nbsp;<\/p>\n<p><a name=\"inselrundfahrt\"><\/a><\/p>\n<p style=\"text-align: justify;\">Die Tour beginnt mit einer Fahrt entlang der Ostk\u00fcste der Insel, durch die D\u00f6rfer Faliraki und Afandou.<br \/>\nEs lohnt sich, im Dorf Archangelos, dem zweitgr\u00f6 \u00dften der Ins el einen Halt zu machen und in den Gassen spazieren zu gehen, um die typischen, alten H\u00e4user zu bewundern.<\/p>\n<p style=\"text-align: justify;\">Selbstverst\u00e4ndlich sollten Sie auch die Orangen- und Zitronenhaine der D\u00f6rfer Malona und Massari nicht vers\u00e4umen! Weiter unten im S\u00fcden, in Genadi, startet die Stra\u00dfe, die die Insel \u00fcberquert und Sie zur Burg von Monolithos an der Westk\u00fcste bringt. Sie wurde von den Kreuzrittern errichtet. Der Blick auf die gegen\u00fcber liegenden Inseln ist etwas ganz Besonderes!<\/p>\n<p style=\"text-align: justify;\">Genie\u00dfen Sie ein griechisches Mittagessen im Dorf Embona, am Fu\u00dfe des h\u00f6chsten Berges der Insel, des Ataviros, und kosten Sie im \u00f6rtlichen Weinkeller ein paar Weine, die in der Gegend produziert werden.<\/p>\n<p style=\"text-align: justify;\">Auf dem R\u00fcckweg folgen Sie der K\u00fcstenstra\u00dfe an der Westseite der Insel. Diese Tour ist ideal, um Land und Leute kennen zu lernen. Die abwechslungsreiche Landschaft und die ruhigen kleinen D\u00f6rfer werden Ihnen unvergessliche Eind\u00fccke hinterlassen.<\/p>\n<p style=\"text-align: justify;\">Ganztags: Abfahrt 09:00 Uhr &#8211; R\u00fcckfahrt 17:00 Uhr<\/p>\n<hr \/>\n<p><a name=\"dorrfest\"><\/a><\/p>\n<p style=\"text-align: justify;\"><strong><img data-recalc-dims=\"1\" loading=\"lazy\" decoding=\"async\" data-attachment-id=\"270\" data-permalink=\"https:\/\/moschatostravel.com\/de\/landausfluege\/dance\/\" data-orig-file=\"https:\/\/i0.wp.com\/moschatostravel.com\/de\/wp-content\/uploads\/2016\/02\/Dance.jpg?fit=550%2C365&amp;ssl=1\" data-orig-size=\"550,365\" data-comments-opened=\"0\" data-image-meta=\"{&quot;aperture&quot;:&quot;0&quot;,&quot;credit&quot;:&quot;&quot;,&quot;camera&quot;:&quot;&quot;,&quot;caption&quot;:&quot;&quot;,&quot;created_timestamp&quot;:&quot;0&quot;,&quot;copyright&quot;:&quot;&quot;,&quot;focal_length&quot;:&quot;0&quot;,&quot;iso&quot;:&quot;0&quot;,&quot;shutter_speed&quot;:&quot;0&quot;,&quot;title&quot;:&quot;&quot;,&quot;orientation&quot;:&quot;0&quot;}\" data-image-title=\"Greek Dancers, Rhodes Island, Greece\" data-image-description=\"&lt;p&gt;Greek Dancers, Rhodes Island, Greece&lt;\/p&gt;\n\" data-image-caption=\"&lt;p&gt;Greek Dancers, Rhodes Island, Greece&lt;\/p&gt;\n\" data-large-file=\"https:\/\/i0.wp.com\/moschatostravel.com\/de\/wp-content\/uploads\/2016\/02\/Dance.jpg?fit=550%2C365&amp;ssl=1\" class=\"alignright size-full wp-image-270\" src=\"https:\/\/i0.wp.com\/moschatostravel.com\/de\/wp-content\/uploads\/2016\/02\/Dance.jpg?resize=550%2C365&#038;ssl=1\" alt=\"\" width=\"550\" height=\"365\" srcset=\"https:\/\/i0.wp.com\/moschatostravel.com\/de\/wp-content\/uploads\/2016\/02\/Dance.jpg?w=550&amp;ssl=1 550w, https:\/\/i0.wp.com\/moschatostravel.com\/de\/wp-content\/uploads\/2016\/02\/Dance.jpg?resize=300%2C199&amp;ssl=1 300w, https:\/\/i0.wp.com\/moschatostravel.com\/de\/wp-content\/uploads\/2016\/02\/Dance.jpg?resize=24%2C16&amp;ssl=1 24w, https:\/\/i0.wp.com\/moschatostravel.com\/de\/wp-content\/uploads\/2016\/02\/Dance.jpg?resize=36%2C24&amp;ssl=1 36w, https:\/\/i0.wp.com\/moschatostravel.com\/de\/wp-content\/uploads\/2016\/02\/Dance.jpg?resize=48%2C32&amp;ssl=1 48w, https:\/\/i0.wp.com\/moschatostravel.com\/de\/wp-content\/uploads\/2016\/02\/Dance.jpg?resize=272%2C182&amp;ssl=1 272w\" sizes=\"auto, (max-width: 550px) 100vw, 550px\" \/>DORRFFEST<\/strong><\/p>\n<p><a name=\"dorrfest\"><\/a><\/p>\n<p>&nbsp;<\/p>\n<p><a name=\"dorrfest\"><\/a><\/p>\n<p style=\"text-align: justify;\">Machen Sie eine Fahrt mit zum Dorf Pastida oder Afandou, wo Sie Zeit haben werden, ein paar alte H\u00e4user und die Dorfkirche zu besichtigen.<\/p>\n<p style=\"text-align: justify;\">Griechische Spezialit\u00e4ten und eine unbegrenzte Menge von lokalem Wein (wei\u00df und rot) werden Ihnen in der gro\u00dfen Dorftaverne serviert.<\/p>\n<p style=\"text-align: justify;\">Bewundern Sie w\u00e4hrend des Abendessens die Tanzgruppe, die noch die traditionelle griechische Tracht tr\u00e4gt und Ihnen mehrere Folkloret\u00e4nze Griechenlands vorf\u00fchrt. Nat\u00fcrlich wird Ihnen auch der Sirtaki-Tanz beigebracht. Z\u00f6gern Sie nicht, Ihre Tanzk\u00fcnste zu zeigen und machen Sie mit! Dieser Abend ist eine gute Gelegenheit, die Schritte des Sirtaki Tanzes zu \u00fcben, denn sie sind nicht so einfach wie sie scheinen. Verpassen Sie diesen traditionellen, griechischen Abend nicht! Sie werden viel Spa\u00df haben!<\/p>\n<p style=\"text-align: justify;\">Abfahrt 18:00 Uhr &#8211; R\u00fcckfahrt 22:30 Uhr<\/p>\n","protected":false},"excerpt":{"rendered":"<p>STADTRUNDFAHRT Genie\u00dfen Sie eine entspannende Panorama Busfahrt durch das moderne Rhodos und entdecken Sie den phantastischen Blick vom h\u00f6chsten Punkt der Stadt, dem Monte Smith. Sie werden einen Gro\u00dfteil der Westk\u00fcste und der Stadt unter Ihnen und die t\u00fcrkische K\u00fcste gegen\u00fcber liegen sehen. Auf dem Monte Smith befindet sich auch die Akropolis der antiken Stadt<br \/><a class=\"moretag\" href=\"https:\/\/moschatostravel.com\/de\/landausfluege\/\">+ Read More<\/a><\/p>\n","protected":false},"author":1,"featured_media":0,"parent":0,"menu_order":0,"comment_status":"closed","ping_status":"closed","template":"","meta":{"jetpack_post_was_ever_published":false,"footnotes":""},"class_list":["post-153","page","type-page","status-publish","hentry"],"jetpack_sharing_enabled":true,"jetpack_shortlink":"https:\/\/wp.me\/P7gp5I-2t","jetpack-related-posts":[],"_links":{"self":[{"href":"https:\/\/moschatostravel.com\/de\/wp-json\/wp\/v2\/pages\/153","targetHints":{"allow":["GET"]}}],"collection":[{"href":"https:\/\/moschatostravel.com\/de\/wp-json\/wp\/v2\/pages"}],"about":[{"href":"https:\/\/moschatostravel.com\/de\/wp-json\/wp\/v2\/types\/page"}],"author":[{"embeddable":true,"href":"https:\/\/moschatostravel.com\/de\/wp-json\/wp\/v2\/users\/1"}],"replies":[{"embeddable":true,"href":"https:\/\/moschatostravel.com\/de\/wp-json\/wp\/v2\/comments?post=153"}],"version-history":[{"count":36,"href":"https:\/\/moschatostravel.com\/de\/wp-json\/wp\/v2\/pages\/153\/revisions"}],"predecessor-version":[{"id":591,"href":"https:\/\/moschatostravel.com\/de\/wp-json\/wp\/v2\/pages\/153\/revisions\/591"}],"wp:attachment":[{"href":"https:\/\/moschatostravel.com\/de\/wp-json\/wp\/v2\/media?parent=153"}],"curies":[{"name":"wp","href":"https:\/\/api.w.org\/{rel}","templated":true}]}}